{"id":60138,"date":"2024-10-23T19:36:04","date_gmt":"2024-10-23T19:36:04","guid":{"rendered":"https:\/\/brandss.com.py\/index\/?post_type=product&#038;p=60138"},"modified":"2025-06-03T10:33:14","modified_gmt":"2025-06-03T10:33:14","slug":"calzado-deportivo-masculino-on-running-cloud-x-2","status":"publish","type":"product","link":"https:\/\/brandss.com.py\/index\/producto\/calzado-deportivo-masculino-on-running-cloud-x-2\/","title":{"rendered":"CALZADO DEPORTIVO MASCULINO ON-RUNNING CLOUD X"},"content":{"rendered":"<p><img loading=\"lazy\" decoding=\"async\" class=\"\" src=\"https:\/\/upload.wikimedia.org\/wikipedia\/commons\/thumb\/9\/92\/On-cloud-logo-white-background.svg\/1200px-On-cloud-logo-white-background.svg.png\" alt=\"Archivo:On-cloud-logo-white-background.svg - Wikipedia, la enciclopedia  libre\" width=\"52\" height=\"68\" \/><\/p>\n<h1>CLOUD X<\/h1>\n<p><strong><span>\u00a1Explosiva<\/span>\u00a0con toda\u00a0<span><strong>l<\/strong>igereza<\/span><\/strong><span>\u00a0!<\/span><\/p>\n<p>&nbsp;<\/p>\n<p>Acabas de encontrar el compromiso perfecto entre\u00a0comodidad, dinamismo\u00a0y\u00a0rendimiento con los\u00a0calzados On Running Cloud X\u00a0para hombre. Aqu\u00ed tienes la versi\u00f3n reelaborada del cl\u00e1sico Cloud de On Running para variar tus entrenamientos\u00a0de carrera\u00a0como mejor te parezca.\u00a0Los corredores con\u00a0zancada universal\u00a0adoptan una\u00a0brazada ligera\u00a0cuando corren por\u00a0carreteras y caminos se\u00f1alizados. El Speedboard integrado en la entresuela\u00a0absorbe la energ\u00eda\u00a0en el momento del impacto para transferirla al antepi\u00e9 y darte\u00a0m\u00e1s impulso\u00a0en cada zancada. Ganas\u00a0dinamismo\u00a0y\u00a0velocidad\u00a0a lo largo de tu sesi\u00f3n\u00a0de carrera. Para optimizar tus zancadas, la suela exterior est\u00e1 hecha de espuma Zero-Gravity que\u00a0acent\u00faa la\u00a0amortiguaci\u00f3n CloudTec presente en toda la suela. Tambi\u00e9n aumentan la\u00a0estabilidad\u00a0de tu pie durante cada paso de la zancada. Reforzadas en las zonas de desgaste, las nubes proporcionan una mejor\u00a0resistencia a la abrasi\u00f3n. El\u00a0calzado On Running Cloud X\u00a0proporciona\u00a0una comodidad\u00a0sin precedentes gracias a la plantilla de doble densidad y su leng\u00fceta sin costuras. Las\u00a0almohadillas de apoyo\u00a0colocadas dentro del refuerzo a la altura del tal\u00f3n garantizan\u00a0un apoyo c\u00f3modo para el pie.\u00a0La parte superior de alto rendimiento est\u00e1 dise\u00f1ada con\u00a0malla ventilada\u00a0\u00a0para brindar\u00a0transpirabilidad<span> de calidad en cada momento de tu recorrido.<\/span><\/p>\n<div id=\"ModularLongDescription\" class=\"col-1 longDesc\">\n<div id=\"longDescription\" class=\"col-1 removeStyles\">\n<p>Bienvenidos a la gravedad cero: ingenier\u00eda para aquellos que tienen una misi\u00f3n. Las Cloud X son el resultado de lo que sucede cuando tomas la suela de las Cloud y la remezclas para los atletas que no se definen por ning\u00fan deporte en particular ni ning\u00fan tipo de entrenamiento en particular. Aterrizajes suaves. Despegues explosivos. Un tejido de punto en la parte superior y una talonera de velocidad para mantener el tal\u00f3n bloqueado. No te equivoques, esta es la zapatilla para correr con amortiguaci\u00f3n completa m\u00e1s liviana que el mundo, tu gimnasio y tus pies hayan visto jam\u00e1s. Todo lo que tienes que hacer es salir y mezclarlo.<\/p>\n<ul>\n<li>Los cordones el\u00e1sticos de alto rendimiento permiten ponerse el calzado r\u00e1pidamente.<\/li>\n<li>Los detalles reflectantes garantizan visibilidad nocturna.<\/li>\n<li>La malla dise\u00f1ada funcional y el calcet\u00edn de primera capa adaptable garantizan comodidad sin importar c\u00f3mo te ejercites.<\/li>\n<li>Un nuevo Speedboard transforma la energ\u00eda en movimiento hacia adelante.<\/li>\n<li>La espuma Zero-Gravity ofrece un rendimiento mejorado y al mismo tiempo le brinda una experiencia a\u00fan mejor de nuestro aterrizaje amortiguado exclusivo CloudTec\u00ae.<\/li>\n<li>Las almohadillas de abrasi\u00f3n avanzadas garantizan un agarre superior y longevidad.<\/li>\n<li>La plantilla de doble densidad, la leng\u00fceta sin costuras y el calcet\u00edn interior brindan una comodidad del pie de nivel superior.<\/li>\n<li>La delgada tapa del tal\u00f3n con almohadillas moldeadas con precisi\u00f3n garantiza que el tal\u00f3n est\u00e9 siempre firmemente en su lugar.<\/li>\n<\/ul>\n<h3><span class=\"m-accordion__header\"><span class=\"m-accordion__header__title\">Tecnolog\u00edas<\/span><\/span><\/h3>\n<div class=\"m-accordion__content js-readMore\">\n<div class=\"m-readMore__content js-readMore-container\">\n<div class=\"prdDtl__contentSection__content\">\n<dl>\n<dt><strong>Nubetec<\/strong><\/dt>\n<dd>Los elementos de la nube se comprimen horizontal y verticalmente seg\u00fan tu estilo de carrera. Los impactos est\u00e1n amortiguados para reducir la fatiga muscular. Las Nubes se relajan cuando el pie deja el suelo para un efecto de propulsi\u00f3n hacia adelante.<\/dd>\n<dt><strong>Tabla de velocidad<\/strong><\/dt>\n<dt><\/dt>\n<dd>Le permite transferir el impacto de la carrera a un impulso hacia adelante \u00f3ptimo.<\/dd>\n<dd><\/dd>\n<\/dl>\n<p><span><strong>Puntos clave de los<\/strong> <\/span><strong><span>calzados On Running Cloud X<\/span><\/strong><span>:<\/span><\/p>\n<ul>\n<li><strong><span>Varia tus entrenamientos en carreteras y caminos se\u00f1alizados.<\/span><\/strong><\/li>\n<li><strong><span>Zancada<\/span><\/strong><span>: universal.<\/span><\/li>\n<li><strong><span>Speddboard<\/span><\/strong><span>: impulso, reactividad, dinamismo.<\/span><\/li>\n<li><strong><span>Gravedad cero<\/span><\/strong><span>: absorbe los golpes.<\/span><\/li>\n<li><strong><span>CloudTec<\/span><\/strong><span>: amortiguaci\u00f3n y estabilidad.<\/span><\/li>\n<li><strong><span>Refuerzo en zonas\u00a0<\/span><\/strong><strong><span>de desgaste<\/span><\/strong><span>: resistencia a la abrasi\u00f3n.<\/span><\/li>\n<li><strong><span>Entresuela de doble densidad<\/span><\/strong><span>: comodidad.<\/span><\/li>\n<li><strong><span>lengua sin costura.<\/span><\/strong><\/li>\n<li><strong><span>Coj\u00edn de apoyo para el tal\u00f3n<\/span><\/strong><span>: soporte.<\/span><\/li>\n<li><strong><span>Parte superior de alto rendimiento<\/span><\/strong><span>: transpirabilidad.<\/span><\/li>\n<li><strong><span>Ca\u00edda<\/span><\/strong><span>: 6 mm.<\/span><\/li>\n<li><b>Modelo<\/b>: 20.99985.<\/li>\n<li><strong><span>Color<\/span><\/strong><span>: Forest\/Jungle.<\/span><\/li>\n<\/ul>\n<\/div>\n<\/div>\n<\/div>\n<\/div>\n<\/div>\n","protected":false},"excerpt":{"rendered":"<p>CLOUD X \u00a1Explosiva\u00a0con toda\u00a0ligereza\u00a0! &nbsp; Acabas de encontrar el compromiso perfecto entre\u00a0comodidad, dinamismo\u00a0y\u00a0rendimiento con los\u00a0calzados On Running Cloud X\u00a0para hombre.<\/p>\n","protected":false},"featured_media":60139,"comment_status":"open","ping_status":"closed","template":"","meta":{"nf_dc_page":""},"product_brand":[],"product_cat":[76],"product_tag":[],"class_list":{"0":"post-60138","1":"product","2":"type-product","3":"status-publish","4":"has-post-thumbnail","6":"product_cat-masculino","8":"first","9":"instock","10":"shipping-taxable","11":"purchasable","12":"product-type-simple"},"_links":{"self":[{"href":"https:\/\/brandss.com.py\/index\/wp-json\/wp\/v2\/product\/60138","targetHints":{"allow":["GET"]}}],"collection":[{"href":"https:\/\/brandss.com.py\/index\/wp-json\/wp\/v2\/product"}],"about":[{"href":"https:\/\/brandss.com.py\/index\/wp-json\/wp\/v2\/types\/product"}],"replies":[{"embeddable":true,"href":"https:\/\/brandss.com.py\/index\/wp-json\/wp\/v2\/comments?post=60138"}],"version-history":[{"count":1,"href":"https:\/\/brandss.com.py\/index\/wp-json\/wp\/v2\/product\/60138\/revisions"}],"predecessor-version":[{"id":60148,"href":"https:\/\/brandss.com.py\/index\/wp-json\/wp\/v2\/product\/60138\/revisions\/60148"}],"wp:featuredmedia":[{"embeddable":true,"href":"https:\/\/brandss.com.py\/index\/wp-json\/wp\/v2\/media\/60139"}],"wp:attachment":[{"href":"https:\/\/brandss.com.py\/index\/wp-json\/wp\/v2\/media?parent=60138"}],"wp:term":[{"taxonomy":"product_brand","embeddable":true,"href":"https:\/\/brandss.com.py\/index\/wp-json\/wp\/v2\/product_brand?post=60138"},{"taxonomy":"product_cat","embeddable":true,"href":"https:\/\/brandss.com.py\/index\/wp-json\/wp\/v2\/product_cat?post=60138"},{"taxonomy":"product_tag","embeddable":true,"href":"https:\/\/brandss.com.py\/index\/wp-json\/wp\/v2\/product_tag?post=60138"}],"curies":[{"name":"wp","href":"https:\/\/api.w.org\/{rel}","templated":true}]}}