{"id":60149,"date":"2024-10-24T11:54:46","date_gmt":"2024-10-24T11:54:46","guid":{"rendered":"https:\/\/brandss.com.py\/index\/?post_type=product&#038;p=60149"},"modified":"2025-11-04T17:53:17","modified_gmt":"2025-11-04T17:53:17","slug":"calzado-deportivo-masculino-on-running-cloud-beam","status":"publish","type":"product","link":"https:\/\/brandss.com.py\/index\/producto\/calzado-deportivo-masculino-on-running-cloud-beam\/","title":{"rendered":"CALZADO DEPORTIVO MASCULINO ON-RUNNING CLOUD BEAM"},"content":{"rendered":"<p><img loading=\"lazy\" decoding=\"async\" class=\"\" src=\"https:\/\/upload.wikimedia.org\/wikipedia\/commons\/9\/92\/On-cloud-logo-white-background.svg\" alt=\"Archivo:On-cloud-logo-white-background.svg - Wikipedia, la enciclopedia  libre\" width=\"58\" height=\"75\" \/><\/p>\n<h1>CLOUD BEAM<\/h1>\n<div class=\"col_b1\">\n<p><span>Cloud Beam ilumina nuevas posibilidades con rendimiento y comodidad durante todo el d\u00eda, todos los d\u00edas. Comience con la galardonada suela Cloud Tec, a\u00f1ada un sistema de cordones con bucles para un calce fluido y regulable y envu\u00e9lvala en una parte superior con relieve 3D completamente nueva. El Cloud Beam de On es el \u00faltimo de una larga lista de predecesores exitosos y bien elaborados.<\/span><\/p>\n<\/div>\n<div id=\"col_b2\">\n<div class=\"col_b2\">\n<h3 class=\"col_bt\"><span>Tecnolog\u00eda<\/span><\/h3>\n<p><strong>Sistema de cordones con bucle<\/strong><\/p>\n<p><span>El exclusivo sistema de cordones con bucles de Cloud Beam envuelve todo el antepi\u00e9 para un ajuste perfecto. Los cordones m\u00e1s gruesos brindan comodidad y un ajuste ce\u00f1ido que brinda sujeci\u00f3n. La espuma Zero-Gravity y CloudTec\u00ae en la suela exterior brindan aterrizajes suaves y amortiguados y protecci\u00f3n contra impactos. El Speedboard\u2122 incorporado mejora el retorno de energ\u00eda para que puedas explorar durante m\u00e1s tiempo.<\/span><\/p>\n<\/div>\n<div class=\"col_b2\">\n<h3 class=\"col_bt\"><span>Materiales<\/span><\/h3>\n<p><strong>Parte superior 3D ultraligera<\/strong><\/p>\n<p><span>La nueva parte superior ultraligera con relieve 3D brinda un aspecto texturizado y una sensaci\u00f3n t\u00e1ctil. La leng\u00fceta suave y extendida se adapta a los contornos del pie, lo que agrega a\u00fan m\u00e1s comodidad a la sensaci\u00f3n de pisada destacada.<\/span><\/p>\n<\/div>\n<div class=\"col_b2\">\n<h3 class=\"col_bt\"><span>Dise\u00f1o<\/span><\/h3>\n<p><strong>Iluminar nuevas posibilidades<\/strong><\/p>\n<p><span>Cada elemento de Cloud Beam est\u00e1 dise\u00f1ado para encontrar y sentir nuevas experiencias. Dise\u00f1ado para fomentar la creatividad a trav\u00e9s del movimiento, es l\u00f3gico que Cloud Beam represente la mayor desviaci\u00f3n (tanto en estilo como en materiales) de la ic\u00f3nica silueta Cloud hasta la fecha. As\u00ed que s\u00e9 audaz. S\u00e9 brillante. Beam.<\/span><\/p>\n<h3>Detalles:<\/h3>\n<p><strong>Marca:<\/strong> ON-RUNNING.<\/p>\n<p><strong>Modelo:<\/strong> 18.99883.<\/p>\n<p><strong>G\u00e9nero:<\/strong> Masculino.<\/p>\n<p><span class=\"col-label\"><strong>Ideal para:<\/strong> <\/span>Ropa de uso diario, exploraci\u00f3n urbana, viajes.<\/p>\n<p><strong>Disciplina:<\/strong> Running.<\/p>\n<p><strong><span class=\"col-label\">Ca\u00edda del tal\u00f3n a la punta: <\/span><\/strong>6 mm.<\/p>\n<p><strong>Color:<\/strong> Pecan\/ Ash.<\/p>\n<\/div>\n<\/div>\n","protected":false},"excerpt":{"rendered":"<p>CLOUD BEAM Cloud Beam ilumina nuevas posibilidades con rendimiento y comodidad durante todo el d\u00eda, todos los d\u00edas. Comience con<\/p>\n","protected":false},"featured_media":60150,"comment_status":"open","ping_status":"closed","template":"","meta":{"nf_dc_page":""},"product_brand":[],"product_cat":[76],"product_tag":[],"class_list":{"0":"post-60149","1":"product","2":"type-product","3":"status-publish","4":"has-post-thumbnail","6":"product_cat-masculino","8":"first","9":"instock","10":"shipping-taxable","11":"purchasable","12":"product-type-simple"},"_links":{"self":[{"href":"https:\/\/brandss.com.py\/index\/wp-json\/wp\/v2\/product\/60149","targetHints":{"allow":["GET"]}}],"collection":[{"href":"https:\/\/brandss.com.py\/index\/wp-json\/wp\/v2\/product"}],"about":[{"href":"https:\/\/brandss.com.py\/index\/wp-json\/wp\/v2\/types\/product"}],"replies":[{"embeddable":true,"href":"https:\/\/brandss.com.py\/index\/wp-json\/wp\/v2\/comments?post=60149"}],"version-history":[{"count":1,"href":"https:\/\/brandss.com.py\/index\/wp-json\/wp\/v2\/product\/60149\/revisions"}],"predecessor-version":[{"id":60158,"href":"https:\/\/brandss.com.py\/index\/wp-json\/wp\/v2\/product\/60149\/revisions\/60158"}],"wp:featuredmedia":[{"embeddable":true,"href":"https:\/\/brandss.com.py\/index\/wp-json\/wp\/v2\/media\/60150"}],"wp:attachment":[{"href":"https:\/\/brandss.com.py\/index\/wp-json\/wp\/v2\/media?parent=60149"}],"wp:term":[{"taxonomy":"product_brand","embeddable":true,"href":"https:\/\/brandss.com.py\/index\/wp-json\/wp\/v2\/product_brand?post=60149"},{"taxonomy":"product_cat","embeddable":true,"href":"https:\/\/brandss.com.py\/index\/wp-json\/wp\/v2\/product_cat?post=60149"},{"taxonomy":"product_tag","embeddable":true,"href":"https:\/\/brandss.com.py\/index\/wp-json\/wp\/v2\/product_tag?post=60149"}],"curies":[{"name":"wp","href":"https:\/\/api.w.org\/{rel}","templated":true}]}}