{"id":60159,"date":"2024-10-24T13:11:32","date_gmt":"2024-10-24T13:11:32","guid":{"rendered":"https:\/\/brandss.com.py\/index\/?post_type=product&#038;p=60159"},"modified":"2024-10-24T13:12:18","modified_gmt":"2024-10-24T13:12:18","slug":"calzado-deportivo-masculino-on-running-cloud-nexus","status":"publish","type":"product","link":"https:\/\/brandss.com.py\/index\/producto\/calzado-deportivo-masculino-on-running-cloud-nexus\/","title":{"rendered":"CALZADO DEPORTIVO MASCULINO ON-RUNNING CLOUD NEXUS"},"content":{"rendered":"<p><img loading=\"lazy\" decoding=\"async\" class=\"\" src=\"https:\/\/upload.wikimedia.org\/wikipedia\/commons\/9\/92\/On-cloud-logo-white-background.svg\" alt=\"Archivo:On-cloud-logo-white-background.svg - Wikipedia, la enciclopedia  libre\" width=\"48\" height=\"62\" \/><\/p>\n<h1><span style=\"color: #1b1919;font-size: 28px\">CLOUD NEXUS<\/span><\/h1>\n<p><span>&#8220;Cloud Nexus&#8221; ha renovado por completo la imagen de &#8220;Cloud&#8221; con su sistema de cordones r\u00e1pidos. <\/span>Las On Cloud Nexus combinan est\u00e9tica, comodidad y funcionalidad gracias a las dos correas el\u00e1sticas y al sistema de cierre r\u00e1pido. El tejido de malla funcional proporciona suficiente transpirabilidad. La suela exterior con elementos CloudTec de espuma de gravedad cero garantiza que cada paso que des sea tan ligero como una pluma. <span>El &#8220;Cloud&#8221; m\u00e1s vendido ha sido redise\u00f1ado con un sistema de cordones r\u00e1pidos con bloqueo y ahora est\u00e1 disponible como &#8220;Cloud Nexus&#8221;. Si bien mantiene el estilo On-esque, presenta un nuevo sistema de cordones con cord\u00f3n que combina correas dobles de alta elasticidad con correas de alta tecnolog\u00eda para un atado r\u00e1pido y un agarre c\u00f3modo. La parte superior est\u00e1 hecha de malla de alta tecnolog\u00eda para mayor transpirabilidad y durabilidad. Se expande y contrae en la cantidad justa e incluso cuando la temperatura aumenta, el interior del zapato est\u00e1 constantemente ventilado. Adem\u00e1s, la tecnolog\u00eda CloudTec de la espuma Zero-Gravity ofrece una amortiguaci\u00f3n ligera y, junto con el Speedboard, experimentar\u00e1s la amortiguaci\u00f3n sensible caracter\u00edstica de On en cada paso.<\/span><\/p>\n<div>\n<h4 class=\"Heading_heading_1dtHt Heading_margin_Zz8sK\">Materiales<\/h4>\n<div class=\"Materials_wrapper_3DRez\">\n<div class=\"PropertyItem_wrapper_1GZ_b\"><span class=\"PropertyItem_label_39ZZn\"><strong>Superior<\/strong><\/span><\/p>\n<p class=\"PropertyItem_breakLine_1xw5t\"><span class=\"PropertyItem_value_2D-vk\">Textil<\/span><\/p>\n<p class=\"PropertyItem_breakLine_1xw5t\"><span class=\"PropertyItem_value_2D-vk\">Syntetika<\/span><\/p>\n<\/div>\n<div class=\"PropertyItem_wrapper_1GZ_b\"><span class=\"PropertyItem_label_39ZZn\"><strong>Entresuela<\/strong><\/span><\/p>\n<p class=\"\"><span class=\"PropertyItem_value_2D-vk\">CloudTec\u00ae<\/span>:\u00a0La tecnolog\u00eda CloudTec\u00ae es una tecnolog\u00eda de amortiguaci\u00f3n patentada desarrollada por la empresa suiza On y dise\u00f1ada para mejorar el rendimiento de las zapatillas de correr. Incorpora elementos cil\u00edndricos huecos \u00fanicos en la suela exterior, conocidos como Clouds, que se comprimen vertical y horizontalmente para proporcionar un aterrizaje suave y un despegue fuerte.<\/p>\n<\/div>\n<div class=\"PropertyItem_wrapper_1GZ_b\"><span class=\"PropertyItem_label_39ZZn\"><strong>\u00danico<\/strong><\/span><\/p>\n<p class=\"PropertyItem_breakLine_1xw5t\"><span class=\"PropertyItem_value_2D-vk\">Goma<\/span><\/p>\n<\/div>\n<\/div>\n<\/div>\n<div>\n<h4 class=\"Heading_heading_1dtHt Heading_margin_Zz8sK\">Detalles<\/h4>\n<div class=\"Details_wrapper_hHaf7\">\n<table class=\"n54117_dictionary\">\n<tbody>\n<tr class=\"element\">\n<td class=\"n54117_item_a1\"><strong><span class=\"n67256colon\">Marca:<\/span><\/strong><\/td>\n<td class=\"n54117_item_b1\">\n<div class=\"n54117_item_b_sub\">ON-RUNNING<\/div>\n<\/td>\n<\/tr>\n<tr class=\"element\">\n<td class=\"n54117_item_a2\"><strong>Modelo<span class=\"n67256colon\">:<\/span><\/strong><\/td>\n<td class=\"n54117_item_b2\">\n<div class=\"n54117_item_b_sub\">\u00a018-99499<\/div>\n<\/td>\n<\/tr>\n<tr class=\"element\">\n<td class=\"n54117_item_a1\"><strong>Material Superior<span class=\"n67256colon\">:<\/span><\/strong><\/td>\n<td class=\"n54117_item_b1\">\n<div class=\"n54117_item_b_sub\">\u00a0Sint\u00e9tico\/ material textil<\/div>\n<\/td>\n<\/tr>\n<tr class=\"element\">\n<td class=\"n54117_item_a2\"><strong>Plantilla<span class=\"n67256colon\">:<\/span><\/strong><\/td>\n<td class=\"n54117_item_b2\">\n<div class=\"n54117_item_b_sub\">\u00a0Material<\/div>\n<\/td>\n<\/tr>\n<tr class=\"element\">\n<td class=\"n54117_item_a1\"><strong>Material de la suela<span class=\"n67256colon\">:<\/span><\/strong><\/td>\n<td class=\"n54117_item_b1\">\n<div class=\"n54117_item_b_sub\">\u00a0Caucho<\/div>\n<\/td>\n<\/tr>\n<tr class=\"element\">\n<td class=\"n54117_item_a2\"><strong>Color<span class=\"n67256colon\">:<\/span><\/strong><\/td>\n<td class=\"n54117_item_b2\">\n<div class=\"n54117_item_b_sub\">\u00a0Glacier\/ Limelight<\/div>\n<\/td>\n<\/tr>\n<tr class=\"element\">\n<td class=\"n54117_item_a1\"><strong>Tipo<span class=\"n67256colon\">:<\/span><\/strong><\/td>\n<td class=\"n54117_item_b1\">\n<div class=\"n54117_item_b_sub\">\u00a0Calzado de running<\/div>\n<\/td>\n<\/tr>\n<tr class=\"element\">\n<td class=\"n54117_item_a2\"><strong>G\u00e9nero<span class=\"n67256colon\">:<\/span><\/strong><\/td>\n<td class=\"n54117_item_b2\">\n<div class=\"n54117_item_b_sub\">\u00a0Masculino<\/div>\n<\/td>\n<\/tr>\n<tr class=\"element\">\n<td class=\"n54117_item_a1\"><strong>Temporada<span class=\"n67256colon\">:<\/span><\/strong><\/td>\n<td class=\"n54117_item_b1\">\n<div class=\"n54117_item_b_sub\">\u00a0Todo el a\u00f1o<\/div>\n<\/td>\n<\/tr>\n<tr class=\"element\">\n<td class=\"n54117_item_a2\"><strong>Tecnologias<span class=\"n67256colon\">:<\/span><\/strong><\/td>\n<td class=\"n54117_item_b2\">\n<div class=\"n54117_item_b_sub\">\u00a0CloudTec\u00ae<\/div>\n<div class=\"n54117_item_b_sub\">\u00a0Zero Gravit<\/div>\n<div class=\"n54117_item_b_sub\">\u00a0Speedboard\u2122<\/div>\n<\/td>\n<\/tr>\n<tr class=\"element\">\n<td class=\"n54117_item_a1\"><strong>Categor\u00eda<span class=\"n67256colon\">:<\/span><\/strong><\/td>\n<td class=\"n54117_item_b1\">\n<div class=\"n54117_item_b_sub\">\u00a0Calzado deportivo<\/div>\n<\/td>\n<\/tr>\n<tr class=\"element\">\n<td class=\"n54117_item_a2\"><strong>Altura de los zapatos<span class=\"n67256colon\">:<\/span><\/strong><\/td>\n<td class=\"n54117_item_b2\">\n<div class=\"n54117_item_b_sub\">\u00a0Low Top<\/div>\n<\/td>\n<\/tr>\n<\/tbody>\n<\/table>\n<\/div>\n<\/div>\n","protected":false},"excerpt":{"rendered":"<p>CLOUD NEXUS &#8220;Cloud Nexus&#8221; ha renovado por completo la imagen de &#8220;Cloud&#8221; con su sistema de cordones r\u00e1pidos. Las On<\/p>\n","protected":false},"featured_media":60160,"comment_status":"open","ping_status":"closed","template":"","meta":{"nf_dc_page":""},"product_brand":[],"product_cat":[76],"product_tag":[],"class_list":{"0":"post-60159","1":"product","2":"type-product","3":"status-publish","4":"has-post-thumbnail","6":"product_cat-masculino","8":"first","9":"instock","10":"shipping-taxable","11":"purchasable","12":"product-type-simple"},"_links":{"self":[{"href":"https:\/\/brandss.com.py\/index\/wp-json\/wp\/v2\/product\/60159","targetHints":{"allow":["GET"]}}],"collection":[{"href":"https:\/\/brandss.com.py\/index\/wp-json\/wp\/v2\/product"}],"about":[{"href":"https:\/\/brandss.com.py\/index\/wp-json\/wp\/v2\/types\/product"}],"replies":[{"embeddable":true,"href":"https:\/\/brandss.com.py\/index\/wp-json\/wp\/v2\/comments?post=60159"}],"version-history":[{"count":1,"href":"https:\/\/brandss.com.py\/index\/wp-json\/wp\/v2\/product\/60159\/revisions"}],"predecessor-version":[{"id":60171,"href":"https:\/\/brandss.com.py\/index\/wp-json\/wp\/v2\/product\/60159\/revisions\/60171"}],"wp:featuredmedia":[{"embeddable":true,"href":"https:\/\/brandss.com.py\/index\/wp-json\/wp\/v2\/media\/60160"}],"wp:attachment":[{"href":"https:\/\/brandss.com.py\/index\/wp-json\/wp\/v2\/media?parent=60159"}],"wp:term":[{"taxonomy":"product_brand","embeddable":true,"href":"https:\/\/brandss.com.py\/index\/wp-json\/wp\/v2\/product_brand?post=60159"},{"taxonomy":"product_cat","embeddable":true,"href":"https:\/\/brandss.com.py\/index\/wp-json\/wp\/v2\/product_cat?post=60159"},{"taxonomy":"product_tag","embeddable":true,"href":"https:\/\/brandss.com.py\/index\/wp-json\/wp\/v2\/product_tag?post=60159"}],"curies":[{"name":"wp","href":"https:\/\/api.w.org\/{rel}","templated":true}]}}