{"id":60196,"date":"2024-10-24T18:35:04","date_gmt":"2024-10-24T18:35:04","guid":{"rendered":"https:\/\/brandss.com.py\/index\/?post_type=product&#038;p=60196"},"modified":"2025-08-02T11:37:42","modified_gmt":"2025-08-02T11:37:42","slug":"calzado-deportivo-masculino-adidas-eq21-run","status":"publish","type":"product","link":"https:\/\/brandss.com.py\/index\/producto\/calzado-deportivo-masculino-adidas-eq21-run\/","title":{"rendered":"CALZADO DEPORTIVO MASCULINO ADIDAS EQ21 RUN"},"content":{"rendered":"<p><img loading=\"lazy\" decoding=\"async\" class=\"\" src=\"https:\/\/upload.wikimedia.org\/wikipedia\/commons\/2\/20\/Adidas_Logo.svg\" alt=\"Archivo:Adidas Logo.svg - Wikipedia, la enciclopedia libre\" width=\"108\" height=\"74\" \/><\/p>\n<h1>EQ21 RUN<\/h1>\n<p>Lleva tus carreras al siguiente nivel con las zapatillas de running para hombre adidas EQ21 Run con detalles en negro. Estas zapatillas est\u00e1n dise\u00f1adas para ofrecer la m\u00e1xima comodidad y transpirabilidad, lo que las hace perfectas para correr en climas c\u00e1lidos. La amortiguaci\u00f3n liviana hace que cada paso sea m\u00e1s agradable, mientras que los detalles en negro le dan a estas zapatillas un toque elegante. Ya seas un corredor experimentado o reci\u00e9n est\u00e9s comenzando, las zapatillas de running para hombre adidas EQ21 Run son una excelente opci\u00f3n para cualquiera que busque una zapatilla para correr c\u00f3moda, elegante y que mejore el rendimiento.<\/p>\n<p><span>\u00a1Corre r\u00e1pido con las zapatillas de running para hombre Adidas EQ 21 Run! Este modelo tiene una parte superior de malla transpirable con cierre de cordones para que te sientas genial mientras corres. La plantilla acolchada y la suela exterior de goma duradera hacen que sea f\u00e1cil correr todos los d\u00edas. No tendr\u00e1s problemas para ponerte este modelo con el cuello acolchado. \u00a1Empieza a correr con las zapatillas de running para hombre Adidas EQ 21 Run!<\/span><\/p>\n<table id=\"product-attribute-specs-table\" class=\"data table additional-attributes\">\n<caption class=\"table-caption\">\u00a0<\/caption>\n<tbody>\n<tr>\n<th class=\"col label\" scope=\"row\"><span>Caracter\u00edsticas<\/span><\/th>\n<td class=\"col data\" data-th=\"Features\">\n<ul>\n<li><span>Ajuste regular; cierre de cordones<\/span><\/li>\n<li><span>Parte superior de malla dise\u00f1ada; cuello acolchado<\/span><\/li>\n<li><span>Estabilizadores de TPU en el cuarto y el tal\u00f3n; entresuela Bounce<\/span><\/li>\n<li><span>Peso: 584 g (talla 8.5 del Reino Unido); Desnivel de la entresuela: 10,5 mm<\/span><\/li>\n<li><span>Suela de caucho; el 25% de los componentes utilizados para fabricar la parte superior est\u00e1n hechos con un m\u00ednimo del 50% de contenido reciclado<\/span><\/li>\n<li>Parte superior de malla<\/li>\n<li>Plantilla acolchada<\/li>\n<li>Suela de goma<\/li>\n<li>Cuello acolchado<\/li>\n<li>Blanco\/negro<\/li>\n<li>Importado<\/li>\n<\/ul>\n<\/td>\n<\/tr>\n<\/tbody>\n<\/table>\n<ul>Detalles:<\/ul>\n<ul>Marcas: Adidas.<\/ul>\n<ul>\n<li style=\"list-style-type: none\">\n<ul>Modelo: HQ1844.<\/ul>\n<\/li>\n<\/ul>\n<ul>G\u00e9nero: Masculino.<\/ul>\n<ul>\n<li style=\"list-style-type: none\">\n<ul>Color:<\/ul>\n<\/li>\n<\/ul>\n<ul>Blanco nube-Blanco nube-Naranja solar<\/ul>\n","protected":false},"excerpt":{"rendered":"<p>EQ21 RUN Lleva tus carreras al siguiente nivel con las zapatillas de running para hombre adidas EQ21 Run con detalles<\/p>\n","protected":false},"featured_media":60197,"comment_status":"open","ping_status":"closed","template":"","meta":{"nf_dc_page":""},"product_brand":[],"product_cat":[76],"product_tag":[],"class_list":{"0":"post-60196","1":"product","2":"type-product","3":"status-publish","4":"has-post-thumbnail","6":"product_cat-masculino","8":"first","9":"instock","10":"shipping-taxable","11":"purchasable","12":"product-type-simple"},"_links":{"self":[{"href":"https:\/\/brandss.com.py\/index\/wp-json\/wp\/v2\/product\/60196","targetHints":{"allow":["GET"]}}],"collection":[{"href":"https:\/\/brandss.com.py\/index\/wp-json\/wp\/v2\/product"}],"about":[{"href":"https:\/\/brandss.com.py\/index\/wp-json\/wp\/v2\/types\/product"}],"replies":[{"embeddable":true,"href":"https:\/\/brandss.com.py\/index\/wp-json\/wp\/v2\/comments?post=60196"}],"version-history":[{"count":1,"href":"https:\/\/brandss.com.py\/index\/wp-json\/wp\/v2\/product\/60196\/revisions"}],"predecessor-version":[{"id":60204,"href":"https:\/\/brandss.com.py\/index\/wp-json\/wp\/v2\/product\/60196\/revisions\/60204"}],"wp:featuredmedia":[{"embeddable":true,"href":"https:\/\/brandss.com.py\/index\/wp-json\/wp\/v2\/media\/60197"}],"wp:attachment":[{"href":"https:\/\/brandss.com.py\/index\/wp-json\/wp\/v2\/media?parent=60196"}],"wp:term":[{"taxonomy":"product_brand","embeddable":true,"href":"https:\/\/brandss.com.py\/index\/wp-json\/wp\/v2\/product_brand?post=60196"},{"taxonomy":"product_cat","embeddable":true,"href":"https:\/\/brandss.com.py\/index\/wp-json\/wp\/v2\/product_cat?post=60196"},{"taxonomy":"product_tag","embeddable":true,"href":"https:\/\/brandss.com.py\/index\/wp-json\/wp\/v2\/product_tag?post=60196"}],"curies":[{"name":"wp","href":"https:\/\/api.w.org\/{rel}","templated":true}]}}