{"id":60217,"date":"2024-10-24T18:59:31","date_gmt":"2024-10-24T18:59:31","guid":{"rendered":"https:\/\/brandss.com.py\/index\/?post_type=product&#038;p=60217"},"modified":"2024-10-24T19:00:26","modified_gmt":"2024-10-24T19:00:26","slug":"calzado-deportivo-masculino-adidas-seeley-xt","status":"publish","type":"product","link":"https:\/\/brandss.com.py\/index\/producto\/calzado-deportivo-masculino-adidas-seeley-xt\/","title":{"rendered":"CALZADO DEPORTIVO MASCULINO ADIDAS SEELEY XT"},"content":{"rendered":"<p><img loading=\"lazy\" decoding=\"async\" class=\"\" src=\"https:\/\/upload.wikimedia.org\/wikipedia\/commons\/2\/20\/Adidas_Logo.svg\" alt=\"Archivo:Adidas Logo.svg - Wikipedia, la enciclopedia libre\" width=\"112\" height=\"77\" \/><\/p>\n<h1>SEELEY XT<\/h1>\n<h3 class=\"subtitle___9ljbp\"><span>Aut\u00e9nticos calzados adidas con aires skater.<\/span><\/h3>\n<p class=\"gl-vspace\"><span>A la aventura le gusta la compa\u00f1\u00eda. Empieza con estos zapatos discretos y siempre listos para la aventura de adidas. Un poco cl\u00e1sicos y un poco skater, son una combinaci\u00f3n perfecta para los d\u00edas ajetreados y las exploraciones de fin de semana. Llama a tu equipo y sal.<\/span><\/p>\n<div class=\"accordion__header-text___2o9Im\">\n<h2><\/h2>\n<h2 class=\"accordion-title___2sTgR\"><span>Detalles<\/span><\/h2>\n<\/div>\n<div class=\"accordion__header-icon___2FuRa\"><\/div>\n<div class=\"accordion__content___29x9h\">\n<div class=\"content-padding___2kVWQ\">\n<div class=\"bullets___3bsSs\" data-auto-id=\"specifications-section\">\n<ul class=\"gl-list\">\n<li class=\"gl-vspace-bpall-small\"><span>Cierre de encaje<\/span><\/li>\n<li class=\"gl-vspace-bpall-small\"><span>Parte superior textil<\/span><\/li>\n<li class=\"gl-vspace-bpall-small\"><span>Suela de caucho vulcanizado<\/span><\/li>\n<li class=\"gl-vspace-bpall-small\"><span>Color: Core Black \/ Cloud White \/ Gum<\/span><\/li>\n<li class=\"gl-vspace-bpall-small\"><span>Modelo: GZ8567<\/span><\/li>\n<\/ul>\n<\/div>\n<\/div>\n<\/div>\n","protected":false},"excerpt":{"rendered":"<p>SEELEY XT Aut\u00e9nticos calzados adidas con aires skater. A la aventura le gusta la compa\u00f1\u00eda. Empieza con estos zapatos discretos<\/p>\n","protected":false},"featured_media":60218,"comment_status":"open","ping_status":"closed","template":"","meta":{"nf_dc_page":""},"product_brand":[],"product_cat":[76],"product_tag":[],"class_list":{"0":"post-60217","1":"product","2":"type-product","3":"status-publish","4":"has-post-thumbnail","6":"product_cat-masculino","8":"first","9":"instock","10":"shipping-taxable","11":"purchasable","12":"product-type-simple"},"_links":{"self":[{"href":"https:\/\/brandss.com.py\/index\/wp-json\/wp\/v2\/product\/60217","targetHints":{"allow":["GET"]}}],"collection":[{"href":"https:\/\/brandss.com.py\/index\/wp-json\/wp\/v2\/product"}],"about":[{"href":"https:\/\/brandss.com.py\/index\/wp-json\/wp\/v2\/types\/product"}],"replies":[{"embeddable":true,"href":"https:\/\/brandss.com.py\/index\/wp-json\/wp\/v2\/comments?post=60217"}],"version-history":[{"count":1,"href":"https:\/\/brandss.com.py\/index\/wp-json\/wp\/v2\/product\/60217\/revisions"}],"predecessor-version":[{"id":60226,"href":"https:\/\/brandss.com.py\/index\/wp-json\/wp\/v2\/product\/60217\/revisions\/60226"}],"wp:featuredmedia":[{"embeddable":true,"href":"https:\/\/brandss.com.py\/index\/wp-json\/wp\/v2\/media\/60218"}],"wp:attachment":[{"href":"https:\/\/brandss.com.py\/index\/wp-json\/wp\/v2\/media?parent=60217"}],"wp:term":[{"taxonomy":"product_brand","embeddable":true,"href":"https:\/\/brandss.com.py\/index\/wp-json\/wp\/v2\/product_brand?post=60217"},{"taxonomy":"product_cat","embeddable":true,"href":"https:\/\/brandss.com.py\/index\/wp-json\/wp\/v2\/product_cat?post=60217"},{"taxonomy":"product_tag","embeddable":true,"href":"https:\/\/brandss.com.py\/index\/wp-json\/wp\/v2\/product_tag?post=60217"}],"curies":[{"name":"wp","href":"https:\/\/api.w.org\/{rel}","templated":true}]}}