{"id":60227,"date":"2024-10-26T11:05:43","date_gmt":"2024-10-26T11:05:43","guid":{"rendered":"https:\/\/brandss.com.py\/index\/?post_type=product&#038;p=60227"},"modified":"2024-10-26T11:07:07","modified_gmt":"2024-10-26T11:07:07","slug":"calzado-deportivo-masculino-adidas-ozelle-cloudfoam","status":"publish","type":"product","link":"https:\/\/brandss.com.py\/index\/producto\/calzado-deportivo-masculino-adidas-ozelle-cloudfoam\/","title":{"rendered":"CALZADO DEPORTIVO MASCULINO ADIDAS OZELLE CLOUDFOAM"},"content":{"rendered":"<p><img loading=\"lazy\" decoding=\"async\" class=\"\" src=\"https:\/\/upload.wikimedia.org\/wikipedia\/commons\/2\/20\/Adidas_Logo.svg\" alt=\"Archivo:Adidas Logo.svg - Wikipedia, la enciclopedia libre\" width=\"105\" height=\"72\" \/><\/p>\n<h1>OZELLE CLOUDFOAM<\/h1>\n<h3 class=\"subtitle___9ljbp\">Calzados inspirados en el running con un estilo futurista, hechas con materiales reciclados<\/h3>\n<p class=\"gl-vspace\">Estos calzados de running adidas te transportan a los 90. Al mismo tiempo, van a toda velocidad hacia el futuro. Las l\u00edneas de dise\u00f1o gruesas y la suela resistente se combinan con la mediasuela suave Cloudfoam, que le imprime elasticidad a tu carrera. La silueta deportiva cl\u00e1sica se destaca con la rica mezcla de materiales del exterior. Atr\u00e9vete a explorar, a llegar m\u00e1s lejos. Ve a donde quieras con estos calzados. El exterior contiene al menos un 50 % de materiales reciclados. Este producto representa solo una de nuestras soluciones para ayudar a acabar con los residuos pl\u00e1sticos.<\/p>\n<div class=\"accordion__header-text___2o9Im\">\n<h2><\/h2>\n<h2 class=\"accordion-title___2sTgR\">Detalles<\/h2>\n<\/div>\n<div class=\"accordion__header-icon___2FuRa\"><\/div>\n<div class=\"accordion__content___29x9h\">\n<div class=\"content-padding___2kVWQ\">\n<div class=\"bullets___3bsSs\" data-auto-id=\"specifications-section\">\n<ul class=\"gl-list\">\n<li class=\"gl-vspace-bpall-small\">Ajuste cl\u00e1sico<\/li>\n<li class=\"gl-vspace-bpall-small\">Sistema de amarre de cordones<\/li>\n<li class=\"gl-vspace-bpall-small\">Exterior textil<\/li>\n<li class=\"gl-vspace-bpall-small\">Mediasuela Cloudfoam<\/li>\n<li class=\"gl-vspace-bpall-small\">Forro interno textil<\/li>\n<li class=\"gl-vspace-bpall-small\">Suela de caucho<\/li>\n<li class=\"gl-vspace-bpall-small\">El exterior contiene al menos un 50 % de material reciclado<\/li>\n<li class=\"gl-vspace-bpall-small\">Color: Core Black \/ Core Black \/ Carbon<\/li>\n<li class=\"gl-vspace-bpall-small\">Modelo: GX6767<\/li>\n<\/ul>\n<\/div>\n<\/div>\n<\/div>\n","protected":false},"excerpt":{"rendered":"<p>OZELLE CLOUDFOAM Calzados inspirados en el running con un estilo futurista, hechas con materiales reciclados Estos calzados de running adidas<\/p>\n","protected":false},"featured_media":60228,"comment_status":"open","ping_status":"closed","template":"","meta":{"nf_dc_page":""},"product_brand":[],"product_cat":[76],"product_tag":[],"class_list":{"0":"post-60227","1":"product","2":"type-product","3":"status-publish","4":"has-post-thumbnail","6":"product_cat-masculino","8":"first","9":"instock","10":"shipping-taxable","11":"purchasable","12":"product-type-simple"},"_links":{"self":[{"href":"https:\/\/brandss.com.py\/index\/wp-json\/wp\/v2\/product\/60227","targetHints":{"allow":["GET"]}}],"collection":[{"href":"https:\/\/brandss.com.py\/index\/wp-json\/wp\/v2\/product"}],"about":[{"href":"https:\/\/brandss.com.py\/index\/wp-json\/wp\/v2\/types\/product"}],"replies":[{"embeddable":true,"href":"https:\/\/brandss.com.py\/index\/wp-json\/wp\/v2\/comments?post=60227"}],"version-history":[{"count":1,"href":"https:\/\/brandss.com.py\/index\/wp-json\/wp\/v2\/product\/60227\/revisions"}],"predecessor-version":[{"id":60237,"href":"https:\/\/brandss.com.py\/index\/wp-json\/wp\/v2\/product\/60227\/revisions\/60237"}],"wp:featuredmedia":[{"embeddable":true,"href":"https:\/\/brandss.com.py\/index\/wp-json\/wp\/v2\/media\/60228"}],"wp:attachment":[{"href":"https:\/\/brandss.com.py\/index\/wp-json\/wp\/v2\/media?parent=60227"}],"wp:term":[{"taxonomy":"product_brand","embeddable":true,"href":"https:\/\/brandss.com.py\/index\/wp-json\/wp\/v2\/product_brand?post=60227"},{"taxonomy":"product_cat","embeddable":true,"href":"https:\/\/brandss.com.py\/index\/wp-json\/wp\/v2\/product_cat?post=60227"},{"taxonomy":"product_tag","embeddable":true,"href":"https:\/\/brandss.com.py\/index\/wp-json\/wp\/v2\/product_tag?post=60227"}],"curies":[{"name":"wp","href":"https:\/\/api.w.org\/{rel}","templated":true}]}}