{"id":60248,"date":"2024-10-26T11:50:37","date_gmt":"2024-10-26T11:50:37","guid":{"rendered":"https:\/\/brandss.com.py\/index\/?post_type=product&#038;p=60248"},"modified":"2025-12-05T10:52:11","modified_gmt":"2025-12-05T10:52:11","slug":"calzado-deportivo-masculino-adidas-x_plr","status":"publish","type":"product","link":"https:\/\/brandss.com.py\/index\/producto\/calzado-deportivo-masculino-adidas-x_plr\/","title":{"rendered":"CALZADO DEPORTIVO MASCULINO ADIDAS X_PLR"},"content":{"rendered":"<p><img loading=\"lazy\" decoding=\"async\" class=\"\" src=\"https:\/\/upload.wikimedia.org\/wikipedia\/commons\/2\/20\/Adidas_Logo.svg\" alt=\"Archivo:Adidas Logo.svg - Wikipedia, la enciclopedia libre\" width=\"102\" height=\"70\" \/><\/p>\n<h1>X_PLR<\/h1>\n<h3 class=\"subtitle___9ljbp\">Un calzado inspirado en el running con detalles reflectivos y un exterior en malla transpirable<\/h3>\n<p class=\"gl-vspace\">Un estilo minimalista le imprime un look moderno al X_PLR inspirado en el running. Este calzado trae un exterior de malla transpirable para m\u00e1xima comodidad. Las 3 Franjas y el refuerzo de tal\u00f3n reflectivos sobre un fondo monocrom\u00e1tico crean un look premium, y la mediasuela de EVA en color tonal ofrece una amortiguaci\u00f3n ligera.<\/p>\n<div class=\"accordion__header-text___2o9Im\">\n<h2 class=\"accordion-title___2sTgR\">Detalles<\/h2>\n<\/div>\n<div class=\"accordion__header-icon___2FuRa\"><\/div>\n<div class=\"accordion__content___29x9h\">\n<div class=\"content-padding___2kVWQ\">\n<div class=\"bullets___3bsSs\" data-auto-id=\"specifications-section\">\n<ul class=\"gl-list\">\n<li class=\"gl-vspace-bpall-small\">Exterior de malla transpirable.<\/li>\n<li class=\"gl-vspace-bpall-small\">C\u00f3modo forro interno textil.<\/li>\n<li class=\"gl-vspace-bpall-small\">Las 3 Franjas y el refuerzo de tal\u00f3n reflectivos.<\/li>\n<li class=\"gl-vspace-bpall-small\">Cordones redondos tejidos.<\/li>\n<li class=\"gl-vspace-bpall-small\">Disfruta la comodidad y desempe\u00f1o de la plantilla OrthoLite\u00ae; mediasuela de EVA moldeada brinda amortiguaci\u00f3n y ligereza.<\/li>\n<li class=\"gl-vspace-bpall-small\">Suela de caucho.<\/li>\n<li class=\"gl-vspace-bpall-small\">Exterior en material textil y sint\u00e9tico \/ Forro interno textil \/ Suela de caucho.<\/li>\n<li class=\"gl-vspace-bpall-small\">Color: Core Black \/ Trace Grey Metallic \/ Core Black.<\/li>\n<li class=\"gl-vspace-bpall-small\">Modelo: BY9260.<\/li>\n<\/ul>\n<\/div>\n<\/div>\n<\/div>\n","protected":false},"excerpt":{"rendered":"<p>X_PLR Un calzado inspirado en el running con detalles reflectivos y un exterior en malla transpirable Un estilo minimalista le<\/p>\n","protected":false},"featured_media":60249,"comment_status":"open","ping_status":"closed","template":"","meta":{"nf_dc_page":""},"product_brand":[],"product_cat":[76],"product_tag":[],"class_list":{"0":"post-60248","1":"product","2":"type-product","3":"status-publish","4":"has-post-thumbnail","6":"product_cat-masculino","8":"first","9":"instock","10":"shipping-taxable","11":"purchasable","12":"product-type-simple"},"_links":{"self":[{"href":"https:\/\/brandss.com.py\/index\/wp-json\/wp\/v2\/product\/60248","targetHints":{"allow":["GET"]}}],"collection":[{"href":"https:\/\/brandss.com.py\/index\/wp-json\/wp\/v2\/product"}],"about":[{"href":"https:\/\/brandss.com.py\/index\/wp-json\/wp\/v2\/types\/product"}],"replies":[{"embeddable":true,"href":"https:\/\/brandss.com.py\/index\/wp-json\/wp\/v2\/comments?post=60248"}],"version-history":[{"count":1,"href":"https:\/\/brandss.com.py\/index\/wp-json\/wp\/v2\/product\/60248\/revisions"}],"predecessor-version":[{"id":60260,"href":"https:\/\/brandss.com.py\/index\/wp-json\/wp\/v2\/product\/60248\/revisions\/60260"}],"wp:featuredmedia":[{"embeddable":true,"href":"https:\/\/brandss.com.py\/index\/wp-json\/wp\/v2\/media\/60249"}],"wp:attachment":[{"href":"https:\/\/brandss.com.py\/index\/wp-json\/wp\/v2\/media?parent=60248"}],"wp:term":[{"taxonomy":"product_brand","embeddable":true,"href":"https:\/\/brandss.com.py\/index\/wp-json\/wp\/v2\/product_brand?post=60248"},{"taxonomy":"product_cat","embeddable":true,"href":"https:\/\/brandss.com.py\/index\/wp-json\/wp\/v2\/product_cat?post=60248"},{"taxonomy":"product_tag","embeddable":true,"href":"https:\/\/brandss.com.py\/index\/wp-json\/wp\/v2\/product_tag?post=60248"}],"curies":[{"name":"wp","href":"https:\/\/api.w.org\/{rel}","templated":true}]}}