{"id":60261,"date":"2024-10-26T12:03:55","date_gmt":"2024-10-26T12:03:55","guid":{"rendered":"https:\/\/brandss.com.py\/index\/?post_type=product&#038;p=60261"},"modified":"2025-12-05T10:52:43","modified_gmt":"2025-12-05T10:52:43","slug":"calzado-deportivo-masculino-adidas-pro-n3xt-2021","status":"publish","type":"product","link":"https:\/\/brandss.com.py\/index\/producto\/calzado-deportivo-masculino-adidas-pro-n3xt-2021\/","title":{"rendered":"CALZADO DEPORTIVO MASCULINO ADIDAS PRO N3XT 2021"},"content":{"rendered":"<p><img loading=\"lazy\" decoding=\"async\" class=\"\" src=\"https:\/\/upload.wikimedia.org\/wikipedia\/commons\/2\/20\/Adidas_Logo.svg\" alt=\"Archivo:Adidas Logo.svg - Wikipedia, la enciclopedia libre\" width=\"125\" height=\"86\" \/><\/p>\n<h1>PRO N3XT 2021<\/h1>\n<h3 class=\"subtitle___9ljbp\">Calzados de b\u00e1squet livianos dise\u00f1ados para una m\u00e1xima comodidad en la cancha<\/h3>\n<p class=\"gl-vspace\">T\u00fa pones las reglas en la cancha. Estos calzados de b\u00e1squet adidas te permiten moverte con fluidez y comodidad gracias a la mediasuela liviana Bounce con amortiguaci\u00f3n. Deja atr\u00e1s a la defensa rival sin importar si est\u00e1s jugando en el asfalto o en una cancha cubierta.<\/p>\n<div class=\"accordion__header-text___2o9Im\">\n<h2><\/h2>\n<h2 class=\"accordion-title___2sTgR\">Detalles<\/h2>\n<\/div>\n<div class=\"accordion__header-icon___2FuRa\"><\/div>\n<div class=\"accordion__content___29x9h\">\n<div class=\"content-padding___2kVWQ\">\n<div class=\"bullets___3bsSs\" data-auto-id=\"specifications-section\">\n<ul class=\"gl-list\">\n<li class=\"gl-vspace-bpall-small\">Sistema de amarre de cordones<\/li>\n<li class=\"gl-vspace-bpall-small\">Exterior textil con revestimiento de malla<\/li>\n<li class=\"gl-vspace-bpall-small\">Sensaci\u00f3n de amortiguaci\u00f3n<\/li>\n<li class=\"gl-vspace-bpall-small\">Forro interno textil<\/li>\n<li class=\"gl-vspace-bpall-small\">Mediasuela Bounce<\/li>\n<li class=\"gl-vspace-bpall-small\">Suela de caucho<\/li>\n<li class=\"gl-vspace-bpall-small\">Color: Sky Rush \/ Shadow Navy \/ Turbo<\/li>\n<li class=\"gl-vspace-bpall-small\">Modelo: GY2876<\/li>\n<\/ul>\n<\/div>\n<\/div>\n<\/div>\n","protected":false},"excerpt":{"rendered":"<p>PRO N3XT 2021 Calzados de b\u00e1squet livianos dise\u00f1ados para una m\u00e1xima comodidad en la cancha T\u00fa pones las reglas en<\/p>\n","protected":false},"featured_media":60262,"comment_status":"open","ping_status":"closed","template":"","meta":{"nf_dc_page":""},"product_brand":[],"product_cat":[76],"product_tag":[],"class_list":{"0":"post-60261","1":"product","2":"type-product","3":"status-publish","4":"has-post-thumbnail","6":"product_cat-masculino","8":"first","9":"instock","10":"shipping-taxable","11":"purchasable","12":"product-type-simple"},"_links":{"self":[{"href":"https:\/\/brandss.com.py\/index\/wp-json\/wp\/v2\/product\/60261","targetHints":{"allow":["GET"]}}],"collection":[{"href":"https:\/\/brandss.com.py\/index\/wp-json\/wp\/v2\/product"}],"about":[{"href":"https:\/\/brandss.com.py\/index\/wp-json\/wp\/v2\/types\/product"}],"replies":[{"embeddable":true,"href":"https:\/\/brandss.com.py\/index\/wp-json\/wp\/v2\/comments?post=60261"}],"version-history":[{"count":1,"href":"https:\/\/brandss.com.py\/index\/wp-json\/wp\/v2\/product\/60261\/revisions"}],"predecessor-version":[{"id":60271,"href":"https:\/\/brandss.com.py\/index\/wp-json\/wp\/v2\/product\/60261\/revisions\/60271"}],"wp:featuredmedia":[{"embeddable":true,"href":"https:\/\/brandss.com.py\/index\/wp-json\/wp\/v2\/media\/60262"}],"wp:attachment":[{"href":"https:\/\/brandss.com.py\/index\/wp-json\/wp\/v2\/media?parent=60261"}],"wp:term":[{"taxonomy":"product_brand","embeddable":true,"href":"https:\/\/brandss.com.py\/index\/wp-json\/wp\/v2\/product_brand?post=60261"},{"taxonomy":"product_cat","embeddable":true,"href":"https:\/\/brandss.com.py\/index\/wp-json\/wp\/v2\/product_cat?post=60261"},{"taxonomy":"product_tag","embeddable":true,"href":"https:\/\/brandss.com.py\/index\/wp-json\/wp\/v2\/product_tag?post=60261"}],"curies":[{"name":"wp","href":"https:\/\/api.w.org\/{rel}","templated":true}]}}