{"id":60272,"date":"2024-10-26T12:28:25","date_gmt":"2024-10-26T12:28:25","guid":{"rendered":"https:\/\/brandss.com.py\/index\/?post_type=product&#038;p=60272"},"modified":"2026-02-13T11:00:10","modified_gmt":"2026-02-13T11:00:10","slug":"calzado-deportivo-masculino-adidas-kaptir-2-0-2","status":"publish","type":"product","link":"https:\/\/brandss.com.py\/index\/producto\/calzado-deportivo-masculino-adidas-kaptir-2-0-2\/","title":{"rendered":"CALZADO DEPORTIVO MASCULINO ADIDAS KAPTIR 2.0"},"content":{"rendered":"<p><img loading=\"lazy\" decoding=\"async\" class=\"\" src=\"https:\/\/upload.wikimedia.org\/wikipedia\/commons\/2\/20\/Adidas_Logo.svg\" alt=\"Archivo:Adidas Logo.svg - Wikipedia, la enciclopedia libre\" width=\"109\" height=\"75\" \/><\/p>\n<h1>KAPTIR 2.0<\/h1>\n<p>Presentamos los nuevos calzados deportivOs Adidas Kaptir 2.0\u00a0 para hombre. Estos calzados son perfectos para ocasiones informales y actividades deportivas, con un estilo de ca\u00f1a baja y cierre de cordones para un ajuste seguro. Los calzados presentan un patr\u00f3n s\u00f3lido y caracter\u00edsticas de comodidad transpirables que los hacen adecuados para todas las estaciones y para actividades de correr y trotar. Los calzados Adidas Kaptir 2.0 est\u00e1n confeccionados con material superior sint\u00e9tico y suela de goma para mayor durabilidad. Los calzados tienen un dise\u00f1o elegante que es perfecto para los entusiastas del deporte y los fan\u00e1ticos de Adidas. Hazte con estas calzados ahora y lleva tu moda deportiva y casual al siguiente nivel.<\/p>\n<h3>Detalles:<\/h3>\n<p id=\"tab1\" class=\"cc-tabs__accordion__header align-left pointer\" role=\"tab\" aria-controls=\"product-tab-panel1_7641451659459\" data-cc-toggle-panel=\"1_7641451659459\"><strong>Marca:<\/strong> ADIDAS.<\/p>\n<div id=\"product-tab-panel1_7641451659459\" class=\"cc-tabs__tab__panel rte\" role=\"tab\" aria-labelledby=\"product-tab-panel1_7641451659459\">\n<div class=\"pdp-product-info-container\">\n<div class=\"pdp-product-info-col\">\n<p class=\"pdp-caption align-left\"><strong>Modelo: <\/strong><span style=\"color: #333333;font-size: 16px\">GY8027.<\/span><\/p>\n<p><strong>G\u00e9nero:<\/strong> Masculino.<\/p>\n<\/div>\n<div class=\"pdp-product-info-col\">\n<p class=\"pdp-caption align-left\"><span><strong>Serie:<\/strong> Kaptir 2.0.<\/span><\/p>\n<\/div>\n<div class=\"pdp-product-info-col\">\n<p class=\"pdp-caption align-left\"><span><strong>Color:<\/strong> Orbit Green Core Black.<\/span><\/p>\n<\/div>\n<div class=\"pdp-product-info-col\"><\/div>\n<\/div>\n<\/div>\n","protected":false},"excerpt":{"rendered":"<p>KAPTIR 2.0 Presentamos los nuevos calzados deportivOs Adidas Kaptir 2.0\u00a0 para hombre. Estos calzados son perfectos para ocasiones informales y<\/p>\n","protected":false},"featured_media":60273,"comment_status":"open","ping_status":"closed","template":"","meta":{"nf_dc_page":""},"product_brand":[],"product_cat":[76],"product_tag":[],"class_list":{"0":"post-60272","1":"product","2":"type-product","3":"status-publish","4":"has-post-thumbnail","6":"product_cat-masculino","8":"first","9":"instock","10":"shipping-taxable","11":"purchasable","12":"product-type-simple"},"_links":{"self":[{"href":"https:\/\/brandss.com.py\/index\/wp-json\/wp\/v2\/product\/60272","targetHints":{"allow":["GET"]}}],"collection":[{"href":"https:\/\/brandss.com.py\/index\/wp-json\/wp\/v2\/product"}],"about":[{"href":"https:\/\/brandss.com.py\/index\/wp-json\/wp\/v2\/types\/product"}],"replies":[{"embeddable":true,"href":"https:\/\/brandss.com.py\/index\/wp-json\/wp\/v2\/comments?post=60272"}],"version-history":[{"count":1,"href":"https:\/\/brandss.com.py\/index\/wp-json\/wp\/v2\/product\/60272\/revisions"}],"predecessor-version":[{"id":60282,"href":"https:\/\/brandss.com.py\/index\/wp-json\/wp\/v2\/product\/60272\/revisions\/60282"}],"wp:featuredmedia":[{"embeddable":true,"href":"https:\/\/brandss.com.py\/index\/wp-json\/wp\/v2\/media\/60273"}],"wp:attachment":[{"href":"https:\/\/brandss.com.py\/index\/wp-json\/wp\/v2\/media?parent=60272"}],"wp:term":[{"taxonomy":"product_brand","embeddable":true,"href":"https:\/\/brandss.com.py\/index\/wp-json\/wp\/v2\/product_brand?post=60272"},{"taxonomy":"product_cat","embeddable":true,"href":"https:\/\/brandss.com.py\/index\/wp-json\/wp\/v2\/product_cat?post=60272"},{"taxonomy":"product_tag","embeddable":true,"href":"https:\/\/brandss.com.py\/index\/wp-json\/wp\/v2\/product_tag?post=60272"}],"curies":[{"name":"wp","href":"https:\/\/api.w.org\/{rel}","templated":true}]}}