{"id":60283,"date":"2024-10-26T12:52:41","date_gmt":"2024-10-26T12:52:41","guid":{"rendered":"https:\/\/brandss.com.py\/index\/?post_type=product&#038;p=60283"},"modified":"2024-10-26T12:53:40","modified_gmt":"2024-10-26T12:53:40","slug":"calzado-deportivo-masculino-adidas-solematch-control-para-tenis","status":"publish","type":"product","link":"https:\/\/brandss.com.py\/index\/producto\/calzado-deportivo-masculino-adidas-solematch-control-para-tenis\/","title":{"rendered":"CALZADO DEPORTIVO MASCULINO ADIDAS SOLEMATCH CONTROL PARA TENIS"},"content":{"rendered":"<p><img loading=\"lazy\" decoding=\"async\" class=\"\" src=\"https:\/\/upload.wikimedia.org\/wikipedia\/commons\/2\/20\/Adidas_Logo.svg\" alt=\"Archivo:Adidas Logo.svg - Wikipedia, la enciclopedia libre\" width=\"136\" height=\"94\" \/><\/p>\n<h1>SOLEMATCH CONTROL PARA TENIS<\/h1>\n<h3 class=\"subtitle___9ljbp\">Toma el control con estos calzados para tenis resistentes al desgaste hechos parcialmente con materiales reciclados<\/h3>\n<p class=\"gl-vspace\">Durabilidad y estabilidad se fusionan para ganar confianza en la cancha. Estos calzados adidas para jugar tenis te mantienen en control con sus zonas de TPU ubicadas de manera especial que brindan soporte a la zona media del pie durante movimientos laterales y ayudan a proteger las \u00e1reas de alta abrasi\u00f3n. El tal\u00f3n est\u00e1 moldeado en 3D para un ajuste seguro, y la mediasuela Bounce flexible garantiza una marcha suave de principio a fin del partido. Abajo, la resistente suela Adiwear despliega un nuevo patr\u00f3n de agarre dise\u00f1ado para jugadas radicales.<\/p>\n<h3 class=\"highlight-text__headline___25B2G\">Producto hecho parcialmente con materiales reciclados<\/h3>\n<p>Hecho a base de materiales reciclados, el exterior incorpora al menos un 50 % de contenido reciclado. Este producto representa solo una de nuestras soluciones para acabar con los residuos pl\u00e1sticos.<\/p>\n<h3 class=\"highlight-text__headline___25B2G\">Amortiguaci\u00f3n Bounce<\/h3>\n<p>La amortiguaci\u00f3n Bounce es liviana y flexible para brindarte m\u00e1xima comodidad en la cancha.<\/p>\n<h3 class=\"highlight-text__headline___25B2G\">Resistencia a la abrasi\u00f3n<\/h3>\n<p>La punta Adituff resiste el desgaste ocasionado por el arrastre durante los saques y movimientos laterales.<\/p>\n<h3 class=\"highlight-text__headline___25B2G\">Suela para cancha dura<\/h3>\n<p>La suela Adiwear con dise\u00f1o de espiga crea el equilibrio perfecto entre tracci\u00f3n y durabilidad en superficies duras.<\/p>\n<div class=\"accordion__header-text___2o9Im\">\n<h2><\/h2>\n<h2 class=\"accordion-title___2sTgR\">Detalles<\/h2>\n<\/div>\n<div class=\"accordion__header-icon___2FuRa\"><\/div>\n<div class=\"accordion__content___29x9h\">\n<div class=\"content-padding___2kVWQ\">\n<div class=\"bullets___3bsSs\" data-auto-id=\"specifications-section\">\n<ul class=\"gl-list\">\n<li class=\"gl-vspace-bpall-small\">Ajuste cl\u00e1sico<\/li>\n<li class=\"gl-vspace-bpall-small\">Sistema de amarre de cordones<\/li>\n<li class=\"gl-vspace-bpall-small\">Exterior de malla<\/li>\n<li class=\"gl-vspace-bpall-small\">Punta Adituff<\/li>\n<li class=\"gl-vspace-bpall-small\">Tal\u00f3n moldeado en 3D<\/li>\n<li class=\"gl-vspace-bpall-small\">Mediasuela Bounce<\/li>\n<li class=\"gl-vspace-bpall-small\">Suela de caucho<\/li>\n<li class=\"gl-vspace-bpall-small\">El exterior contiene al menos un 50 % de material reciclado<\/li>\n<li class=\"gl-vspace-bpall-small\">Color: Team Navy Blue 2 \/ Matte Silver \/ Cloud White<\/li>\n<li class=\"gl-vspace-bpall-small\">Modelo: HQ8440<\/li>\n<\/ul>\n<\/div>\n<\/div>\n<\/div>\n","protected":false},"excerpt":{"rendered":"<p>SOLEMATCH CONTROL PARA TENIS Toma el control con estos calzados para tenis resistentes al desgaste hechos parcialmente con materiales reciclados<\/p>\n","protected":false},"featured_media":60284,"comment_status":"open","ping_status":"closed","template":"","meta":{"nf_dc_page":""},"product_brand":[],"product_cat":[76],"product_tag":[],"class_list":{"0":"post-60283","1":"product","2":"type-product","3":"status-publish","4":"has-post-thumbnail","6":"product_cat-masculino","8":"first","9":"instock","10":"shipping-taxable","11":"purchasable","12":"product-type-simple"},"_links":{"self":[{"href":"https:\/\/brandss.com.py\/index\/wp-json\/wp\/v2\/product\/60283","targetHints":{"allow":["GET"]}}],"collection":[{"href":"https:\/\/brandss.com.py\/index\/wp-json\/wp\/v2\/product"}],"about":[{"href":"https:\/\/brandss.com.py\/index\/wp-json\/wp\/v2\/types\/product"}],"replies":[{"embeddable":true,"href":"https:\/\/brandss.com.py\/index\/wp-json\/wp\/v2\/comments?post=60283"}],"version-history":[{"count":1,"href":"https:\/\/brandss.com.py\/index\/wp-json\/wp\/v2\/product\/60283\/revisions"}],"predecessor-version":[{"id":60295,"href":"https:\/\/brandss.com.py\/index\/wp-json\/wp\/v2\/product\/60283\/revisions\/60295"}],"wp:featuredmedia":[{"embeddable":true,"href":"https:\/\/brandss.com.py\/index\/wp-json\/wp\/v2\/media\/60284"}],"wp:attachment":[{"href":"https:\/\/brandss.com.py\/index\/wp-json\/wp\/v2\/media?parent=60283"}],"wp:term":[{"taxonomy":"product_brand","embeddable":true,"href":"https:\/\/brandss.com.py\/index\/wp-json\/wp\/v2\/product_brand?post=60283"},{"taxonomy":"product_cat","embeddable":true,"href":"https:\/\/brandss.com.py\/index\/wp-json\/wp\/v2\/product_cat?post=60283"},{"taxonomy":"product_tag","embeddable":true,"href":"https:\/\/brandss.com.py\/index\/wp-json\/wp\/v2\/product_tag?post=60283"}],"curies":[{"name":"wp","href":"https:\/\/api.w.org\/{rel}","templated":true}]}}