{"id":60296,"date":"2024-10-26T13:14:02","date_gmt":"2024-10-26T13:14:02","guid":{"rendered":"https:\/\/brandss.com.py\/index\/?post_type=product&#038;p=60296"},"modified":"2024-10-26T13:15:02","modified_gmt":"2024-10-26T13:15:02","slug":"calzado-deportivo-masculino-adidas-response-runner","status":"publish","type":"product","link":"https:\/\/brandss.com.py\/index\/producto\/calzado-deportivo-masculino-adidas-response-runner\/","title":{"rendered":"CALZADO DEPORTIVO MASCULINO ADIDAS RESPONSE RUNNER"},"content":{"rendered":"<p><img loading=\"lazy\" decoding=\"async\" class=\"\" src=\"https:\/\/upload.wikimedia.org\/wikipedia\/commons\/2\/20\/Adidas_Logo.svg\" alt=\"Archivo:Adidas Logo.svg - Wikipedia, la enciclopedia libre\" width=\"104\" height=\"72\" \/><\/p>\n<h1>RESPONSE RUNNER<\/h1>\n<h3 class=\"subtitle___9ljbp\">Calzados de running informales hechos parcialmente con materiales reciclados.<\/h3>\n<p class=\"gl-vspace\">Dise\u00f1ados para tus salidas a correr matutinas o a correr a casa, estos calzados de running adidas tienen un exterior de malla transpirable que ofrece comodidad durante todo el d\u00eda. Con un aterrizaje suave y acolchado, y una duradera suela de caucho, tendr\u00e1s el soporte y la tracci\u00f3n necesarios para un ciclo f\u00e1cil alrededor del vecindario. La parte superior contiene al menos un 50% de materiales reciclados. Este producto representa solo una de nuestras soluciones para ayudar a poner fin a los residuos pl\u00e1sticos.<\/p>\n<div class=\"accordion__header-text___2o9Im\">\n<h2 class=\"accordion-title___2sTgR\">Caracter\u00edsticas<\/h2>\n<\/div>\n<div class=\"accordion__header-icon___2FuRa\"><\/div>\n<div class=\"accordion__content___29x9h\">\n<div class=\"content-padding___2kVWQ\">\n<div class=\"features-section___1pumR\">\n<div class=\"item___1X-1_\"><img decoding=\"async\" class=\"img_with_fallback___2aHBu feature-icon___3S9eQ\" src=\"https:\/\/brand.assets.adidas.com\/image\/upload\/road_24f719a743.png\" alt=\"\" data-auto-id=\"image\" \/><\/p>\n<p class=\"feature-icon-text___3Owgv\">Correr en asfalto<\/p>\n<\/div>\n<div class=\"item___1X-1_\"><img decoding=\"async\" class=\"img_with_fallback___2aHBu feature-icon___3S9eQ\" src=\"https:\/\/brand.assets.adidas.com\/image\/upload\/neutral_16b16d1637.png\" alt=\"\" data-auto-id=\"image\" \/><\/p>\n<p class=\"feature-icon-text___3Owgv\">Neutro<\/p>\n<\/div>\n<div class=\"item___1X-1_\"><img decoding=\"async\" class=\"img_with_fallback___2aHBu feature-icon___3S9eQ\" src=\"https:\/\/brand.assets.adidas.com\/image\/upload\/regular_a176d1f2d6.png\" alt=\"\" data-auto-id=\"image\" \/><\/p>\n<p class=\"feature-icon-text___3Owgv\">Horma cl\u00e1sica<\/p>\n<\/div>\n<div class=\"special-item___2Ohsx\">\n<p class=\"feature-icon-summary-small___31Rc0\">\n<\/div>\n<div class=\"special-item___2Ohsx\"><\/div>\n<div class=\"accordion__header-text___2o9Im\">\n<h2 class=\"accordion-title___2sTgR\">Detalles<\/h2>\n<\/div>\n<div class=\"accordion__header-icon___2FuRa\"><\/div>\n<div class=\"accordion__content___29x9h\">\n<div class=\"content-padding___2kVWQ\">\n<div class=\"bullets___3bsSs\" data-auto-id=\"specifications-section\">\n<ul class=\"gl-list\">\n<li class=\"gl-vspace-bpall-small\">Ajuste cl\u00e1sico<\/li>\n<li class=\"gl-vspace-bpall-small\">Sistema de amarre de cordones<\/li>\n<li class=\"gl-vspace-bpall-small\">Parte superior de malla<\/li>\n<li class=\"gl-vspace-bpall-small\">Forro interno textil<\/li>\n<li class=\"gl-vspace-bpall-small\">Mediasuela de EVA<\/li>\n<li class=\"gl-vspace-bpall-small\">Peso: 310 gramos<\/li>\n<li class=\"gl-vspace-bpall-small\">Ca\u00edda mediasuela: 9 mm (tal\u00f3n: 32 mm \/ antepi\u00e9: 23 mm)<\/li>\n<li class=\"gl-vspace-bpall-small\">Suela de caucho<\/li>\n<li class=\"gl-vspace-bpall-small\">La parte superior contiene al menos un 50% de material reciclado<\/li>\n<li class=\"gl-vspace-bpall-small\">Color: Better Scarlet \/ Iron Metallic \/ Solar Red<\/li>\n<li class=\"gl-vspace-bpall-small\">Modelo: IG0738<\/li>\n<\/ul>\n<\/div>\n<\/div>\n<\/div>\n<\/div>\n<\/div>\n<\/div>\n","protected":false},"excerpt":{"rendered":"<p>RESPONSE RUNNER Calzados de running informales hechos parcialmente con materiales reciclados. Dise\u00f1ados para tus salidas a correr matutinas o a<\/p>\n","protected":false},"featured_media":60297,"comment_status":"open","ping_status":"closed","template":"","meta":{"nf_dc_page":""},"product_brand":[],"product_cat":[76],"product_tag":[],"class_list":{"0":"post-60296","1":"product","2":"type-product","3":"status-publish","4":"has-post-thumbnail","6":"product_cat-masculino","8":"first","9":"instock","10":"shipping-taxable","11":"purchasable","12":"product-type-simple"},"_links":{"self":[{"href":"https:\/\/brandss.com.py\/index\/wp-json\/wp\/v2\/product\/60296","targetHints":{"allow":["GET"]}}],"collection":[{"href":"https:\/\/brandss.com.py\/index\/wp-json\/wp\/v2\/product"}],"about":[{"href":"https:\/\/brandss.com.py\/index\/wp-json\/wp\/v2\/types\/product"}],"replies":[{"embeddable":true,"href":"https:\/\/brandss.com.py\/index\/wp-json\/wp\/v2\/comments?post=60296"}],"version-history":[{"count":1,"href":"https:\/\/brandss.com.py\/index\/wp-json\/wp\/v2\/product\/60296\/revisions"}],"predecessor-version":[{"id":60306,"href":"https:\/\/brandss.com.py\/index\/wp-json\/wp\/v2\/product\/60296\/revisions\/60306"}],"wp:featuredmedia":[{"embeddable":true,"href":"https:\/\/brandss.com.py\/index\/wp-json\/wp\/v2\/media\/60297"}],"wp:attachment":[{"href":"https:\/\/brandss.com.py\/index\/wp-json\/wp\/v2\/media?parent=60296"}],"wp:term":[{"taxonomy":"product_brand","embeddable":true,"href":"https:\/\/brandss.com.py\/index\/wp-json\/wp\/v2\/product_brand?post=60296"},{"taxonomy":"product_cat","embeddable":true,"href":"https:\/\/brandss.com.py\/index\/wp-json\/wp\/v2\/product_cat?post=60296"},{"taxonomy":"product_tag","embeddable":true,"href":"https:\/\/brandss.com.py\/index\/wp-json\/wp\/v2\/product_tag?post=60296"}],"curies":[{"name":"wp","href":"https:\/\/api.w.org\/{rel}","templated":true}]}}