{"id":60317,"date":"2024-10-26T13:50:03","date_gmt":"2024-10-26T13:50:03","guid":{"rendered":"https:\/\/brandss.com.py\/index\/?post_type=product&#038;p=60317"},"modified":"2024-10-26T13:51:54","modified_gmt":"2024-10-26T13:51:54","slug":"calzado-deportivo-masculino-adidas-multix","status":"publish","type":"product","link":"https:\/\/brandss.com.py\/index\/producto\/calzado-deportivo-masculino-adidas-multix\/","title":{"rendered":"CALZADO DEPORTIVO MASCULINO ADIDAS MULTIX"},"content":{"rendered":"<p><img loading=\"lazy\" decoding=\"async\" class=\"\" src=\"https:\/\/upload.wikimedia.org\/wikipedia\/commons\/2\/20\/Adidas_Logo.svg\" alt=\"Archivo:Adidas Logo.svg - Wikipedia, la enciclopedia libre\" width=\"107\" height=\"74\" \/><\/p>\n<h1>MULTIX<\/h1>\n<h3 class=\"subtitle___9ljbp\">Calzados de malla c\u00f3modos con el estilo moderno de las 3 Franjas<\/h3>\n<p class=\"gl-vspace\">No importa c\u00f3mo lo combines o reinventes, el ADN de adidas nunca pasa desapercibido. Estos calzados adidas Multix son la prueba. Su dise\u00f1o se inspira en nuestras innovaciones pasadas y en el rico patrimonio de la marca para lograr un estilo totalmente nuevo. Adem\u00e1s, incorporan una mediasuela de EVA que ofrece una pisada m\u00e1s c\u00f3moda. Este producto incorpora material reciclado como parte de nuestro anhelo de ponerle fin a la contaminaci\u00f3n por pl\u00e1stico. El 20% de las piezas utilizadas para fabricar el exterior est\u00e1n hechas con un m\u00ednimo de 50% de contenido reciclado.<\/p>\n<div class=\"accordion__header-text___2o9Im\">\n<h2 class=\"accordion-title___2sTgR\">Detalles<\/h2>\n<\/div>\n<div class=\"accordion__header-icon___2FuRa\"><\/div>\n<div class=\"accordion__content___29x9h\">\n<div class=\"content-padding___2kVWQ\">\n<div class=\"bullets___3bsSs\" data-auto-id=\"specifications-section\">\n<ul class=\"gl-list\">\n<li class=\"gl-vspace-bpall-small\">Corte cl\u00e1sico.<\/li>\n<li class=\"gl-vspace-bpall-small\">Sistema de amarre de cordones.<\/li>\n<li class=\"gl-vspace-bpall-small\">Exterior en malla sellado.<\/li>\n<li class=\"gl-vspace-bpall-small\">Forro interno textil.<\/li>\n<li class=\"gl-vspace-bpall-small\">Mediasuela de EVA.<\/li>\n<li class=\"gl-vspace-bpall-small\">Suela de caucho.<\/li>\n<li class=\"gl-vspace-bpall-small\">Color: Core Black \/ Cloud White \/ Grey Two.<\/li>\n<li class=\"gl-vspace-bpall-small\">Modelo: H02951.<\/li>\n<\/ul>\n<\/div>\n<\/div>\n<\/div>\n","protected":false},"excerpt":{"rendered":"<p>MULTIX Calzados de malla c\u00f3modos con el estilo moderno de las 3 Franjas No importa c\u00f3mo lo combines o reinventes,<\/p>\n","protected":false},"featured_media":60318,"comment_status":"open","ping_status":"closed","template":"","meta":{"nf_dc_page":""},"product_brand":[],"product_cat":[76],"product_tag":[],"class_list":{"0":"post-60317","1":"product","2":"type-product","3":"status-publish","4":"has-post-thumbnail","6":"product_cat-masculino","8":"first","9":"instock","10":"shipping-taxable","11":"purchasable","12":"product-type-simple"},"_links":{"self":[{"href":"https:\/\/brandss.com.py\/index\/wp-json\/wp\/v2\/product\/60317","targetHints":{"allow":["GET"]}}],"collection":[{"href":"https:\/\/brandss.com.py\/index\/wp-json\/wp\/v2\/product"}],"about":[{"href":"https:\/\/brandss.com.py\/index\/wp-json\/wp\/v2\/types\/product"}],"replies":[{"embeddable":true,"href":"https:\/\/brandss.com.py\/index\/wp-json\/wp\/v2\/comments?post=60317"}],"version-history":[{"count":1,"href":"https:\/\/brandss.com.py\/index\/wp-json\/wp\/v2\/product\/60317\/revisions"}],"predecessor-version":[{"id":60327,"href":"https:\/\/brandss.com.py\/index\/wp-json\/wp\/v2\/product\/60317\/revisions\/60327"}],"wp:featuredmedia":[{"embeddable":true,"href":"https:\/\/brandss.com.py\/index\/wp-json\/wp\/v2\/media\/60318"}],"wp:attachment":[{"href":"https:\/\/brandss.com.py\/index\/wp-json\/wp\/v2\/media?parent=60317"}],"wp:term":[{"taxonomy":"product_brand","embeddable":true,"href":"https:\/\/brandss.com.py\/index\/wp-json\/wp\/v2\/product_brand?post=60317"},{"taxonomy":"product_cat","embeddable":true,"href":"https:\/\/brandss.com.py\/index\/wp-json\/wp\/v2\/product_cat?post=60317"},{"taxonomy":"product_tag","embeddable":true,"href":"https:\/\/brandss.com.py\/index\/wp-json\/wp\/v2\/product_tag?post=60317"}],"curies":[{"name":"wp","href":"https:\/\/api.w.org\/{rel}","templated":true}]}}