{"id":60328,"date":"2024-10-26T14:22:15","date_gmt":"2024-10-26T14:22:15","guid":{"rendered":"https:\/\/brandss.com.py\/index\/?post_type=product&#038;p=60328"},"modified":"2024-10-26T14:23:07","modified_gmt":"2024-10-26T14:23:07","slug":"calzado-deportivo-masculino-adidas-x_plr-2","status":"publish","type":"product","link":"https:\/\/brandss.com.py\/index\/producto\/calzado-deportivo-masculino-adidas-x_plr-2\/","title":{"rendered":"CALZADO DEPORTIVO MASCULINO ADIDAS X_PLR"},"content":{"rendered":"<p><img loading=\"lazy\" decoding=\"async\" class=\"\" src=\"https:\/\/upload.wikimedia.org\/wikipedia\/commons\/2\/20\/Adidas_Logo.svg\" alt=\"Archivo:Adidas Logo.svg - Wikipedia, la enciclopedia libre\" width=\"82\" height=\"56\" \/><\/p>\n<h1>X_PLR<\/h1>\n<h3 class=\"subtitle___9ljbp\"><span>Calzados de aspecto minimalista con parte superior de punto, cordones r\u00e1pidos y detalles reflectantes.<\/span><\/h3>\n<p class=\"gl-vspace\"><span>El estilo minimalista aporta un aspecto moderno a las X_PLR inspiradas en el running. Estos calzados cuentan con una parte superior de punto suave y multicolor para lograr un aspecto 3D y un calce similar al de un calcet\u00edn. Las 3 rayas reflectantes y la leng\u00fceta del tal\u00f3n a\u00f1aden detalles modernos. El sistema de cordones r\u00e1pidos crea un perfil elegante y limpio y una entresuela de EVA proporciona un soporte c\u00f3modo.<\/span><\/p>\n<div class=\"accordion__header-text___2o9Im\">\n<h2 class=\"accordion-title___2sTgR\"><span>Detalles<\/span><\/h2>\n<\/div>\n<div class=\"accordion__header-icon___2FuRa\"><\/div>\n<div class=\"accordion__content___29x9h\">\n<div class=\"content-padding___2kVWQ\">\n<div class=\"bullets___3bsSs\" data-auto-id=\"specifications-section\">\n<ul class=\"gl-list\">\n<li class=\"gl-vspace-bpall-small\"><span>Parte superior de tejido de varios colores dise\u00f1ada.<\/span><\/li>\n<li class=\"gl-vspace-bpall-small\"><span>C\u00f3modo forro textil.<\/span><\/li>\n<li class=\"gl-vspace-bpall-small\"><span>3 rayas reflectantes y leng\u00fceta en el tal\u00f3n.<\/span><\/li>\n<li class=\"gl-vspace-bpall-small\"><span>Sistema de cordones r\u00e1pidos con tope de goma.<\/span><\/li>\n<li class=\"gl-vspace-bpall-small\"><span>Disfrute de la comodidad y el rendimiento de la plantilla OrthoLite\u00ae; entresuela de EVA moldeada para una amortiguaci\u00f3n liviana.<\/span><\/li>\n<li class=\"gl-vspace-bpall-small\"><span>Suela de goma.<\/span><\/li>\n<li class=\"gl-vspace-bpall-small\"><span>Parte superior textil y sint\u00e9tica \/ Forro textil \/ Suela de goma.<\/span><\/li>\n<li class=\"gl-vspace-bpall-small\"><span>Color: Core Black \/ Core Black \/ Rojo.<\/span><\/li>\n<li class=\"gl-vspace-bpall-small\"><span>Modelo: BY9262.<\/span><\/li>\n<\/ul>\n<\/div>\n<\/div>\n<\/div>\n","protected":false},"excerpt":{"rendered":"<p>X_PLR Calzados de aspecto minimalista con parte superior de punto, cordones r\u00e1pidos y detalles reflectantes. El estilo minimalista aporta un<\/p>\n","protected":false},"featured_media":60329,"comment_status":"open","ping_status":"closed","template":"","meta":{"nf_dc_page":""},"product_brand":[],"product_cat":[76],"product_tag":[],"class_list":{"0":"post-60328","1":"product","2":"type-product","3":"status-publish","4":"has-post-thumbnail","6":"product_cat-masculino","8":"first","9":"instock","10":"shipping-taxable","11":"purchasable","12":"product-type-simple"},"_links":{"self":[{"href":"https:\/\/brandss.com.py\/index\/wp-json\/wp\/v2\/product\/60328","targetHints":{"allow":["GET"]}}],"collection":[{"href":"https:\/\/brandss.com.py\/index\/wp-json\/wp\/v2\/product"}],"about":[{"href":"https:\/\/brandss.com.py\/index\/wp-json\/wp\/v2\/types\/product"}],"replies":[{"embeddable":true,"href":"https:\/\/brandss.com.py\/index\/wp-json\/wp\/v2\/comments?post=60328"}],"version-history":[{"count":1,"href":"https:\/\/brandss.com.py\/index\/wp-json\/wp\/v2\/product\/60328\/revisions"}],"predecessor-version":[{"id":60338,"href":"https:\/\/brandss.com.py\/index\/wp-json\/wp\/v2\/product\/60328\/revisions\/60338"}],"wp:featuredmedia":[{"embeddable":true,"href":"https:\/\/brandss.com.py\/index\/wp-json\/wp\/v2\/media\/60329"}],"wp:attachment":[{"href":"https:\/\/brandss.com.py\/index\/wp-json\/wp\/v2\/media?parent=60328"}],"wp:term":[{"taxonomy":"product_brand","embeddable":true,"href":"https:\/\/brandss.com.py\/index\/wp-json\/wp\/v2\/product_brand?post=60328"},{"taxonomy":"product_cat","embeddable":true,"href":"https:\/\/brandss.com.py\/index\/wp-json\/wp\/v2\/product_cat?post=60328"},{"taxonomy":"product_tag","embeddable":true,"href":"https:\/\/brandss.com.py\/index\/wp-json\/wp\/v2\/product_tag?post=60328"}],"curies":[{"name":"wp","href":"https:\/\/api.w.org\/{rel}","templated":true}]}}