{"id":60349,"date":"2024-10-26T16:56:52","date_gmt":"2024-10-26T16:56:52","guid":{"rendered":"https:\/\/brandss.com.py\/index\/?post_type=product&#038;p=60349"},"modified":"2024-10-26T16:57:28","modified_gmt":"2024-10-26T16:57:28","slug":"calzado-deportivo-masculino-adidas-alphalava","status":"publish","type":"product","link":"https:\/\/brandss.com.py\/index\/producto\/calzado-deportivo-masculino-adidas-alphalava\/","title":{"rendered":"CALZADO DEPORTIVO MASCULINO ADIDAS ALPHALAVA"},"content":{"rendered":"<p><img loading=\"lazy\" decoding=\"async\" class=\"\" src=\"https:\/\/upload.wikimedia.org\/wikipedia\/commons\/2\/20\/Adidas_Logo.svg\" alt=\"Archivo:Adidas Logo.svg - Wikipedia, la enciclopedia libre\" width=\"102\" height=\"70\" \/><\/p>\n<h1>ALPHALAVA<\/h1>\n<h3 class=\"subtitle___9ljbp\"><span>Calzados para correr diariamente con un incre\u00edble retorno de energ\u00eda.<\/span><\/h3>\n<p class=\"gl-vspace\"><span>Alphalava es el tipo de calzado que usas todo el tiempo, incluso despu\u00e9s de tus kil\u00f3metros matutinos. Estos calzados para correr de adidas est\u00e1n hechas de malla dise\u00f1ada, que ofrece soporte y flexibilidad espec\u00edficos. Se apoyan sobre una entresuela Boost, que te da la potencia para mantener tus pies en movimiento.<\/span><\/p>\n<div class=\"accordion__header-text___2o9Im\">\n<h2 class=\"accordion-title___2sTgR\"><span>Detalles<\/span><\/h2>\n<\/div>\n<div class=\"accordion__header-icon___2FuRa\"><\/div>\n<div class=\"accordion__content___29x9h\">\n<div class=\"content-padding___2kVWQ\">\n<div class=\"bullets___3bsSs\" data-auto-id=\"specifications-section\">\n<ul class=\"gl-list\">\n<li class=\"gl-vspace-bpall-small\"><span>Ajuste regular.<\/span><\/li>\n<li class=\"gl-vspace-bpall-small\"><span>Cierre de encaje.<\/span><\/li>\n<li class=\"gl-vspace-bpall-small\"><span>Parte superior textil.<\/span><\/li>\n<li class=\"gl-vspace-bpall-small\"><span>Entresuela Boost.<\/span><\/li>\n<li class=\"gl-vspace-bpall-small\"><span>Forro textil.<\/span><\/li>\n<li class=\"gl-vspace-bpall-small\"><span>Suela de goma.<\/span><\/li>\n<li class=\"gl-vspace-bpall-small\"><span>Color: blanco nube \/ tinte rosa \/ halo \u00e1mbar.<\/span><\/li>\n<li class=\"gl-vspace-bpall-small\"><span>Modelo: GW2575.<\/span><\/li>\n<\/ul>\n<\/div>\n<\/div>\n<\/div>\n","protected":false},"excerpt":{"rendered":"<p>ALPHALAVA Calzados para correr diariamente con un incre\u00edble retorno de energ\u00eda. Alphalava es el tipo de calzado que usas todo<\/p>\n","protected":false},"featured_media":60350,"comment_status":"open","ping_status":"closed","template":"","meta":{"nf_dc_page":""},"product_brand":[],"product_cat":[76],"product_tag":[],"class_list":{"0":"post-60349","1":"product","2":"type-product","3":"status-publish","4":"has-post-thumbnail","6":"product_cat-masculino","8":"first","9":"instock","10":"shipping-taxable","11":"purchasable","12":"product-type-simple"},"_links":{"self":[{"href":"https:\/\/brandss.com.py\/index\/wp-json\/wp\/v2\/product\/60349","targetHints":{"allow":["GET"]}}],"collection":[{"href":"https:\/\/brandss.com.py\/index\/wp-json\/wp\/v2\/product"}],"about":[{"href":"https:\/\/brandss.com.py\/index\/wp-json\/wp\/v2\/types\/product"}],"replies":[{"embeddable":true,"href":"https:\/\/brandss.com.py\/index\/wp-json\/wp\/v2\/comments?post=60349"}],"version-history":[{"count":1,"href":"https:\/\/brandss.com.py\/index\/wp-json\/wp\/v2\/product\/60349\/revisions"}],"predecessor-version":[{"id":60358,"href":"https:\/\/brandss.com.py\/index\/wp-json\/wp\/v2\/product\/60349\/revisions\/60358"}],"wp:featuredmedia":[{"embeddable":true,"href":"https:\/\/brandss.com.py\/index\/wp-json\/wp\/v2\/media\/60350"}],"wp:attachment":[{"href":"https:\/\/brandss.com.py\/index\/wp-json\/wp\/v2\/media?parent=60349"}],"wp:term":[{"taxonomy":"product_brand","embeddable":true,"href":"https:\/\/brandss.com.py\/index\/wp-json\/wp\/v2\/product_brand?post=60349"},{"taxonomy":"product_cat","embeddable":true,"href":"https:\/\/brandss.com.py\/index\/wp-json\/wp\/v2\/product_cat?post=60349"},{"taxonomy":"product_tag","embeddable":true,"href":"https:\/\/brandss.com.py\/index\/wp-json\/wp\/v2\/product_tag?post=60349"}],"curies":[{"name":"wp","href":"https:\/\/api.w.org\/{rel}","templated":true}]}}