{"id":60359,"date":"2024-10-26T17:11:33","date_gmt":"2024-10-26T17:11:33","guid":{"rendered":"https:\/\/brandss.com.py\/index\/?post_type=product&#038;p=60359"},"modified":"2024-10-26T17:12:13","modified_gmt":"2024-10-26T17:12:13","slug":"calzado-deportivo-masculino-adidas-roamer","status":"publish","type":"product","link":"https:\/\/brandss.com.py\/index\/producto\/calzado-deportivo-masculino-adidas-roamer\/","title":{"rendered":"CALZADO DEPORTIVO MASCULINO ADIDAS ROAMER"},"content":{"rendered":"<p><img loading=\"lazy\" decoding=\"async\" class=\"\" src=\"https:\/\/upload.wikimedia.org\/wikipedia\/commons\/2\/20\/Adidas_Logo.svg\" alt=\"Archivo:Adidas Logo.svg - Wikipedia, la enciclopedia libre\" width=\"89\" height=\"61\" \/><\/p>\n<h1>ROAMER<\/h1>\n<h3 class=\"subtitle___9ljbp\"><span>Zapatos c\u00f3modos para el d\u00eda a d\u00eda con formas llamativas.<\/span><\/h3>\n<p class=\"gl-vspace\"><span>Lo que m\u00e1s te gusta son las vibraciones. \u00bfPor qu\u00e9 no ponerte algo que comparta tu visi\u00f3n? Estos calzados adidas inspirados en el running son aut\u00e9nticos, con colores llamativos y una amortiguaci\u00f3n suave. La entresuela Cloudfoam te ofrece una comodidad que te permite seguir el ritmo de lo que te depare el d\u00eda.<\/span><\/p>\n<div class=\"accordion__header-text___2o9Im\">\n<h2><\/h2>\n<h2 class=\"accordion-title___2sTgR\"><span>Detalles<\/span><\/h2>\n<\/div>\n<div class=\"accordion__header-icon___2FuRa\"><\/div>\n<div class=\"accordion__content___29x9h\">\n<div class=\"content-padding___2kVWQ\">\n<div class=\"bullets___3bsSs\" data-auto-id=\"specifications-section\">\n<ul class=\"gl-list\">\n<li class=\"gl-vspace-bpall-small\"><span>Cierre de encaje.<\/span><\/li>\n<li class=\"gl-vspace-bpall-small\"><span>Parte superior de tejido de punto.<\/span><\/li>\n<li class=\"gl-vspace-bpall-small\"><span>Tacto suave.<\/span><\/li>\n<li class=\"gl-vspace-bpall-small\"><span>Entresuela de espuma de nube.<\/span><\/li>\n<li class=\"gl-vspace-bpall-small\"><span>Forro textil.<\/span><\/li>\n<li class=\"gl-vspace-bpall-small\"><span>Suela de goma.<\/span><\/li>\n<li class=\"gl-vspace-bpall-small\"><span>Color: Negro b\u00e1sico \/ Negro b\u00e1sico \/ Rojo solar.<\/span><\/li>\n<li class=\"gl-vspace-bpall-small\"><span>Modelo: FY6698.<\/span><\/li>\n<\/ul>\n<\/div>\n<\/div>\n<\/div>\n","protected":false},"excerpt":{"rendered":"<p>ROAMER Zapatos c\u00f3modos para el d\u00eda a d\u00eda con formas llamativas. Lo que m\u00e1s te gusta son las vibraciones. \u00bfPor<\/p>\n","protected":false},"featured_media":60360,"comment_status":"open","ping_status":"closed","template":"","meta":{"nf_dc_page":""},"product_brand":[],"product_cat":[76],"product_tag":[],"class_list":{"0":"post-60359","1":"product","2":"type-product","3":"status-publish","4":"has-post-thumbnail","6":"product_cat-masculino","8":"first","9":"instock","10":"shipping-taxable","11":"purchasable","12":"product-type-simple"},"_links":{"self":[{"href":"https:\/\/brandss.com.py\/index\/wp-json\/wp\/v2\/product\/60359","targetHints":{"allow":["GET"]}}],"collection":[{"href":"https:\/\/brandss.com.py\/index\/wp-json\/wp\/v2\/product"}],"about":[{"href":"https:\/\/brandss.com.py\/index\/wp-json\/wp\/v2\/types\/product"}],"replies":[{"embeddable":true,"href":"https:\/\/brandss.com.py\/index\/wp-json\/wp\/v2\/comments?post=60359"}],"version-history":[{"count":1,"href":"https:\/\/brandss.com.py\/index\/wp-json\/wp\/v2\/product\/60359\/revisions"}],"predecessor-version":[{"id":60368,"href":"https:\/\/brandss.com.py\/index\/wp-json\/wp\/v2\/product\/60359\/revisions\/60368"}],"wp:featuredmedia":[{"embeddable":true,"href":"https:\/\/brandss.com.py\/index\/wp-json\/wp\/v2\/media\/60360"}],"wp:attachment":[{"href":"https:\/\/brandss.com.py\/index\/wp-json\/wp\/v2\/media?parent=60359"}],"wp:term":[{"taxonomy":"product_brand","embeddable":true,"href":"https:\/\/brandss.com.py\/index\/wp-json\/wp\/v2\/product_brand?post=60359"},{"taxonomy":"product_cat","embeddable":true,"href":"https:\/\/brandss.com.py\/index\/wp-json\/wp\/v2\/product_cat?post=60359"},{"taxonomy":"product_tag","embeddable":true,"href":"https:\/\/brandss.com.py\/index\/wp-json\/wp\/v2\/product_tag?post=60359"}],"curies":[{"name":"wp","href":"https:\/\/api.w.org\/{rel}","templated":true}]}}