{"id":60369,"date":"2024-10-26T18:20:29","date_gmt":"2024-10-26T18:20:29","guid":{"rendered":"https:\/\/brandss.com.py\/index\/?post_type=product&#038;p=60369"},"modified":"2024-10-26T18:21:19","modified_gmt":"2024-10-26T18:21:19","slug":"calzado-deportivo-masculino-adidas-tech-response-sl","status":"publish","type":"product","link":"https:\/\/brandss.com.py\/index\/producto\/calzado-deportivo-masculino-adidas-tech-response-sl\/","title":{"rendered":"CALZADO DEPORTIVO MASCULINO ADIDAS TECH RESPONSE SL"},"content":{"rendered":"<p><img loading=\"lazy\" decoding=\"async\" class=\"\" src=\"https:\/\/upload.wikimedia.org\/wikipedia\/commons\/2\/20\/Adidas_Logo.svg\" alt=\"Archivo:Adidas Logo.svg - Wikipedia, la enciclopedia libre\" width=\"100\" height=\"69\" \/><\/p>\n<h1>TECH RESPONSE SL<\/h1>\n<p>No hay nada como la sensaci\u00f3n de caminar hacia la pelota y enviarla al centro de una calle abierta. Con tracci\u00f3n y amortiguaci\u00f3n seguras, estos zapatos de golf sin clavos de adidas te mantendr\u00e1n en pie desde el primer tiro hasta el \u00faltimo. Estos zapatos de golf para hombre cuentan con una entresuela ligera de EVA con una construcci\u00f3n de bajo perfil para acercar tu pie al piso para mayor comodidad y estabilidad en los eslabones. La parte superior de malla transpirable ayuda a mantener los pies c\u00f3modos bajo presi\u00f3n. Agarre verdes y calles con confianza. Adidas ya dispone de zapatos de golf de alto rendimiento! Equipado con una parte superior ligera y transpirable y una entresuela de EVA resistente, \u00a1tus pies siempre estar\u00e1n c\u00f3modos mientras caminas por el campo!<br \/>\nAdem\u00e1s, tiene excelentes propiedades de amortiguaci\u00f3n, por lo que tus pies no se cansar\u00e1n incluso cuando viajes largas distancias.<br \/>\nDesde el tee hasta el \u00faltimo putt,<br \/>\ndisfruta de una emocionante experiencia de golf con estos zapatos de golf sin clavos adidas.<\/p>\n<h3 class=\"product-facts-title\"><span>Detalles<\/span><\/h3>\n<ul>\n<li><span>Corte ensanchado<\/span><\/li>\n<li><span>Modelo con cordones<\/span><\/li>\n<li><span>Parte superior de malla<\/span><\/li>\n<li><span>Modelo ligero y transpirable.<\/span><\/li>\n<li><span>Zapatos de golf ligeros y sin clavos<\/span><\/li>\n<li><span>Entresuela ligera de EVA<\/span><\/li>\n<li><span>Suela exterior de goma sin clavos con tacos largos X-Traxion aptos para el c\u00e9sped<\/span><\/li>\n<li><span>Color: Negro\/Blanco\/Rojo<\/span><\/li>\n<li><span>Modelo: EG5296<\/span><\/li>\n<\/ul>\n<ul>\n<li style=\"list-style-type: none\"><\/li>\n<\/ul>\n","protected":false},"excerpt":{"rendered":"<p>TECH RESPONSE SL No hay nada como la sensaci\u00f3n de caminar hacia la pelota y enviarla al centro de una<\/p>\n","protected":false},"featured_media":60370,"comment_status":"open","ping_status":"closed","template":"","meta":{"nf_dc_page":""},"product_brand":[],"product_cat":[76],"product_tag":[],"class_list":{"0":"post-60369","1":"product","2":"type-product","3":"status-publish","4":"has-post-thumbnail","6":"product_cat-masculino","8":"first","9":"instock","10":"shipping-taxable","11":"purchasable","12":"product-type-simple"},"_links":{"self":[{"href":"https:\/\/brandss.com.py\/index\/wp-json\/wp\/v2\/product\/60369","targetHints":{"allow":["GET"]}}],"collection":[{"href":"https:\/\/brandss.com.py\/index\/wp-json\/wp\/v2\/product"}],"about":[{"href":"https:\/\/brandss.com.py\/index\/wp-json\/wp\/v2\/types\/product"}],"replies":[{"embeddable":true,"href":"https:\/\/brandss.com.py\/index\/wp-json\/wp\/v2\/comments?post=60369"}],"version-history":[{"count":1,"href":"https:\/\/brandss.com.py\/index\/wp-json\/wp\/v2\/product\/60369\/revisions"}],"predecessor-version":[{"id":60382,"href":"https:\/\/brandss.com.py\/index\/wp-json\/wp\/v2\/product\/60369\/revisions\/60382"}],"wp:featuredmedia":[{"embeddable":true,"href":"https:\/\/brandss.com.py\/index\/wp-json\/wp\/v2\/media\/60370"}],"wp:attachment":[{"href":"https:\/\/brandss.com.py\/index\/wp-json\/wp\/v2\/media?parent=60369"}],"wp:term":[{"taxonomy":"product_brand","embeddable":true,"href":"https:\/\/brandss.com.py\/index\/wp-json\/wp\/v2\/product_brand?post=60369"},{"taxonomy":"product_cat","embeddable":true,"href":"https:\/\/brandss.com.py\/index\/wp-json\/wp\/v2\/product_cat?post=60369"},{"taxonomy":"product_tag","embeddable":true,"href":"https:\/\/brandss.com.py\/index\/wp-json\/wp\/v2\/product_tag?post=60369"}],"curies":[{"name":"wp","href":"https:\/\/api.w.org\/{rel}","templated":true}]}}