{"id":60383,"date":"2024-10-26T19:04:28","date_gmt":"2024-10-26T19:04:28","guid":{"rendered":"https:\/\/brandss.com.py\/index\/?post_type=product&#038;p=60383"},"modified":"2024-10-26T19:05:43","modified_gmt":"2024-10-26T19:05:43","slug":"calzado-deportivo-masculino-adidas-x_plr-3","status":"publish","type":"product","link":"https:\/\/brandss.com.py\/index\/producto\/calzado-deportivo-masculino-adidas-x_plr-3\/","title":{"rendered":"CALZADO DEPORTIVO MASCULINO ADIDAS X_PLR"},"content":{"rendered":"<p><img loading=\"lazy\" decoding=\"async\" class=\"\" src=\"https:\/\/upload.wikimedia.org\/wikipedia\/commons\/2\/20\/Adidas_Logo.svg\" alt=\"Archivo:Adidas Logo.svg - Wikipedia, la enciclopedia libre\" width=\"93\" height=\"64\" \/><\/p>\n<h1>X_PLR<\/h1>\n<p><span>Avent\u00farate y\u00a0\u00a0<\/span><span>explora la naturaleza. Los\u00a0 <\/span><span>calzados adidas Originals X_PLR para hombre ofrecen una comodidad inigualable. Con los ligeros calzados adidas X_PLR, te sentir\u00e1s al aire libre todo el d\u00eda.\u00a0 <\/span><span>Los calzados adidas est\u00e1n confeccionadas con una parte superior de tela con cordones el\u00e1sticos y una entresuela de EVA. Son ligeras y tienen una suela exterior de goma. Llamar\u00e1s la atenci\u00f3n con tus calzados superelegantes.<\/span><\/p>\n<h3>Detalles:<\/h3>\n<ul>\n<li><span>Cierre de encaje.<\/span><\/li>\n<li><span>Parte superior textil.<\/span><\/li>\n<li><span>Zapatos ligeros.<\/span><\/li>\n<li><span>Entresuela de EVA.<\/span><\/li>\n<li><span>Suela de goma.<\/span><\/li>\n<li><span>Importado.<\/span><\/li>\n<li><span>Color: Core Black \/ Core Black \/ Gum.<\/span><\/li>\n<li>Modelo: FY9053.<\/li>\n<\/ul>\n","protected":false},"excerpt":{"rendered":"<p>X_PLR Avent\u00farate y\u00a0\u00a0explora la naturaleza. Los\u00a0 calzados adidas Originals X_PLR para hombre ofrecen una comodidad inigualable. Con los ligeros calzados<\/p>\n","protected":false},"featured_media":60384,"comment_status":"open","ping_status":"closed","template":"","meta":{"nf_dc_page":""},"product_brand":[],"product_cat":[76],"product_tag":[],"class_list":{"0":"post-60383","1":"product","2":"type-product","3":"status-publish","4":"has-post-thumbnail","6":"product_cat-masculino","8":"first","9":"instock","10":"shipping-taxable","11":"purchasable","12":"product-type-simple"},"_links":{"self":[{"href":"https:\/\/brandss.com.py\/index\/wp-json\/wp\/v2\/product\/60383","targetHints":{"allow":["GET"]}}],"collection":[{"href":"https:\/\/brandss.com.py\/index\/wp-json\/wp\/v2\/product"}],"about":[{"href":"https:\/\/brandss.com.py\/index\/wp-json\/wp\/v2\/types\/product"}],"replies":[{"embeddable":true,"href":"https:\/\/brandss.com.py\/index\/wp-json\/wp\/v2\/comments?post=60383"}],"version-history":[{"count":2,"href":"https:\/\/brandss.com.py\/index\/wp-json\/wp\/v2\/product\/60383\/revisions"}],"predecessor-version":[{"id":60394,"href":"https:\/\/brandss.com.py\/index\/wp-json\/wp\/v2\/product\/60383\/revisions\/60394"}],"wp:featuredmedia":[{"embeddable":true,"href":"https:\/\/brandss.com.py\/index\/wp-json\/wp\/v2\/media\/60384"}],"wp:attachment":[{"href":"https:\/\/brandss.com.py\/index\/wp-json\/wp\/v2\/media?parent=60383"}],"wp:term":[{"taxonomy":"product_brand","embeddable":true,"href":"https:\/\/brandss.com.py\/index\/wp-json\/wp\/v2\/product_brand?post=60383"},{"taxonomy":"product_cat","embeddable":true,"href":"https:\/\/brandss.com.py\/index\/wp-json\/wp\/v2\/product_cat?post=60383"},{"taxonomy":"product_tag","embeddable":true,"href":"https:\/\/brandss.com.py\/index\/wp-json\/wp\/v2\/product_tag?post=60383"}],"curies":[{"name":"wp","href":"https:\/\/api.w.org\/{rel}","templated":true}]}}