{"id":60415,"date":"2024-10-28T12:05:07","date_gmt":"2024-10-28T12:05:07","guid":{"rendered":"https:\/\/brandss.com.py\/index\/?post_type=product&#038;p=60415"},"modified":"2024-10-28T12:05:58","modified_gmt":"2024-10-28T12:05:58","slug":"calzado-deportivo-femenino-adidas-swift-run-22","status":"publish","type":"product","link":"https:\/\/brandss.com.py\/index\/producto\/calzado-deportivo-femenino-adidas-swift-run-22\/","title":{"rendered":"CALZADO DEPORTIVO FEMENINO ADIDAS SWIFT RUN 22"},"content":{"rendered":"<p><img loading=\"lazy\" decoding=\"async\" class=\"\" src=\"https:\/\/upload.wikimedia.org\/wikipedia\/commons\/2\/20\/Adidas_Logo.svg\" alt=\"Archivo:Adidas Logo.svg - Wikipedia, la enciclopedia libre\" width=\"132\" height=\"91\" \/><\/p>\n<h1>SWIFT RUN 22<\/h1>\n<h3 class=\"subtitle___9ljbp\">Siempre a punto<\/h3>\n<p class=\"gl-vspace\">Tu d\u00eda no siempre va seg\u00fan lo planeado. \u00bfPero no es eso parte de la diversi\u00f3n? Sigue el ritmo de tu d\u00eda a d\u00eda con este calzado adidas. La mediasuela de EVA te ofrece una mayor comodidad y amortiguaci\u00f3n mientra caminas o corres hasta la parada del autob\u00fas. Su estilo elegante es perfecto para explorar la ciudad y salir con tus amigos. La parte superior contiene al menos un 50% de materiales reciclados. Su objetivo es plantear otra soluci\u00f3n m\u00e1s que ayude a eliminar los residuos pl\u00e1sticos.<\/p>\n<div class=\"accordion__header-text___2o9Im\">\n<h2><\/h2>\n<h2 class=\"accordion-title___2sTgR\">Detalles<\/h2>\n<\/div>\n<div class=\"accordion__header-icon___2FuRa\"><\/div>\n<div class=\"accordion__content___29x9h\">\n<div class=\"content-padding___2kVWQ\">\n<div class=\"bullets___3bsSs\" data-auto-id=\"specifications-section\">\n<ul class=\"gl-list\">\n<li class=\"gl-vspace-bpall-small\">Cierre de cordones.<\/li>\n<li class=\"gl-vspace-bpall-small\">Parte superior de malla tejida.<\/li>\n<li class=\"gl-vspace-bpall-small\">Dise\u00f1o ajustado.<\/li>\n<li class=\"gl-vspace-bpall-small\">Mediasuela de EVA.<\/li>\n<li class=\"gl-vspace-bpall-small\">Forro textil.<\/li>\n<li class=\"gl-vspace-bpall-small\">Suela de goma.<\/li>\n<li class=\"gl-vspace-bpall-small\">La parte superior contiene al menos un 50% de material reciclado.<\/li>\n<li class=\"gl-vspace-bpall-small\">Color: Crystal White \/ Core Black \/ Grey Two.<\/li>\n<li class=\"gl-vspace-bpall-small\">Modelo: GV7969.<\/li>\n<\/ul>\n<\/div>\n<\/div>\n<\/div>\n","protected":false},"excerpt":{"rendered":"<p>SWIFT RUN 22 Siempre a punto Tu d\u00eda no siempre va seg\u00fan lo planeado. \u00bfPero no es eso parte de<\/p>\n","protected":false},"featured_media":60416,"comment_status":"open","ping_status":"closed","template":"","meta":{"nf_dc_page":""},"product_brand":[],"product_cat":[73],"product_tag":[],"class_list":{"0":"post-60415","1":"product","2":"type-product","3":"status-publish","4":"has-post-thumbnail","6":"product_cat-femenino","8":"first","9":"instock","10":"shipping-taxable","11":"purchasable","12":"product-type-simple"},"_links":{"self":[{"href":"https:\/\/brandss.com.py\/index\/wp-json\/wp\/v2\/product\/60415","targetHints":{"allow":["GET"]}}],"collection":[{"href":"https:\/\/brandss.com.py\/index\/wp-json\/wp\/v2\/product"}],"about":[{"href":"https:\/\/brandss.com.py\/index\/wp-json\/wp\/v2\/types\/product"}],"replies":[{"embeddable":true,"href":"https:\/\/brandss.com.py\/index\/wp-json\/wp\/v2\/comments?post=60415"}],"version-history":[{"count":1,"href":"https:\/\/brandss.com.py\/index\/wp-json\/wp\/v2\/product\/60415\/revisions"}],"predecessor-version":[{"id":60424,"href":"https:\/\/brandss.com.py\/index\/wp-json\/wp\/v2\/product\/60415\/revisions\/60424"}],"wp:featuredmedia":[{"embeddable":true,"href":"https:\/\/brandss.com.py\/index\/wp-json\/wp\/v2\/media\/60416"}],"wp:attachment":[{"href":"https:\/\/brandss.com.py\/index\/wp-json\/wp\/v2\/media?parent=60415"}],"wp:term":[{"taxonomy":"product_brand","embeddable":true,"href":"https:\/\/brandss.com.py\/index\/wp-json\/wp\/v2\/product_brand?post=60415"},{"taxonomy":"product_cat","embeddable":true,"href":"https:\/\/brandss.com.py\/index\/wp-json\/wp\/v2\/product_cat?post=60415"},{"taxonomy":"product_tag","embeddable":true,"href":"https:\/\/brandss.com.py\/index\/wp-json\/wp\/v2\/product_tag?post=60415"}],"curies":[{"name":"wp","href":"https:\/\/api.w.org\/{rel}","templated":true}]}}