{"id":60446,"date":"2024-10-28T13:25:43","date_gmt":"2024-10-28T13:25:43","guid":{"rendered":"https:\/\/brandss.com.py\/index\/?post_type=product&#038;p=60446"},"modified":"2024-10-28T13:26:20","modified_gmt":"2024-10-28T13:26:20","slug":"calzado-deportivo-femenino-adidas-puremotion","status":"publish","type":"product","link":"https:\/\/brandss.com.py\/index\/producto\/calzado-deportivo-femenino-adidas-puremotion\/","title":{"rendered":"CALZADO DEPORTIVO FEMENINO ADIDAS PUREMOTION"},"content":{"rendered":"<p><img loading=\"lazy\" decoding=\"async\" class=\"\" src=\"https:\/\/upload.wikimedia.org\/wikipedia\/commons\/2\/20\/Adidas_Logo.svg\" alt=\"Archivo:Adidas Logo.svg - Wikipedia, la enciclopedia libre\" width=\"112\" height=\"77\" \/><\/p>\n<h1>PUREMOTION<\/h1>\n<p class=\"PDPDescHighLight-Description\"><span>Agrega un poco de estilo inspirado en el running a tu guardarropa diario con estos calzados para mujer. Las adidas Puremotion aportan actualizaciones modernas a los estilos ic\u00f3nicos, y la entresuela Cloudfoam brinda amortiguaci\u00f3n liviana en cada paso que das, para una comodidad vers\u00e1til para todos los d\u00edas. <\/span>Estos calzados te permiten sentir comodidad y avanzar durante el d\u00eda con total confianza. Estos calzados combinan una entresuela Cloudfoam con una plantilla de espuma viscoel\u00e1stica para que sean suaves como una almohada. Un dise\u00f1o sin costuras de 3 rayas y toques de color le dan a estos calzados un acabado sutil pero elegante.<\/p>\n<h4>Caracter\u00edsticas:<\/h4>\n<p>Entresuela Cloudfoam y plantilla de espuma viscoel\u00e1stica para mayor comodidad y amortiguaci\u00f3n superior.<\/p>\n<p>La parte superior de tela suave es c\u00f3moda y flexible.<\/p>\n<p>La elegante silueta se inspir\u00f3 en los corredores cl\u00e1sicos.<\/p>\n<p>Parte superior y forro textil.<\/p>\n<p>Entresuela de espuma de nube.<\/p>\n<p>Suela de EVA.<\/p>\n<p>Punta redonda.<\/p>\n<p>Cierre con cordones.<\/p>\n<p>Plantilla acolchada de espuma.<\/p>\n<p>Color: Core Black\/Core Black\/Cloud White.<\/p>\n<p>Modelo: FY8222.<\/p>\n","protected":false},"excerpt":{"rendered":"<p>PUREMOTION Agrega un poco de estilo inspirado en el running a tu guardarropa diario con estos calzados para mujer. Las<\/p>\n","protected":false},"featured_media":60447,"comment_status":"open","ping_status":"closed","template":"","meta":{"nf_dc_page":""},"product_brand":[],"product_cat":[73],"product_tag":[],"class_list":{"0":"post-60446","1":"product","2":"type-product","3":"status-publish","4":"has-post-thumbnail","6":"product_cat-femenino","8":"first","9":"instock","10":"shipping-taxable","11":"purchasable","12":"product-type-simple"},"_links":{"self":[{"href":"https:\/\/brandss.com.py\/index\/wp-json\/wp\/v2\/product\/60446","targetHints":{"allow":["GET"]}}],"collection":[{"href":"https:\/\/brandss.com.py\/index\/wp-json\/wp\/v2\/product"}],"about":[{"href":"https:\/\/brandss.com.py\/index\/wp-json\/wp\/v2\/types\/product"}],"replies":[{"embeddable":true,"href":"https:\/\/brandss.com.py\/index\/wp-json\/wp\/v2\/comments?post=60446"}],"version-history":[{"count":1,"href":"https:\/\/brandss.com.py\/index\/wp-json\/wp\/v2\/product\/60446\/revisions"}],"predecessor-version":[{"id":60458,"href":"https:\/\/brandss.com.py\/index\/wp-json\/wp\/v2\/product\/60446\/revisions\/60458"}],"wp:featuredmedia":[{"embeddable":true,"href":"https:\/\/brandss.com.py\/index\/wp-json\/wp\/v2\/media\/60447"}],"wp:attachment":[{"href":"https:\/\/brandss.com.py\/index\/wp-json\/wp\/v2\/media?parent=60446"}],"wp:term":[{"taxonomy":"product_brand","embeddable":true,"href":"https:\/\/brandss.com.py\/index\/wp-json\/wp\/v2\/product_brand?post=60446"},{"taxonomy":"product_cat","embeddable":true,"href":"https:\/\/brandss.com.py\/index\/wp-json\/wp\/v2\/product_cat?post=60446"},{"taxonomy":"product_tag","embeddable":true,"href":"https:\/\/brandss.com.py\/index\/wp-json\/wp\/v2\/product_tag?post=60446"}],"curies":[{"name":"wp","href":"https:\/\/api.w.org\/{rel}","templated":true}]}}