{"id":60459,"date":"2024-10-28T13:46:16","date_gmt":"2024-10-28T13:46:16","guid":{"rendered":"https:\/\/brandss.com.py\/index\/?post_type=product&#038;p=60459"},"modified":"2024-10-28T13:47:00","modified_gmt":"2024-10-28T13:47:00","slug":"calzado-deportivo-femenino-adidas-multix","status":"publish","type":"product","link":"https:\/\/brandss.com.py\/index\/producto\/calzado-deportivo-femenino-adidas-multix\/","title":{"rendered":"CALZADO DEPORTIVO FEMENINO ADIDAS MULTIX"},"content":{"rendered":"<p><img loading=\"lazy\" decoding=\"async\" class=\"\" src=\"https:\/\/upload.wikimedia.org\/wikipedia\/commons\/2\/20\/Adidas_Logo.svg\" alt=\"Archivo:Adidas Logo.svg - Wikipedia, la enciclopedia libre\" width=\"95\" height=\"66\" \/><\/p>\n<h1>MULTIX<\/h1>\n<h3 class=\"subtitle___9ljbp\">Calzado de inspiraci\u00f3n espacial con detalles hologr\u00e1ficos<\/h3>\n<p class=\"gl-vspace\">Llamando a todos los aventureros. Llega a todo lugar y prueba de todo con estos calzados adidas para j\u00f3venes. Su silueta definida es aut\u00e9ntica. Lucen detalles hologr\u00e1ficos que crean un look de inspiraci\u00f3n espacial, pero por fortuna tus pies seguiran en la Tierra.<\/p>\n<div class=\"accordion__header-text___2o9Im\">\n<h2><\/h2>\n<h2 class=\"accordion-title___2sTgR\">Detalles<\/h2>\n<\/div>\n<div class=\"accordion__header-icon___2FuRa\"><\/div>\n<div class=\"accordion__content___29x9h\">\n<div class=\"content-padding___2kVWQ\">\n<div class=\"bullets___3bsSs\" data-auto-id=\"specifications-section\">\n<ul class=\"gl-list\">\n<li class=\"gl-vspace-bpall-small\">Horma clasica<\/li>\n<li class=\"gl-vspace-bpall-small\">Sistema de amarre de cordones<\/li>\n<li class=\"gl-vspace-bpall-small\">Exterior de malla con uniones selladas<\/li>\n<li class=\"gl-vspace-bpall-small\">Plantilla OrthoLite\u00ae<\/li>\n<li class=\"gl-vspace-bpall-small\">Mediasuela de EVA<\/li>\n<li class=\"gl-vspace-bpall-small\">Suela de caucho<\/li>\n<li class=\"gl-vspace-bpall-small\">Color: Clear Pink \/ Almost Pink \/ Cloud White<\/li>\n<li class=\"gl-vspace-bpall-small\">Modelo: GX4811<\/li>\n<\/ul>\n<\/div>\n<\/div>\n<\/div>\n","protected":false},"excerpt":{"rendered":"<p>MULTIX Calzado de inspiraci\u00f3n espacial con detalles hologr\u00e1ficos Llamando a todos los aventureros. Llega a todo lugar y prueba de<\/p>\n","protected":false},"featured_media":60460,"comment_status":"open","ping_status":"closed","template":"","meta":{"nf_dc_page":""},"product_brand":[],"product_cat":[73],"product_tag":[],"class_list":{"0":"post-60459","1":"product","2":"type-product","3":"status-publish","4":"has-post-thumbnail","6":"product_cat-femenino","8":"first","9":"instock","10":"shipping-taxable","11":"purchasable","12":"product-type-simple"},"_links":{"self":[{"href":"https:\/\/brandss.com.py\/index\/wp-json\/wp\/v2\/product\/60459","targetHints":{"allow":["GET"]}}],"collection":[{"href":"https:\/\/brandss.com.py\/index\/wp-json\/wp\/v2\/product"}],"about":[{"href":"https:\/\/brandss.com.py\/index\/wp-json\/wp\/v2\/types\/product"}],"replies":[{"embeddable":true,"href":"https:\/\/brandss.com.py\/index\/wp-json\/wp\/v2\/comments?post=60459"}],"version-history":[{"count":1,"href":"https:\/\/brandss.com.py\/index\/wp-json\/wp\/v2\/product\/60459\/revisions"}],"predecessor-version":[{"id":60468,"href":"https:\/\/brandss.com.py\/index\/wp-json\/wp\/v2\/product\/60459\/revisions\/60468"}],"wp:featuredmedia":[{"embeddable":true,"href":"https:\/\/brandss.com.py\/index\/wp-json\/wp\/v2\/media\/60460"}],"wp:attachment":[{"href":"https:\/\/brandss.com.py\/index\/wp-json\/wp\/v2\/media?parent=60459"}],"wp:term":[{"taxonomy":"product_brand","embeddable":true,"href":"https:\/\/brandss.com.py\/index\/wp-json\/wp\/v2\/product_brand?post=60459"},{"taxonomy":"product_cat","embeddable":true,"href":"https:\/\/brandss.com.py\/index\/wp-json\/wp\/v2\/product_cat?post=60459"},{"taxonomy":"product_tag","embeddable":true,"href":"https:\/\/brandss.com.py\/index\/wp-json\/wp\/v2\/product_tag?post=60459"}],"curies":[{"name":"wp","href":"https:\/\/api.w.org\/{rel}","templated":true}]}}