{"id":60469,"date":"2024-10-28T14:34:10","date_gmt":"2024-10-28T14:34:10","guid":{"rendered":"https:\/\/brandss.com.py\/index\/?post_type=product&#038;p=60469"},"modified":"2024-10-28T14:34:58","modified_gmt":"2024-10-28T14:34:58","slug":"calzado-deportivo-femenino-adidas-racer-tr21","status":"publish","type":"product","link":"https:\/\/brandss.com.py\/index\/producto\/calzado-deportivo-femenino-adidas-racer-tr21\/","title":{"rendered":"CALZADO DEPORTIVO FEMENINO ADIDAS RACER TR21"},"content":{"rendered":"<p><img loading=\"lazy\" decoding=\"async\" class=\"\" src=\"https:\/\/upload.wikimedia.org\/wikipedia\/commons\/2\/20\/Adidas_Logo.svg\" alt=\"Archivo:Adidas Logo.svg - Wikipedia, la enciclopedia libre\" width=\"87\" height=\"60\" \/><\/p>\n<h1>RACER TR21<\/h1>\n<div class=\"product attribute overview\">\n<div class=\"value\">\n<p><span>Estos calzados adidas aportan el estilo deportivo del calzado para correr a tu look diario. Mu\u00e9vete con confianza durante todo el d\u00eda con un ajuste c\u00f3modo y una entresuela ligera que proporciona amortiguaci\u00f3n durante todo el d\u00eda bajo los pies.<\/span><br \/>\n<span>Este producto est\u00e1 fabricado con Primegreen, una serie de materiales reciclados de alto rendimiento. El 50 % de la parte superior es de contenido reciclado. Sin poli\u00e9ster virgen.<\/span><\/p>\n<p><strong>Caracter\u00edsticas<\/strong><\/p>\n<ul>\n<li>Cierre de encaje.<\/li>\n<li>Parte superior de cuero y tela, tacto suave.<\/li>\n<li>Entresuela Cloudfoam, suela de goma.<\/li>\n<li>Forro textil.<\/li>\n<li>Primegreen.<\/li>\n<li>Estilo de zapato: Zapatos deportivos.<\/li>\n<li>Altura del zapato: Parte superior baja.<\/li>\n<li>Color: Blanco-Gris Dos.<\/li>\n<li>Modelo: GX4207.<\/li>\n<\/ul>\n<\/div>\n<\/div>\n","protected":false},"excerpt":{"rendered":"<p>RACER TR21 Estos calzados adidas aportan el estilo deportivo del calzado para correr a tu look diario. Mu\u00e9vete con confianza<\/p>\n","protected":false},"featured_media":60470,"comment_status":"open","ping_status":"closed","template":"","meta":{"nf_dc_page":""},"product_brand":[],"product_cat":[73],"product_tag":[],"class_list":{"0":"post-60469","1":"product","2":"type-product","3":"status-publish","4":"has-post-thumbnail","6":"product_cat-femenino","8":"first","9":"instock","10":"shipping-taxable","11":"purchasable","12":"product-type-simple"},"_links":{"self":[{"href":"https:\/\/brandss.com.py\/index\/wp-json\/wp\/v2\/product\/60469","targetHints":{"allow":["GET"]}}],"collection":[{"href":"https:\/\/brandss.com.py\/index\/wp-json\/wp\/v2\/product"}],"about":[{"href":"https:\/\/brandss.com.py\/index\/wp-json\/wp\/v2\/types\/product"}],"replies":[{"embeddable":true,"href":"https:\/\/brandss.com.py\/index\/wp-json\/wp\/v2\/comments?post=60469"}],"version-history":[{"count":1,"href":"https:\/\/brandss.com.py\/index\/wp-json\/wp\/v2\/product\/60469\/revisions"}],"predecessor-version":[{"id":60478,"href":"https:\/\/brandss.com.py\/index\/wp-json\/wp\/v2\/product\/60469\/revisions\/60478"}],"wp:featuredmedia":[{"embeddable":true,"href":"https:\/\/brandss.com.py\/index\/wp-json\/wp\/v2\/media\/60470"}],"wp:attachment":[{"href":"https:\/\/brandss.com.py\/index\/wp-json\/wp\/v2\/media?parent=60469"}],"wp:term":[{"taxonomy":"product_brand","embeddable":true,"href":"https:\/\/brandss.com.py\/index\/wp-json\/wp\/v2\/product_brand?post=60469"},{"taxonomy":"product_cat","embeddable":true,"href":"https:\/\/brandss.com.py\/index\/wp-json\/wp\/v2\/product_cat?post=60469"},{"taxonomy":"product_tag","embeddable":true,"href":"https:\/\/brandss.com.py\/index\/wp-json\/wp\/v2\/product_tag?post=60469"}],"curies":[{"name":"wp","href":"https:\/\/api.w.org\/{rel}","templated":true}]}}