{"id":60489,"date":"2024-10-28T17:13:23","date_gmt":"2024-10-28T17:13:23","guid":{"rendered":"https:\/\/brandss.com.py\/index\/?post_type=product&#038;p=60489"},"modified":"2024-10-28T17:14:24","modified_gmt":"2024-10-28T17:14:24","slug":"calzado-deportivo-femenino-adidas-bravada-2-0","status":"publish","type":"product","link":"https:\/\/brandss.com.py\/index\/producto\/calzado-deportivo-femenino-adidas-bravada-2-0\/","title":{"rendered":"CALZADO DEPORTIVO FEMENINO ADIDAS BRAVADA 2.0"},"content":{"rendered":"<p><img loading=\"lazy\" decoding=\"async\" class=\"\" src=\"https:\/\/upload.wikimedia.org\/wikipedia\/commons\/2\/20\/Adidas_Logo.svg\" alt=\"Archivo:Adidas Logo.svg - Wikipedia, la enciclopedia libre\" width=\"139\" height=\"96\" \/><\/p>\n<h1>BRAVADA 2.0<\/h1>\n<div>\n<p>Un calzado cl\u00e1sico inspirado en el skater, la Bravada 2.0 Mid combina un dise\u00f1o atemporal con detalles de moda para el uso diario. Comb\u00ednalos con pantalones deportivos exclusivos, chinos, mezclilla, incluso un vestido y enfr\u00e9ntate al d\u00eda con un estilo hist\u00f3rico n\u00edtido. Estos calzados se abrochan por encima del tobillo, tienen una parte superior de lona ligera y suave completa con margaritas escarlata y tinta bordadas a mano. La suela resistente tiene un aspecto vulcanizado, mientras que la puntera de hule los mantiene aut\u00e9nticos. Estos productos de algod\u00f3n de Adidas apoyan una cultura de algod\u00f3n m\u00e1s sostenible para arrancar. Salir, estilo patinador. Nuestros productos de algod\u00f3n apoyan una cultura de algod\u00f3n m\u00e1s sostenible.Ajuste regular<\/p>\n<h4>\nCARACTER\u00cdSTICAS<\/h4>\n<ul>\n<li>Dise\u00f1o ligero.<\/li>\n<li>Plantilla acolchada.<\/li>\n<li>Parte superior: lona con puntera de goma.<\/li>\n<li>Forro: textil.<\/li>\n<li>Suela: hule.<\/li>\n<li>Puntera redonda.<\/li>\n<li>Cierre con cordones.<\/li>\n<li>Spot clean.<\/li>\n<li>Apoya el cultivo de algod\u00f3n m\u00e1s sostenible.<\/li>\n<li>Color: Blanco nube\/tinta leyenda\/mejor escarlata.<\/li>\n<li>Modelo: HP7982.<\/li>\n<\/ul>\n<\/div>\n","protected":false},"excerpt":{"rendered":"<p>BRAVADA 2.0 Un calzado cl\u00e1sico inspirado en el skater, la Bravada 2.0 Mid combina un dise\u00f1o atemporal con detalles de<\/p>\n","protected":false},"featured_media":60490,"comment_status":"open","ping_status":"closed","template":"","meta":{"nf_dc_page":""},"product_brand":[],"product_cat":[73],"product_tag":[],"class_list":{"0":"post-60489","1":"product","2":"type-product","3":"status-publish","4":"has-post-thumbnail","6":"product_cat-femenino","8":"first","9":"instock","10":"shipping-taxable","11":"purchasable","12":"product-type-simple"},"_links":{"self":[{"href":"https:\/\/brandss.com.py\/index\/wp-json\/wp\/v2\/product\/60489","targetHints":{"allow":["GET"]}}],"collection":[{"href":"https:\/\/brandss.com.py\/index\/wp-json\/wp\/v2\/product"}],"about":[{"href":"https:\/\/brandss.com.py\/index\/wp-json\/wp\/v2\/types\/product"}],"replies":[{"embeddable":true,"href":"https:\/\/brandss.com.py\/index\/wp-json\/wp\/v2\/comments?post=60489"}],"version-history":[{"count":1,"href":"https:\/\/brandss.com.py\/index\/wp-json\/wp\/v2\/product\/60489\/revisions"}],"predecessor-version":[{"id":60500,"href":"https:\/\/brandss.com.py\/index\/wp-json\/wp\/v2\/product\/60489\/revisions\/60500"}],"wp:featuredmedia":[{"embeddable":true,"href":"https:\/\/brandss.com.py\/index\/wp-json\/wp\/v2\/media\/60490"}],"wp:attachment":[{"href":"https:\/\/brandss.com.py\/index\/wp-json\/wp\/v2\/media?parent=60489"}],"wp:term":[{"taxonomy":"product_brand","embeddable":true,"href":"https:\/\/brandss.com.py\/index\/wp-json\/wp\/v2\/product_brand?post=60489"},{"taxonomy":"product_cat","embeddable":true,"href":"https:\/\/brandss.com.py\/index\/wp-json\/wp\/v2\/product_cat?post=60489"},{"taxonomy":"product_tag","embeddable":true,"href":"https:\/\/brandss.com.py\/index\/wp-json\/wp\/v2\/product_tag?post=60489"}],"curies":[{"name":"wp","href":"https:\/\/api.w.org\/{rel}","templated":true}]}}