{"id":60511,"date":"2024-10-28T17:57:56","date_gmt":"2024-10-28T17:57:56","guid":{"rendered":"https:\/\/brandss.com.py\/index\/?post_type=product&#038;p=60511"},"modified":"2024-10-28T17:59:23","modified_gmt":"2024-10-28T17:59:23","slug":"calzado-deportivo-femenino-adidas-lite-racer-3-0","status":"publish","type":"product","link":"https:\/\/brandss.com.py\/index\/producto\/calzado-deportivo-femenino-adidas-lite-racer-3-0\/","title":{"rendered":"CALZADO DEPORTIVO FEMENINO ADIDAS LITE RACER 3.0"},"content":{"rendered":"<p><img loading=\"lazy\" decoding=\"async\" class=\"\" src=\"https:\/\/upload.wikimedia.org\/wikipedia\/commons\/2\/20\/Adidas_Logo.svg\" alt=\"Archivo:Adidas Logo.svg - Wikipedia, la enciclopedia libre\" width=\"112\" height=\"78\" \/><\/p>\n<h1>LITE RACER 3.0<\/h1>\n<h4 class=\"subtitle___9ljbp\">Calzados inspirados en el running para pasos c\u00f3modos de la ma\u00f1ana a la noche<\/h4>\n<p class=\"gl-vspace\">Algunos d\u00edas son interminables. \u00bfQu\u00e9 mejor manera de seguir el ritmo que con el dise\u00f1o inspirado en el running de estos calzados adidas? Enfr\u00e9ntate a tu d\u00eda a d\u00eda con la amortiguaci\u00f3n Cloudfoam suave que le inyecta ligereza a tus pasos y luego sal a cenar con el distintivo estilo de las 3 Franjas.<\/p>\n<div class=\"highlight___3fa4r\">\n<div class=\"highlight-text___lgoJI\">\n<h4 class=\"highlight-text__headline___25B2G\">Hechos parcialmente con materiales reciclados<\/h4>\n<p>Hechos con una serie de materiales reciclados, su exterior incorpora al menos un 50% de contenido reciclado. Este producto representa solo una de nuestras soluciones para acabar con los residuos pl\u00e1sticos.<\/p>\n<\/div>\n<\/div>\n<div class=\"highlight___3fa4r\">\n<div class=\"highlight-text___lgoJI\">\n<h4 class=\"highlight-text__headline___25B2G\">Cloudfoam<\/h4>\n<p>Mediasuela Cloudfoam para mayor comodidad y amortiguaci\u00f3n<\/p>\n<\/div>\n<\/div>\n<div class=\"highlight___3fa4r\">\n<div class=\"highlight-text___lgoJI\">\n<h4 class=\"highlight-text__headline___25B2G\">Exterior flexible<\/h4>\n<p>El exterior textil suave y el\u00e1stico es muy c\u00f3modo.<\/p>\n<div class=\"accordion__header-text___2o9Im\">\n<h4 class=\"accordion-title___2sTgR\">Detalles<\/h4>\n<\/div>\n<div class=\"accordion__header-icon___2FuRa\"><\/div>\n<div class=\"accordion__content___29x9h\">\n<div class=\"content-padding___2kVWQ\">\n<div class=\"bullets___3bsSs\" data-auto-id=\"specifications-section\">\n<ul class=\"gl-list\">\n<li class=\"gl-vspace-bpall-small\">Sistema de amarre de cordones.<\/li>\n<li class=\"gl-vspace-bpall-small\">Exterior textil.<\/li>\n<li class=\"gl-vspace-bpall-small\">Sensaci\u00f3n de amortiguaci\u00f3n.<\/li>\n<li class=\"gl-vspace-bpall-small\">Forro interno textil.<\/li>\n<li class=\"gl-vspace-bpall-small\">Mediasuela Cloudfoam.<\/li>\n<li class=\"gl-vspace-bpall-small\">El exterior contiene al menos un 50% de material reciclado.<\/li>\n<li class=\"gl-vspace-bpall-small\">Color: Cloud White \/ Cloud White \/ Grey Two.<\/li>\n<li class=\"gl-vspace-bpall-small\">Modelo: GW7955.<\/li>\n<\/ul>\n<\/div>\n<\/div>\n<\/div>\n<\/div>\n<\/div>\n","protected":false},"excerpt":{"rendered":"<p>LITE RACER 3.0 Calzados inspirados en el running para pasos c\u00f3modos de la ma\u00f1ana a la noche Algunos d\u00edas son<\/p>\n","protected":false},"featured_media":60512,"comment_status":"open","ping_status":"closed","template":"","meta":{"nf_dc_page":""},"product_brand":[],"product_cat":[73],"product_tag":[],"class_list":{"0":"post-60511","1":"product","2":"type-product","3":"status-publish","4":"has-post-thumbnail","6":"product_cat-femenino","8":"first","9":"instock","10":"shipping-taxable","11":"purchasable","12":"product-type-simple"},"_links":{"self":[{"href":"https:\/\/brandss.com.py\/index\/wp-json\/wp\/v2\/product\/60511","targetHints":{"allow":["GET"]}}],"collection":[{"href":"https:\/\/brandss.com.py\/index\/wp-json\/wp\/v2\/product"}],"about":[{"href":"https:\/\/brandss.com.py\/index\/wp-json\/wp\/v2\/types\/product"}],"replies":[{"embeddable":true,"href":"https:\/\/brandss.com.py\/index\/wp-json\/wp\/v2\/comments?post=60511"}],"version-history":[{"count":1,"href":"https:\/\/brandss.com.py\/index\/wp-json\/wp\/v2\/product\/60511\/revisions"}],"predecessor-version":[{"id":60521,"href":"https:\/\/brandss.com.py\/index\/wp-json\/wp\/v2\/product\/60511\/revisions\/60521"}],"wp:featuredmedia":[{"embeddable":true,"href":"https:\/\/brandss.com.py\/index\/wp-json\/wp\/v2\/media\/60512"}],"wp:attachment":[{"href":"https:\/\/brandss.com.py\/index\/wp-json\/wp\/v2\/media?parent=60511"}],"wp:term":[{"taxonomy":"product_brand","embeddable":true,"href":"https:\/\/brandss.com.py\/index\/wp-json\/wp\/v2\/product_brand?post=60511"},{"taxonomy":"product_cat","embeddable":true,"href":"https:\/\/brandss.com.py\/index\/wp-json\/wp\/v2\/product_cat?post=60511"},{"taxonomy":"product_tag","embeddable":true,"href":"https:\/\/brandss.com.py\/index\/wp-json\/wp\/v2\/product_tag?post=60511"}],"curies":[{"name":"wp","href":"https:\/\/api.w.org\/{rel}","templated":true}]}}