{"id":60534,"date":"2024-10-28T19:04:23","date_gmt":"2024-10-28T19:04:23","guid":{"rendered":"https:\/\/brandss.com.py\/index\/?post_type=product&#038;p=60534"},"modified":"2024-10-28T19:05:17","modified_gmt":"2024-10-28T19:05:17","slug":"calzado-deportivo-femenino-adidas-runfalcon-3","status":"publish","type":"product","link":"https:\/\/brandss.com.py\/index\/producto\/calzado-deportivo-femenino-adidas-runfalcon-3\/","title":{"rendered":"CALZADO DEPORTIVO FEMENINO ADIDAS RUNFALCON 3"},"content":{"rendered":"<p><img loading=\"lazy\" decoding=\"async\" class=\"\" src=\"https:\/\/upload.wikimedia.org\/wikipedia\/commons\/2\/20\/Adidas_Logo.svg\" alt=\"Archivo:Adidas Logo.svg - Wikipedia, la enciclopedia libre\" width=\"101\" height=\"70\" \/><\/p>\n<h1>RUNFALCON 3<\/h1>\n<h4 class=\"subtitle___9ljbp\"><span>Calzados de running con amortiguaci\u00f3n fabricadas en parte con materiales reciclados.<\/span><\/h4>\n<p class=\"gl-vspace\"><span>Ponte los cordones para salir a correr por el parque o caminar hasta la cafeter\u00eda con estos vers\u00e1tiles calzados de running de adidas. Te sentir\u00e1s bien desde el momento en que las pisas, gracias a la c\u00f3moda entresuela Cloudfoam. La parte superior de tela se siente c\u00f3moda y transpirable, y la suela exterior de goma te brinda un gran agarre para una pisada segura. Fabricada con una serie de materiales reciclados, esta parte superior presenta al menos un 50 % de contenido reciclado. Este producto representa solo una de nuestras soluciones para ayudar a terminar con los desechos pl\u00e1sticos.<\/span><\/p>\n<div class=\"highlight___3fa4r\">\n<div class=\"highlight-text___lgoJI\">\n<h4 class=\"highlight-text__headline___25B2G\"><span>Fabricado en parte con materiales reciclados.<\/span><\/h4>\n<p><span>Fabricada con una serie de materiales reciclados, esta parte superior presenta al menos un 50 % de contenido reciclado. Este producto representa solo una de nuestras soluciones para ayudar a terminar con los desechos pl\u00e1sticos.<\/span><\/p>\n<\/div>\n<\/div>\n<div class=\"highlight___3fa4r\">\n<div class=\"highlight-text___lgoJI\">\n<h4 class=\"highlight-text__headline___25B2G\"><span>Entresuela de espuma de nube.<\/span><\/h4>\n<p><span>Entresuela Cloudfoam para una pisada c\u00f3moda y una amortiguaci\u00f3n superior.<\/span><\/p>\n<\/div>\n<\/div>\n<div class=\"highlight___3fa4r\">\n<div class=\"highlight-text___lgoJI\">\n<h4 class=\"highlight-text__headline___25B2G\">Parte superior flexible.<\/h4>\n<p>La parte superior de tela suave es el\u00e1stica y c\u00f3moda.<\/p>\n<div class=\"accordion__header-text___2o9Im\">\n<h4 class=\"accordion-title___2sTgR\">Caracter\u00edsticas<\/h4>\n<\/div>\n<div class=\"accordion__header-icon___2FuRa\"><\/div>\n<div class=\"accordion__content___29x9h\">\n<div class=\"content-padding___2kVWQ\">\n<div class=\"features-section___1pumR\">\n<div class=\"item___1X-1_\"><img decoding=\"async\" class=\"img_with_fallback___2aHBu feature-icon___3S9eQ\" src=\"https:\/\/brand.assets.adidas.com\/image\/upload\/road_24f719a743.png\" alt=\"\" data-auto-id=\"image\" \/><\/p>\n<p class=\"feature-icon-text___3Owgv\">Camino<\/p>\n<\/div>\n<div class=\"item___1X-1_\"><img decoding=\"async\" class=\"img_with_fallback___2aHBu feature-icon___3S9eQ\" src=\"https:\/\/brand.assets.adidas.com\/image\/upload\/short_fb6f1e5aee.png\" alt=\"\" data-auto-id=\"image\" \/><\/p>\n<p class=\"feature-icon-text___3Owgv\">Distancia corta (0 &#8211; 10 Km)<\/p>\n<\/div>\n<div class=\"item___1X-1_\"><img decoding=\"async\" class=\"img_with_fallback___2aHBu feature-icon___3S9eQ\" src=\"https:\/\/brand.assets.adidas.com\/image\/upload\/neutral_16b16d1637.png\" alt=\"\" data-auto-id=\"image\" \/><\/p>\n<p class=\"feature-icon-text___3Owgv\">Neutral<\/p>\n<\/div>\n<div class=\"special-item___2Ohsx\"><\/div>\n<div class=\"special-item___2Ohsx\">\n<div class=\"accordion__header-text___2o9Im\">\n<h2 class=\"accordion-title___2sTgR\"><span>Detalles<\/span><\/h2>\n<\/div>\n<div class=\"accordion__header-icon___2FuRa\"><\/div>\n<div class=\"accordion__content___29x9h\">\n<div class=\"content-padding___2kVWQ\">\n<div class=\"bullets___3bsSs\" data-auto-id=\"specifications-section\">\n<ul class=\"gl-list\">\n<li class=\"gl-vspace-bpall-small\"><span>Ajuste regular<\/span><\/li>\n<li class=\"gl-vspace-bpall-small\"><span>Cierre de encaje<\/span><\/li>\n<li class=\"gl-vspace-bpall-small\"><span>Parte superior textil<\/span><\/li>\n<li class=\"gl-vspace-bpall-small\"><span>Entresuela de espuma de nube<\/span><\/li>\n<li class=\"gl-vspace-bpall-small\"><span>Forro textil<\/span><\/li>\n<li class=\"gl-vspace-bpall-small\"><span>Peso: 8,5 onzas (talla 7)<\/span><\/li>\n<li class=\"gl-vspace-bpall-small\"><span>Drop de la entresuela: 9 mm (tal\u00f3n: 28 mm \/ antepi\u00e9: 19 mm)<\/span><\/li>\n<li class=\"gl-vspace-bpall-small\"><span>Suela de goma<\/span><\/li>\n<li class=\"gl-vspace-bpall-small\"><span>La parte superior contiene un m\u00ednimo de 50% de contenido reciclado.<\/span><\/li>\n<li class=\"gl-vspace-bpall-small\"><span>Importado<\/span><\/li>\n<li class=\"gl-vspace-bpall-small\"><span>Color: Fucsia l\u00facido \/ Amanecer azul \/ Blanco nube<\/span><\/li>\n<li class=\"gl-vspace-bpall-small\"><span>Modelo: HP7563<\/span><\/li>\n<\/ul>\n<\/div>\n<\/div>\n<\/div>\n<\/div>\n<\/div>\n<\/div>\n<\/div>\n<\/div>\n<\/div>\n","protected":false},"excerpt":{"rendered":"<p>RUNFALCON 3 Calzados de running con amortiguaci\u00f3n fabricadas en parte con materiales reciclados. Ponte los cordones para salir a correr<\/p>\n","protected":false},"featured_media":60535,"comment_status":"open","ping_status":"closed","template":"","meta":{"nf_dc_page":""},"product_brand":[],"product_cat":[73],"product_tag":[],"class_list":{"0":"post-60534","1":"product","2":"type-product","3":"status-publish","4":"has-post-thumbnail","6":"product_cat-femenino","8":"first","9":"instock","10":"shipping-taxable","11":"purchasable","12":"product-type-simple"},"_links":{"self":[{"href":"https:\/\/brandss.com.py\/index\/wp-json\/wp\/v2\/product\/60534","targetHints":{"allow":["GET"]}}],"collection":[{"href":"https:\/\/brandss.com.py\/index\/wp-json\/wp\/v2\/product"}],"about":[{"href":"https:\/\/brandss.com.py\/index\/wp-json\/wp\/v2\/types\/product"}],"replies":[{"embeddable":true,"href":"https:\/\/brandss.com.py\/index\/wp-json\/wp\/v2\/comments?post=60534"}],"version-history":[{"count":1,"href":"https:\/\/brandss.com.py\/index\/wp-json\/wp\/v2\/product\/60534\/revisions"}],"predecessor-version":[{"id":60544,"href":"https:\/\/brandss.com.py\/index\/wp-json\/wp\/v2\/product\/60534\/revisions\/60544"}],"wp:featuredmedia":[{"embeddable":true,"href":"https:\/\/brandss.com.py\/index\/wp-json\/wp\/v2\/media\/60535"}],"wp:attachment":[{"href":"https:\/\/brandss.com.py\/index\/wp-json\/wp\/v2\/media?parent=60534"}],"wp:term":[{"taxonomy":"product_brand","embeddable":true,"href":"https:\/\/brandss.com.py\/index\/wp-json\/wp\/v2\/product_brand?post=60534"},{"taxonomy":"product_cat","embeddable":true,"href":"https:\/\/brandss.com.py\/index\/wp-json\/wp\/v2\/product_cat?post=60534"},{"taxonomy":"product_tag","embeddable":true,"href":"https:\/\/brandss.com.py\/index\/wp-json\/wp\/v2\/product_tag?post=60534"}],"curies":[{"name":"wp","href":"https:\/\/api.w.org\/{rel}","templated":true}]}}