{"id":60555,"date":"2024-10-29T10:55:23","date_gmt":"2024-10-29T10:55:23","guid":{"rendered":"https:\/\/brandss.com.py\/index\/?post_type=product&#038;p=60555"},"modified":"2024-10-29T10:56:24","modified_gmt":"2024-10-29T10:56:24","slug":"calzado-deportivo-femenino-adidas-duramo-sl-2-0","status":"publish","type":"product","link":"https:\/\/brandss.com.py\/index\/producto\/calzado-deportivo-femenino-adidas-duramo-sl-2-0\/","title":{"rendered":"CALZADO DEPORTIVO FEMENINO ADIDAS DURAMO SL 2.0"},"content":{"rendered":"<p><img loading=\"lazy\" decoding=\"async\" class=\"\" src=\"https:\/\/upload.wikimedia.org\/wikipedia\/commons\/2\/20\/Adidas_Logo.svg\" alt=\"Archivo:Adidas Logo.svg - Wikipedia, la enciclopedia libre\" width=\"83\" height=\"57\" \/><\/p>\n<h1>DURAMO SL 2.0<\/h1>\n<h3 class=\"subtitle___9ljbp\">Calzado de running para tu d\u00eda a d\u00eda hechos parcialmente con materiales reciclados<\/h3>\n<p class=\"gl-vspace\">De camino a tu clase de yoga o en esos d\u00edas en que tu agenda est\u00e1 llena de principio a fin, mant\u00e9n tus pies c\u00f3modos y tu estilo impecable en todo momento con estos calzados adidas. \u00dasalos con tus mallas de running favoritas para lucir un look deportivo y casual. El exterior de malla ayuda a mantener tus pies frescos, mientras que la amortiguaci\u00f3n ultraliviana te ofrece soporte en cada uno de tus pasos. Hechos con una serie de materiales reciclados, su exterior incorpora al menos un 50 % de contenido reciclado. Este producto representa solo una de nuestras soluciones para acabar con los residuos pl\u00e1sticos.<\/p>\n<div class=\"accordion__header-text___2o9Im\">\n<h2 class=\"accordion-title___2sTgR\">Tecnolog\u00eda<\/h2>\n<\/div>\n<div class=\"accordion__header-icon___2FuRa\"><\/div>\n<div class=\"accordion__content___29x9h\">\n<div class=\"content-padding___2kVWQ\">\n<div class=\"technologies-section___3gZqW technologies-section--no-img___B_YZF\">\n<div class=\"technologies-content-container--no-img___wNKqW\">\n<div class=\"technologies-content-name___kkx_0\"><strong>LIGHTMOTION<\/strong><\/div>\n<div class=\"technologies-content-title___moWj6\">Ligereza y capacidad de respuesta insuperables<\/div>\n<p class=\"technologies-content-subtitle___2bGCf\">Adidas Lightmotion redefine todas las expectativas con su amortiguaci\u00f3n ligera y capacidad de respuesta superiores.<\/p>\n<div class=\"accordion__header-text___2o9Im\">\n<h2 class=\"accordion-title___2sTgR\">Caracter\u00edsticas<\/h2>\n<\/div>\n<div class=\"accordion__header-icon___2FuRa\"><\/div>\n<div class=\"accordion__content___29x9h\">\n<div class=\"content-padding___2kVWQ\">\n<div class=\"features-section___1pumR\">\n<div class=\"item___1X-1_\"><img decoding=\"async\" class=\"img_with_fallback___2aHBu feature-icon___3S9eQ\" src=\"https:\/\/brand.assets.adidas.com\/image\/upload\/racing_2ad458e885.png\" alt=\"\" data-auto-id=\"image\" \/><\/p>\n<p class=\"feature-icon-text___3Owgv\">Competici\u00f3n<\/p>\n<\/div>\n<div class=\"item___1X-1_\"><img decoding=\"async\" class=\"img_with_fallback___2aHBu feature-icon___3S9eQ\" src=\"https:\/\/brand.assets.adidas.com\/image\/upload\/neutral_16b16d1637.png\" alt=\"\" data-auto-id=\"image\" \/><\/p>\n<p class=\"feature-icon-text___3Owgv\">Neutro<\/p>\n<\/div>\n<div class=\"item___1X-1_\"><img decoding=\"async\" class=\"img_with_fallback___2aHBu feature-icon___3S9eQ\" src=\"https:\/\/brand.assets.adidas.com\/image\/upload\/regular_a176d1f2d6.png\" alt=\"\" data-auto-id=\"image\" \/><\/p>\n<p class=\"feature-icon-text___3Owgv\">Horma cl\u00e1sica Mujer<\/p>\n<\/div>\n<div class=\"special-item___2Ohsx\">\n<h1 class=\"feature-icon-title___v-KQG\">9mm<\/h1>\n<p class=\"feature-icon-summary-small___31Rc0\">Ca\u00edda del tal\u00f3n a la punta<\/p>\n<p class=\"feature-icon-summary-small___31Rc0\">30mm \/ 21mm<\/p>\n<\/div>\n<div class=\"special-item___2Ohsx\">\n<h1 class=\"feature-icon-title___v-KQG\">238<\/h1>\n<p class=\"feature-icon-summary-small___31Rc0\">Talla UK 5.5<\/p>\n<div class=\"accordion__header-text___2o9Im\">\n<h2><\/h2>\n<h2 class=\"accordion-title___2sTgR\">Detalles<\/h2>\n<\/div>\n<div class=\"accordion__header-icon___2FuRa\"><\/div>\n<div class=\"accordion__content___29x9h\">\n<div class=\"content-padding___2kVWQ\">\n<div class=\"bullets___3bsSs\" data-auto-id=\"specifications-section\">\n<ul class=\"gl-list\">\n<li class=\"gl-vspace-bpall-small\">Horma cl\u00e1sica<\/li>\n<li class=\"gl-vspace-bpall-small\">Sistema de amarre de cordones<\/li>\n<li class=\"gl-vspace-bpall-small\">Exterior de malla transpirable<\/li>\n<li class=\"gl-vspace-bpall-small\">Revestimientos sin costuras que brindan soporte<\/li>\n<li class=\"gl-vspace-bpall-small\">Tal\u00f3n suave<\/li>\n<li class=\"gl-vspace-bpall-small\">Amortiguaci\u00f3n LIGHTMOTION<\/li>\n<li class=\"gl-vspace-bpall-small\">Suela de caucho<\/li>\n<li class=\"gl-vspace-bpall-small\">El exterior contiene al menos un 50 % de material reciclado<\/li>\n<li class=\"gl-vspace-bpall-small\">Color: Core Black \/ Core Black \/ Iron Metallic<\/li>\n<li class=\"gl-vspace-bpall-small\">Modelo: GX0711<\/li>\n<\/ul>\n<\/div>\n<\/div>\n<\/div>\n<\/div>\n<\/div>\n<\/div>\n<\/div>\n<\/div>\n<\/div>\n<\/div>\n<\/div>\n","protected":false},"excerpt":{"rendered":"<p>DURAMO SL 2.0 Calzado de running para tu d\u00eda a d\u00eda hechos parcialmente con materiales reciclados De camino a tu<\/p>\n","protected":false},"featured_media":60556,"comment_status":"open","ping_status":"closed","template":"","meta":{"nf_dc_page":""},"product_brand":[],"product_cat":[73],"product_tag":[],"class_list":{"0":"post-60555","1":"product","2":"type-product","3":"status-publish","4":"has-post-thumbnail","6":"product_cat-femenino","8":"first","9":"instock","10":"shipping-taxable","11":"purchasable","12":"product-type-simple"},"_links":{"self":[{"href":"https:\/\/brandss.com.py\/index\/wp-json\/wp\/v2\/product\/60555","targetHints":{"allow":["GET"]}}],"collection":[{"href":"https:\/\/brandss.com.py\/index\/wp-json\/wp\/v2\/product"}],"about":[{"href":"https:\/\/brandss.com.py\/index\/wp-json\/wp\/v2\/types\/product"}],"replies":[{"embeddable":true,"href":"https:\/\/brandss.com.py\/index\/wp-json\/wp\/v2\/comments?post=60555"}],"version-history":[{"count":1,"href":"https:\/\/brandss.com.py\/index\/wp-json\/wp\/v2\/product\/60555\/revisions"}],"predecessor-version":[{"id":60565,"href":"https:\/\/brandss.com.py\/index\/wp-json\/wp\/v2\/product\/60555\/revisions\/60565"}],"wp:featuredmedia":[{"embeddable":true,"href":"https:\/\/brandss.com.py\/index\/wp-json\/wp\/v2\/media\/60556"}],"wp:attachment":[{"href":"https:\/\/brandss.com.py\/index\/wp-json\/wp\/v2\/media?parent=60555"}],"wp:term":[{"taxonomy":"product_brand","embeddable":true,"href":"https:\/\/brandss.com.py\/index\/wp-json\/wp\/v2\/product_brand?post=60555"},{"taxonomy":"product_cat","embeddable":true,"href":"https:\/\/brandss.com.py\/index\/wp-json\/wp\/v2\/product_cat?post=60555"},{"taxonomy":"product_tag","embeddable":true,"href":"https:\/\/brandss.com.py\/index\/wp-json\/wp\/v2\/product_tag?post=60555"}],"curies":[{"name":"wp","href":"https:\/\/api.w.org\/{rel}","templated":true}]}}