{"id":60566,"date":"2024-10-29T12:02:17","date_gmt":"2024-10-29T12:02:17","guid":{"rendered":"https:\/\/brandss.com.py\/index\/?post_type=product&#038;p=60566"},"modified":"2024-10-29T12:03:10","modified_gmt":"2024-10-29T12:03:10","slug":"calzado-deportivo-femenino-adidas-racer-tr21-k","status":"publish","type":"product","link":"https:\/\/brandss.com.py\/index\/producto\/calzado-deportivo-femenino-adidas-racer-tr21-k\/","title":{"rendered":"CALZADO DEPORTIVO FEMENINO ADIDAS RACER TR21 K"},"content":{"rendered":"<p><img loading=\"lazy\" decoding=\"async\" class=\"\" src=\"https:\/\/upload.wikimedia.org\/wikipedia\/commons\/2\/20\/Adidas_Logo.svg\" alt=\"Archivo:Adidas Logo.svg - Wikipedia, la enciclopedia libre\" width=\"80\" height=\"55\" \/><\/p>\n<h1>RACER TR21 K<\/h1>\n<p><span>Hagas lo que hagas, el nuevo adidas Racer TR21 K te apoyar\u00e1 en cada paso del camino. El modelo est\u00e1 fabricado con malla aireada para garantizar unas condiciones c\u00f3modas y ventiladas para los pies. La ligera amortiguaci\u00f3n Cloudfoam en la entresuela absorbe los impactos y a\u00f1ade fluidez al movimiento. La suela mantiene un buen contacto con el suelo. La zona del tal\u00f3n est\u00e1 protegida adicionalmente con una cubierta de TPU. La cinta del tal\u00f3n es un complemento funcional que facilita ponerse los zapatos. Este producto est\u00e1 fabricado con Primegreen, una gama de materiales reciclados de alto rendimiento. El 50% de la parte superior proviene de material reciclado. Para su fabricaci\u00f3n \u00fanicamente se utiliz\u00f3 poli\u00e9ster reciclado.<\/p>\n<p><\/span><\/p>\n<h3>Detalles:<\/h3>\n<ul>\n<li><span>Parte superior: material textil<\/span><\/li>\n<li><span>Forro: material textil<\/span><\/li>\n<li><span>Entresuela: espuma de nube<\/span><\/li>\n<li><span>Suela exterior: material sint\u00e9tico<\/span><\/li>\n<li>Cordones<\/li>\n<li>Primegreen<\/li>\n<li>Color: Black \/ Halo Silver \/ Solar Yellow<\/li>\n<li>Modelo: GV7831<\/li>\n<\/ul>\n","protected":false},"excerpt":{"rendered":"<p>RACER TR21 K Hagas lo que hagas, el nuevo adidas Racer TR21 K te apoyar\u00e1 en cada paso del camino.<\/p>\n","protected":false},"featured_media":60567,"comment_status":"open","ping_status":"closed","template":"","meta":{"nf_dc_page":""},"product_brand":[],"product_cat":[73],"product_tag":[],"class_list":{"0":"post-60566","1":"product","2":"type-product","3":"status-publish","4":"has-post-thumbnail","6":"product_cat-femenino","8":"first","9":"instock","10":"shipping-taxable","11":"purchasable","12":"product-type-simple"},"_links":{"self":[{"href":"https:\/\/brandss.com.py\/index\/wp-json\/wp\/v2\/product\/60566","targetHints":{"allow":["GET"]}}],"collection":[{"href":"https:\/\/brandss.com.py\/index\/wp-json\/wp\/v2\/product"}],"about":[{"href":"https:\/\/brandss.com.py\/index\/wp-json\/wp\/v2\/types\/product"}],"replies":[{"embeddable":true,"href":"https:\/\/brandss.com.py\/index\/wp-json\/wp\/v2\/comments?post=60566"}],"version-history":[{"count":1,"href":"https:\/\/brandss.com.py\/index\/wp-json\/wp\/v2\/product\/60566\/revisions"}],"predecessor-version":[{"id":60577,"href":"https:\/\/brandss.com.py\/index\/wp-json\/wp\/v2\/product\/60566\/revisions\/60577"}],"wp:featuredmedia":[{"embeddable":true,"href":"https:\/\/brandss.com.py\/index\/wp-json\/wp\/v2\/media\/60567"}],"wp:attachment":[{"href":"https:\/\/brandss.com.py\/index\/wp-json\/wp\/v2\/media?parent=60566"}],"wp:term":[{"taxonomy":"product_brand","embeddable":true,"href":"https:\/\/brandss.com.py\/index\/wp-json\/wp\/v2\/product_brand?post=60566"},{"taxonomy":"product_cat","embeddable":true,"href":"https:\/\/brandss.com.py\/index\/wp-json\/wp\/v2\/product_cat?post=60566"},{"taxonomy":"product_tag","embeddable":true,"href":"https:\/\/brandss.com.py\/index\/wp-json\/wp\/v2\/product_tag?post=60566"}],"curies":[{"name":"wp","href":"https:\/\/api.w.org\/{rel}","templated":true}]}}