{"id":60589,"date":"2024-10-29T13:19:48","date_gmt":"2024-10-29T13:19:48","guid":{"rendered":"https:\/\/brandss.com.py\/index\/?post_type=product&#038;p=60589"},"modified":"2024-10-31T18:04:43","modified_gmt":"2024-10-31T18:04:43","slug":"calzado-deportivo-femenino-adidas-swift-run","status":"publish","type":"product","link":"https:\/\/brandss.com.py\/index\/producto\/calzado-deportivo-femenino-adidas-swift-run\/","title":{"rendered":"CALZADO DEPORTIVO FEMENINO ADIDAS SWIFT RUN"},"content":{"rendered":"<p><img loading=\"lazy\" decoding=\"async\" class=\"\" src=\"https:\/\/upload.wikimedia.org\/wikipedia\/commons\/2\/20\/Adidas_Logo.svg\" alt=\"Archivo:Adidas Logo.svg - Wikipedia, la enciclopedia libre\" width=\"117\" height=\"81\" \/><\/p>\n<h1>SWIFT RUN<\/h1>\n<div class=\"sc-bdnxRM cgtQzt sc-pNWdM\">Presentamos los calzados adidas Swift Run &#8220;Leopard Print&#8221;, la combinaci\u00f3n perfecta de estilo y comodidad. Estos llamativos calzados presentan un dise\u00f1o elegante y deportivo, con un atrevido estampado de leopardo que a\u00f1ade un toque de estilo salvaje. La parte superior suave y transpirable proporciona la m\u00e1xima comodidad, mientras que la entresuela acolchada garantiza una pisada suave y reactiva. Tanto si vas al gimnasio como si haces recados, los Calzados adidas Swift Run &#8220;Leopard Print&#8221; realzar\u00e1n tu look y te har\u00e1n sentir fabulosa.<\/div>\n<div><\/div>\n<h3>Detalles:<\/h3>\n<div class=\"sc-bdnxRM sc-gtsrHT sc-jSFjdj kIzPuz gfuSqG sm-above\">\n<div class=\"sc-bdnxRM sc-iCoGMd sc-gGLxEB fzUdiI dGJRan\">\n<div class=\"sc-bdnxRM kCNNfV sc-pNWdM\">\n<div class=\"pdp-product-info-col\">\n<p class=\"pdp-caption align-left\"><strong>Modelo: <\/strong><span style=\"color: #333333;font-size: 16px\">BD7962<\/span><\/p>\n<\/div>\n<p class=\"pdp-caption align-left\"><strong>Serie: <\/strong><span style=\"color: #333333;font-size: 16px\">Swift Run<\/span><\/p>\n<p class=\"pdp-caption align-left\"><strong>Estilo: <\/strong>Calzado d<span style=\"color: #333333;font-size: 16px\">eportivo<\/span><\/p>\n<p class=\"pdp-caption align-left\"><strong>Estaci\u00f3n: <\/strong><span style=\"color: #333333;font-size: 16px\">Toda la temporada<\/span><\/p>\n<p class=\"pdp-caption align-left\"><strong>Material superior: <\/strong><span style=\"color: #333333;font-size: 16px\">Tela<\/span><\/p>\n<p class=\"pdp-caption align-left\"><strong>Cierre: <\/strong><span style=\"color: #333333;font-size: 16px\">Cordoncillo<\/span><\/p>\n<p class=\"pdp-caption align-left\"><strong>Material de la suela:<\/strong> <span style=\"color: #333333;font-size: 16px\">Suela de goma<\/span><\/p>\n<p class=\"pdp-caption align-left\"><strong>Tipo de dedo del pie: <\/strong><span style=\"color: #333333;font-size: 16px\">Punta redonda<\/span><\/p>\n<p class=\"pdp-caption align-left\"><strong>Tipo de tac\u00f3n: <\/strong><span style=\"color: #333333;font-size: 16px\">Tac\u00f3n plano<\/span><\/p>\n<div class=\"pdp-product-info-col\">\n<p class=\"pdp-caption align-left\"><strong>Color:<\/strong> Black<span style=\"color: #333333;font-size: 16px\">\/ Leopard Print<\/span><\/p>\n<\/div>\n<\/div>\n<\/div>\n<\/div>\n","protected":false},"excerpt":{"rendered":"<p>SWIFT RUN Presentamos los calzados adidas Swift Run &#8220;Leopard Print&#8221;, la combinaci\u00f3n perfecta de estilo y comodidad. Estos llamativos calzados<\/p>\n","protected":false},"featured_media":60590,"comment_status":"open","ping_status":"closed","template":"","meta":{"nf_dc_page":""},"product_brand":[],"product_cat":[73],"product_tag":[],"class_list":{"0":"post-60589","1":"product","2":"type-product","3":"status-publish","4":"has-post-thumbnail","6":"product_cat-femenino","8":"first","9":"instock","10":"shipping-taxable","11":"purchasable","12":"product-type-simple"},"_links":{"self":[{"href":"https:\/\/brandss.com.py\/index\/wp-json\/wp\/v2\/product\/60589","targetHints":{"allow":["GET"]}}],"collection":[{"href":"https:\/\/brandss.com.py\/index\/wp-json\/wp\/v2\/product"}],"about":[{"href":"https:\/\/brandss.com.py\/index\/wp-json\/wp\/v2\/types\/product"}],"replies":[{"embeddable":true,"href":"https:\/\/brandss.com.py\/index\/wp-json\/wp\/v2\/comments?post=60589"}],"version-history":[{"count":2,"href":"https:\/\/brandss.com.py\/index\/wp-json\/wp\/v2\/product\/60589\/revisions"}],"predecessor-version":[{"id":60928,"href":"https:\/\/brandss.com.py\/index\/wp-json\/wp\/v2\/product\/60589\/revisions\/60928"}],"wp:featuredmedia":[{"embeddable":true,"href":"https:\/\/brandss.com.py\/index\/wp-json\/wp\/v2\/media\/60590"}],"wp:attachment":[{"href":"https:\/\/brandss.com.py\/index\/wp-json\/wp\/v2\/media?parent=60589"}],"wp:term":[{"taxonomy":"product_brand","embeddable":true,"href":"https:\/\/brandss.com.py\/index\/wp-json\/wp\/v2\/product_brand?post=60589"},{"taxonomy":"product_cat","embeddable":true,"href":"https:\/\/brandss.com.py\/index\/wp-json\/wp\/v2\/product_cat?post=60589"},{"taxonomy":"product_tag","embeddable":true,"href":"https:\/\/brandss.com.py\/index\/wp-json\/wp\/v2\/product_tag?post=60589"}],"curies":[{"name":"wp","href":"https:\/\/api.w.org\/{rel}","templated":true}]}}