{"id":60601,"date":"2024-10-29T13:58:22","date_gmt":"2024-10-29T13:58:22","guid":{"rendered":"https:\/\/brandss.com.py\/index\/?post_type=product&#038;p=60601"},"modified":"2024-10-29T14:01:04","modified_gmt":"2024-10-29T14:01:04","slug":"calzado-deportivo-femenino-adidas-ultimashow","status":"publish","type":"product","link":"https:\/\/brandss.com.py\/index\/producto\/calzado-deportivo-femenino-adidas-ultimashow\/","title":{"rendered":"CALZADO DEPORTIVO FEMENINO ADIDAS ULTIMASHOW"},"content":{"rendered":"<p><img loading=\"lazy\" decoding=\"async\" class=\"\" src=\"https:\/\/upload.wikimedia.org\/wikipedia\/commons\/2\/20\/Adidas_Logo.svg\" alt=\"Archivo:Adidas Logo.svg - Wikipedia, la enciclopedia libre\" width=\"114\" height=\"79\" \/><\/p>\n<h1>ULTIMASHOW<\/h1>\n<div class=\"value content product-sub-headline\"><span>Calzados para correr que brindan velocidad y estabilidad.<\/span><\/div>\n<div class=\"value content product-desc-short\"><span>Ponte estos calzados adidas Ultimashow y sal a la calle. Desde el primer paso hasta el \u00faltimo, la suave amortiguaci\u00f3n mima tus pies, sin importar lo r\u00e1pido o lento que vayas. Avanza por la pista o da unas vueltas por el barrio. Estos calzados est\u00e1n preparados para ambas cosas.<\/span><\/div>\n<div>\n<div class=\"col-12\">\n<h2 class=\"title accordionParent\"><a data-tracking-link=\"PDP-main-content-_-product details\"><span>Detalles<\/span><\/a><\/h2>\n<\/div>\n<div class=\"col-12 value content accordionChild\">\n<ul class=\"product-bullets list-unstyled\">\n<li class=\"product-bullet\"><span>Ajuste regular<\/span><\/li>\n<li class=\"product-bullet\"><span>Cierre de encaje<\/span><\/li>\n<li class=\"product-bullet\"><span>Parte superior textil<\/span><\/li>\n<li class=\"product-bullet\"><span>Sensaci\u00f3n de estabilidad<\/span><\/li>\n<li class=\"product-bullet\"><span>Calzados para correr<\/span><\/li>\n<li class=\"product-bullet\"><span>Forro textil y entresuela de EVA<\/span><\/li>\n<li class=\"product-bullet\"><span>Contrafuerte de ajuste de TPU con suela de goma<\/span><\/li>\n<li>Color: Tinte del cielo \/ Tinte del cielo \/ Nube blanca<\/li>\n<li>Modelo: FX3640<\/li>\n<\/ul>\n<\/div>\n<\/div>\n","protected":false},"excerpt":{"rendered":"<p>ULTIMASHOW Calzados para correr que brindan velocidad y estabilidad. Ponte estos calzados adidas Ultimashow y sal a la calle. Desde<\/p>\n","protected":false},"featured_media":60602,"comment_status":"open","ping_status":"closed","template":"","meta":{"nf_dc_page":""},"product_brand":[],"product_cat":[73],"product_tag":[],"class_list":{"0":"post-60601","1":"product","2":"type-product","3":"status-publish","4":"has-post-thumbnail","6":"product_cat-femenino","8":"first","9":"instock","10":"shipping-taxable","11":"purchasable","12":"product-type-simple"},"_links":{"self":[{"href":"https:\/\/brandss.com.py\/index\/wp-json\/wp\/v2\/product\/60601","targetHints":{"allow":["GET"]}}],"collection":[{"href":"https:\/\/brandss.com.py\/index\/wp-json\/wp\/v2\/product"}],"about":[{"href":"https:\/\/brandss.com.py\/index\/wp-json\/wp\/v2\/types\/product"}],"replies":[{"embeddable":true,"href":"https:\/\/brandss.com.py\/index\/wp-json\/wp\/v2\/comments?post=60601"}],"version-history":[{"count":1,"href":"https:\/\/brandss.com.py\/index\/wp-json\/wp\/v2\/product\/60601\/revisions"}],"predecessor-version":[{"id":60611,"href":"https:\/\/brandss.com.py\/index\/wp-json\/wp\/v2\/product\/60601\/revisions\/60611"}],"wp:featuredmedia":[{"embeddable":true,"href":"https:\/\/brandss.com.py\/index\/wp-json\/wp\/v2\/media\/60602"}],"wp:attachment":[{"href":"https:\/\/brandss.com.py\/index\/wp-json\/wp\/v2\/media?parent=60601"}],"wp:term":[{"taxonomy":"product_brand","embeddable":true,"href":"https:\/\/brandss.com.py\/index\/wp-json\/wp\/v2\/product_brand?post=60601"},{"taxonomy":"product_cat","embeddable":true,"href":"https:\/\/brandss.com.py\/index\/wp-json\/wp\/v2\/product_cat?post=60601"},{"taxonomy":"product_tag","embeddable":true,"href":"https:\/\/brandss.com.py\/index\/wp-json\/wp\/v2\/product_tag?post=60601"}],"curies":[{"name":"wp","href":"https:\/\/api.w.org\/{rel}","templated":true}]}}