{"id":60625,"date":"2024-10-29T14:52:58","date_gmt":"2024-10-29T14:52:58","guid":{"rendered":"https:\/\/brandss.com.py\/index\/?post_type=product&#038;p=60625"},"modified":"2026-02-13T10:59:53","modified_gmt":"2026-02-13T10:59:53","slug":"calzado-deportivo-femenino-adidas-qt-racer-2-0-2","status":"publish","type":"product","link":"https:\/\/brandss.com.py\/index\/producto\/calzado-deportivo-femenino-adidas-qt-racer-2-0-2\/","title":{"rendered":"CALZADO DEPORTIVO FEMENINO ADIDAS QT RACER 2.0"},"content":{"rendered":"<p><img loading=\"lazy\" decoding=\"async\" class=\"\" src=\"https:\/\/upload.wikimedia.org\/wikipedia\/commons\/2\/20\/Adidas_Logo.svg\" alt=\"Archivo:Adidas Logo.svg - Wikipedia, la enciclopedia libre\" width=\"137\" height=\"94\" \/><\/p>\n<h1>QT RACER 2.0<\/h1>\n<h3 class=\"subtitle___9ljbp\"><span>Calzados de inspiraci\u00f3n deportiva para todo, desde ir de compras hasta relajarse con estilo.<\/span><\/h3>\n<p class=\"gl-vspace\"><span>Estos calzados adidas est\u00e1n dise\u00f1ados para brindar comodidad durante todo el d\u00eda y tienen una entresuela Cloudfoam ultra suave. Su estilo est\u00e1 inspirado en el dise\u00f1o cl\u00e1sico para correr, con las 3 rayas atemporales que llaman la atenci\u00f3n de inmediato. Tienen un estilo urbano que las hace f\u00e1ciles de combinar con tu ropa de todos los d\u00edas.<\/span><\/p>\n<div class=\"highlight___3fa4r\">\n<div class=\"highlight-text___lgoJI\">\n<h3 class=\"highlight-text__headline___25B2G\"><span>Entresuela y plantilla Cloudfoam<\/span><\/h3>\n<p><span>Entresuela Cloudfoam y plantilla de espuma viscoel\u00e1stica para una mayor comodidad y una amortiguaci\u00f3n superior.<\/span><\/p>\n<\/div>\n<\/div>\n<div class=\"highlight___3fa4r\">\n<div class=\"highlight-text___lgoJI\">\n<h3 class=\"highlight-text__headline___25B2G\"><span>Parte superior flexible<\/span><\/h3>\n<p><span>La parte superior de tela suave es el\u00e1stica y c\u00f3moda.<\/span><\/p>\n<\/div>\n<\/div>\n<div class=\"highlight___3fa4r\">\n<div class=\"highlight-text___lgoJI\">\n<h3 class=\"highlight-text__headline___25B2G\">Suela sint\u00e9tica<\/h3>\n<p>Una suela sint\u00e9tica duradera proporciona tracci\u00f3n.<\/p>\n<div class=\"accordion__header-text___2o9Im\">\n<h2><\/h2>\n<h2 class=\"accordion-title___2sTgR\"><span>Detalles<\/span><\/h2>\n<\/div>\n<div class=\"accordion__header-icon___2FuRa\"><\/div>\n<div class=\"accordion__content___29x9h\">\n<div class=\"content-padding___2kVWQ\">\n<div class=\"bullets___3bsSs\" data-auto-id=\"specifications-section\">\n<ul class=\"gl-list\">\n<li class=\"gl-vspace-bpall-small\"><span>Ajuste regular<\/span><\/li>\n<li class=\"gl-vspace-bpall-small\"><span>Cierre de encaje<\/span><\/li>\n<li class=\"gl-vspace-bpall-small\"><span>Parte superior textil<\/span><\/li>\n<li class=\"gl-vspace-bpall-small\"><span>Sensaci\u00f3n ultra suave<\/span><\/li>\n<li class=\"gl-vspace-bpall-small\"><span>Entresuela de espuma de nube<\/span><\/li>\n<li class=\"gl-vspace-bpall-small\"><span>Forro textil<\/span><\/li>\n<li class=\"gl-vspace-bpall-small\"><span>Color del producto: Negro b\u00e1sico \/ Dorado metalizado \/ Blanco nube<\/span><\/li>\n<li class=\"gl-vspace-bpall-small\"><span>C\u00f3digo del producto: H05800<\/span><\/li>\n<\/ul>\n<\/div>\n<\/div>\n<\/div>\n<\/div>\n<\/div>\n","protected":false},"excerpt":{"rendered":"<p>QT RACER 2.0 Calzados de inspiraci\u00f3n deportiva para todo, desde ir de compras hasta relajarse con estilo. Estos calzados adidas<\/p>\n","protected":false},"featured_media":60626,"comment_status":"open","ping_status":"closed","template":"","meta":{"nf_dc_page":""},"product_brand":[],"product_cat":[73],"product_tag":[],"class_list":{"0":"post-60625","1":"product","2":"type-product","3":"status-publish","4":"has-post-thumbnail","6":"product_cat-femenino","8":"first","9":"instock","10":"shipping-taxable","11":"purchasable","12":"product-type-simple"},"_links":{"self":[{"href":"https:\/\/brandss.com.py\/index\/wp-json\/wp\/v2\/product\/60625","targetHints":{"allow":["GET"]}}],"collection":[{"href":"https:\/\/brandss.com.py\/index\/wp-json\/wp\/v2\/product"}],"about":[{"href":"https:\/\/brandss.com.py\/index\/wp-json\/wp\/v2\/types\/product"}],"replies":[{"embeddable":true,"href":"https:\/\/brandss.com.py\/index\/wp-json\/wp\/v2\/comments?post=60625"}],"version-history":[{"count":1,"href":"https:\/\/brandss.com.py\/index\/wp-json\/wp\/v2\/product\/60625\/revisions"}],"predecessor-version":[{"id":60634,"href":"https:\/\/brandss.com.py\/index\/wp-json\/wp\/v2\/product\/60625\/revisions\/60634"}],"wp:featuredmedia":[{"embeddable":true,"href":"https:\/\/brandss.com.py\/index\/wp-json\/wp\/v2\/media\/60626"}],"wp:attachment":[{"href":"https:\/\/brandss.com.py\/index\/wp-json\/wp\/v2\/media?parent=60625"}],"wp:term":[{"taxonomy":"product_brand","embeddable":true,"href":"https:\/\/brandss.com.py\/index\/wp-json\/wp\/v2\/product_brand?post=60625"},{"taxonomy":"product_cat","embeddable":true,"href":"https:\/\/brandss.com.py\/index\/wp-json\/wp\/v2\/product_cat?post=60625"},{"taxonomy":"product_tag","embeddable":true,"href":"https:\/\/brandss.com.py\/index\/wp-json\/wp\/v2\/product_tag?post=60625"}],"curies":[{"name":"wp","href":"https:\/\/api.w.org\/{rel}","templated":true}]}}