{"id":60637,"date":"2024-10-29T17:17:12","date_gmt":"2024-10-29T17:17:12","guid":{"rendered":"https:\/\/brandss.com.py\/index\/?post_type=product&#038;p=60637"},"modified":"2024-10-29T17:18:05","modified_gmt":"2024-10-29T17:18:05","slug":"calzado-deportivo-femenino-adidas-nmd_v3","status":"publish","type":"product","link":"https:\/\/brandss.com.py\/index\/producto\/calzado-deportivo-femenino-adidas-nmd_v3\/","title":{"rendered":"CALZADO DEPORTIVO FEMENINO ADIDAS NMD_V3"},"content":{"rendered":"<p><img loading=\"lazy\" decoding=\"async\" class=\"\" src=\"https:\/\/upload.wikimedia.org\/wikipedia\/commons\/2\/20\/Adidas_Logo.svg\" alt=\"Archivo:Adidas Logo.svg - Wikipedia, la enciclopedia libre\" width=\"85\" height=\"59\" \/><\/p>\n<h1>NMD_V3<\/h1>\n<h3 class=\"subtitle___9ljbp\">Calzados NMD din\u00e1micos y modernos, hechos parcialmente con Parley Ocean Plastic<\/h3>\n<p class=\"gl-vspace\">Las innovaciones de estos calzados adidas buscaron aumentar el rendimiento de los atletas en todas las facetas del deporte. Ahora, esas mejoras llegan a tu d\u00eda a d\u00eda. La tecnolog\u00eda de amortiguaci\u00f3n BOOST y un exterior tejido que sujeta el pie con comodidad te permiten explorar tu entorno urbano libremente. Y siempre en compa\u00f1\u00eda del estilo elegante y sofisticado de adidas. Ganas por todas partes. El exterior de este modelo est\u00e1 confeccionado con hilo de alto rendimiento que contiene al menos un 50 % de Parley Ocean Plastic, un material que ha sido recuperado de residuos pl\u00e1sticos recogidos en islas, playas, comunidades costeras y costas, evitando que contaminen nuestros oc\u00e9anos. El otro 50 % del hilo est\u00e1 hecho de poli\u00e9ster reciclado.<\/p>\n<div class=\"accordion__header-text___2o9Im\">\n<h2 class=\"accordion-title___2sTgR\">Detalles<\/h2>\n<\/div>\n<div class=\"accordion__header-icon___2FuRa\"><\/div>\n<div class=\"accordion__content___29x9h\">\n<div class=\"content-padding___2kVWQ\">\n<div class=\"bullets___3bsSs\" data-auto-id=\"specifications-section\">\n<ul class=\"gl-list\">\n<li class=\"gl-vspace-bpall-small\">Sistema de amarre de cordones<\/li>\n<li class=\"gl-vspace-bpall-small\">Exterior en malla con refuerzos de gamuza sint\u00e9tica<\/li>\n<li class=\"gl-vspace-bpall-small\">Dise\u00f1o que sujeta el pie<\/li>\n<li class=\"gl-vspace-bpall-small\">Forro interno textil<\/li>\n<li class=\"gl-vspace-bpall-small\">Mediasuela con amortiguaci\u00f3n BOOST<\/li>\n<li class=\"gl-vspace-bpall-small\">Suela de caucho<\/li>\n<li class=\"gl-vspace-bpall-small\">El hilo del exterior contiene al menos un 50 % de Parley Ocean Plastic y un 50 % de poli\u00e9ster reciclado<\/li>\n<li class=\"gl-vspace-bpall-small\">Color del art\u00edculo: Grey Three \/ Grey Five \/ Cloud White<\/li>\n<li class=\"gl-vspace-bpall-small\">N\u00famero de art\u00edculo: GY9283<\/li>\n<\/ul>\n<\/div>\n<\/div>\n<\/div>\n","protected":false},"excerpt":{"rendered":"<p>NMD_V3 Calzados NMD din\u00e1micos y modernos, hechos parcialmente con Parley Ocean Plastic Las innovaciones de estos calzados adidas buscaron aumentar<\/p>\n","protected":false},"featured_media":60638,"comment_status":"open","ping_status":"closed","template":"","meta":{"nf_dc_page":""},"product_brand":[],"product_cat":[73],"product_tag":[],"class_list":{"0":"post-60637","1":"product","2":"type-product","3":"status-publish","4":"has-post-thumbnail","6":"product_cat-femenino","8":"first","9":"instock","10":"shipping-taxable","11":"purchasable","12":"product-type-simple"},"_links":{"self":[{"href":"https:\/\/brandss.com.py\/index\/wp-json\/wp\/v2\/product\/60637","targetHints":{"allow":["GET"]}}],"collection":[{"href":"https:\/\/brandss.com.py\/index\/wp-json\/wp\/v2\/product"}],"about":[{"href":"https:\/\/brandss.com.py\/index\/wp-json\/wp\/v2\/types\/product"}],"replies":[{"embeddable":true,"href":"https:\/\/brandss.com.py\/index\/wp-json\/wp\/v2\/comments?post=60637"}],"version-history":[{"count":1,"href":"https:\/\/brandss.com.py\/index\/wp-json\/wp\/v2\/product\/60637\/revisions"}],"predecessor-version":[{"id":60647,"href":"https:\/\/brandss.com.py\/index\/wp-json\/wp\/v2\/product\/60637\/revisions\/60647"}],"wp:featuredmedia":[{"embeddable":true,"href":"https:\/\/brandss.com.py\/index\/wp-json\/wp\/v2\/media\/60638"}],"wp:attachment":[{"href":"https:\/\/brandss.com.py\/index\/wp-json\/wp\/v2\/media?parent=60637"}],"wp:term":[{"taxonomy":"product_brand","embeddable":true,"href":"https:\/\/brandss.com.py\/index\/wp-json\/wp\/v2\/product_brand?post=60637"},{"taxonomy":"product_cat","embeddable":true,"href":"https:\/\/brandss.com.py\/index\/wp-json\/wp\/v2\/product_cat?post=60637"},{"taxonomy":"product_tag","embeddable":true,"href":"https:\/\/brandss.com.py\/index\/wp-json\/wp\/v2\/product_tag?post=60637"}],"curies":[{"name":"wp","href":"https:\/\/api.w.org\/{rel}","templated":true}]}}