{"id":60683,"date":"2024-10-29T19:01:03","date_gmt":"2024-10-29T19:01:03","guid":{"rendered":"https:\/\/brandss.com.py\/index\/?post_type=product&#038;p=60683"},"modified":"2024-10-29T19:03:51","modified_gmt":"2024-10-29T19:03:51","slug":"calzado-deportivo-femenino-adidas-swift-run-22-2","status":"publish","type":"product","link":"https:\/\/brandss.com.py\/index\/producto\/calzado-deportivo-femenino-adidas-swift-run-22-2\/","title":{"rendered":"CALZADO DEPORTIVO FEMENINO ADIDAS SWIFT RUN 22"},"content":{"rendered":"<p><img loading=\"lazy\" decoding=\"async\" class=\"\" src=\"https:\/\/upload.wikimedia.org\/wikipedia\/commons\/2\/20\/Adidas_Logo.svg\" alt=\"Archivo:Adidas Logo.svg - Wikipedia, la enciclopedia libre\" width=\"116\" height=\"80\" \/><\/p>\n<h1>SWIFT RUN 22<\/h1>\n<p>\u00bfRecuerdas el primer par de zapatos de los que te enamoraste? Revive la memoria todos los d\u00edas con estos zapatos adidas Swift Run 22 para mujer. Arraigados al correr pero dise\u00f1ados para la rutina diaria, te mantienen c\u00f3modo con una parte superior de malla de punto de apoyo y una entresuela acolchada de EVA. Oh, y tambi\u00e9n se ven bien. Gana ganar.<\/p>\n<p>Las adidas Swift Run &#8216;White Gold&#8217; presentan un dise\u00f1o elegante y liviano que combina la est\u00e9tica moderna con la comodidad. Dise\u00f1adas para una transpirabilidad \u00f3ptima, la parte superior de malla garantiza una sensaci\u00f3n de frescura durante todo el d\u00eda. La elegante combinaci\u00f3n de colores blanco y dorado hace que estos calzados sean lo suficientemente vers\u00e1tiles para salidas informales o sesiones de gimnasio, mientras que la suela acolchada brinda soporte para estilos de vida activos. Perfectas para quienes buscan tanto estilo como funcionalidad en su calzado.<\/p>\n<ul class=\"a-unordered-list a-vertical a-spacing-small\">\n<li><span class=\"a-list-item a-size-base a-color-base\">Suela de acetato de etileno y vinilo<\/span><\/li>\n<\/ul>\n<ul class=\"a-unordered-list a-vertical a-spacing-small\">\n<li><span class=\"a-list-item a-size-base a-color-base\">El eje mide aproximadamente la parte superior baja del arco<\/span><\/li>\n<\/ul>\n<ul class=\"a-unordered-list a-vertical a-spacing-small\">\n<li><span class=\"a-list-item a-size-base a-color-base\">Ajuste regular. El zapato Swiftrun es grande. Recomendamos una talla m\u00e1s peque\u00f1a<\/span><\/li>\n<\/ul>\n<ul class=\"a-unordered-list a-vertical a-spacing-small\">\n<li><span class=\"a-list-item a-size-base a-color-base\">Entresuela ligera de EVA; disfruta de la comodidad y el rendimiento de la plantilla OrthoLite<\/span><\/li>\n<\/ul>\n<h4>Detalle:<\/h4>\n<div class=\"ux-layout-section-evo__row\">\n<div class=\"ux-layout-section-evo__col\">\n<dl class=\"ux-labels-values ux-labels-values--inline col-6 ux-labels-values--brand\" data-testid=\"ux-labels-values\">\n<dt class=\"ux-labels-values__labels\">\n<div class=\"ux-labels-values__labels-content\">\n<div><span class=\"ux-textspans\"><span><strong>Marca:<\/strong> A<\/span><\/span>didas<\/div>\n<div>\n<div class=\"ux-layout-section-evo__row\">\n<div class=\"ux-layout-section-evo__col\">\n<dl class=\"ux-labels-values ux-labels-values--inline col-6 ux-labels-values--styleCode\" data-testid=\"ux-labels-values\">\n<dt class=\"ux-labels-values__labels\">\n<div class=\"ux-labels-values__labels-content\">\n<div><strong><span class=\"ux-textspans\">Modelo: <\/span><\/strong>GZ4973<\/div>\n<\/div>\n<\/dt>\n<\/dl>\n<\/div>\n<\/div>\n<\/div>\n<\/div>\n<\/dt>\n<\/dl>\n<\/div>\n<\/div>\n<div class=\"ux-layout-section-evo__row\">\n<div class=\"ux-layout-section-evo__col\">\n<dl class=\"ux-labels-values ux-labels-values--inline col-6 ux-labels-values--department\" data-testid=\"ux-labels-values\">\n<dt class=\"ux-labels-values__labels\">\n<div class=\"ux-labels-values__labels-content\">\n<div><span class=\"ux-textspans\"><span><strong>G\u00e9nero:<\/strong> <\/span><\/span>Femenino<\/div>\n<\/div>\n<\/dt>\n<\/dl>\n<\/div>\n<div class=\"ux-layout-section-evo__col\">\n<dl class=\"ux-labels-values ux-labels-values--inline col-6 ux-labels-values--color\" data-testid=\"ux-labels-values\">\n<dt class=\"ux-labels-values__labels\">\n<div class=\"ux-labels-values__labels-content\">\n<div><strong><span class=\"ux-textspans\">Color: <\/span><\/strong>Blanco\/Cobre Met\u00e1lico\/Negro<\/div>\n<\/div>\n<\/dt>\n<\/dl>\n<\/div>\n<\/div>\n<div class=\"ux-layout-section-evo__row\">\n<div class=\"ux-layout-section-evo__col\">\n<dl class=\"ux-labels-values ux-labels-values--inline col-6 ux-labels-values--style\" data-testid=\"ux-labels-values\">\n<dt class=\"ux-labels-values__labels\">\n<div class=\"ux-labels-values__labels-content\">\n<div><span class=\"ux-textspans\"><span><strong>Estilo:<\/strong> C<\/span><\/span>alzado deportivo<\/div>\n<\/div>\n<\/dt>\n<\/dl>\n<\/div>\n<\/div>\n","protected":false},"excerpt":{"rendered":"<p>SWIFT RUN 22 \u00bfRecuerdas el primer par de zapatos de los que te enamoraste? Revive la memoria todos los d\u00edas<\/p>\n","protected":false},"featured_media":60684,"comment_status":"open","ping_status":"closed","template":"","meta":{"nf_dc_page":""},"product_brand":[],"product_cat":[73],"product_tag":[],"class_list":{"0":"post-60683","1":"product","2":"type-product","3":"status-publish","4":"has-post-thumbnail","6":"product_cat-femenino","8":"first","9":"instock","10":"shipping-taxable","11":"purchasable","12":"product-type-simple"},"_links":{"self":[{"href":"https:\/\/brandss.com.py\/index\/wp-json\/wp\/v2\/product\/60683","targetHints":{"allow":["GET"]}}],"collection":[{"href":"https:\/\/brandss.com.py\/index\/wp-json\/wp\/v2\/product"}],"about":[{"href":"https:\/\/brandss.com.py\/index\/wp-json\/wp\/v2\/types\/product"}],"replies":[{"embeddable":true,"href":"https:\/\/brandss.com.py\/index\/wp-json\/wp\/v2\/comments?post=60683"}],"version-history":[{"count":1,"href":"https:\/\/brandss.com.py\/index\/wp-json\/wp\/v2\/product\/60683\/revisions"}],"predecessor-version":[{"id":60689,"href":"https:\/\/brandss.com.py\/index\/wp-json\/wp\/v2\/product\/60683\/revisions\/60689"}],"wp:featuredmedia":[{"embeddable":true,"href":"https:\/\/brandss.com.py\/index\/wp-json\/wp\/v2\/media\/60684"}],"wp:attachment":[{"href":"https:\/\/brandss.com.py\/index\/wp-json\/wp\/v2\/media?parent=60683"}],"wp:term":[{"taxonomy":"product_brand","embeddable":true,"href":"https:\/\/brandss.com.py\/index\/wp-json\/wp\/v2\/product_brand?post=60683"},{"taxonomy":"product_cat","embeddable":true,"href":"https:\/\/brandss.com.py\/index\/wp-json\/wp\/v2\/product_cat?post=60683"},{"taxonomy":"product_tag","embeddable":true,"href":"https:\/\/brandss.com.py\/index\/wp-json\/wp\/v2\/product_tag?post=60683"}],"curies":[{"name":"wp","href":"https:\/\/api.w.org\/{rel}","templated":true}]}}