{"id":60690,"date":"2024-10-30T11:22:16","date_gmt":"2024-10-30T11:22:16","guid":{"rendered":"https:\/\/brandss.com.py\/index\/?post_type=product&#038;p=60690"},"modified":"2024-10-30T11:24:35","modified_gmt":"2024-10-30T11:24:35","slug":"calzado-deportivo-femenino-adidas-runfalcon-3-0","status":"publish","type":"product","link":"https:\/\/brandss.com.py\/index\/producto\/calzado-deportivo-femenino-adidas-runfalcon-3-0\/","title":{"rendered":"CALZADO DEPORTIVO FEMENINO ADIDAS RUNFALCON 3.0"},"content":{"rendered":"<p><img loading=\"lazy\" decoding=\"async\" class=\"\" src=\"https:\/\/upload.wikimedia.org\/wikipedia\/commons\/2\/20\/Adidas_Logo.svg\" alt=\"Archivo:Adidas Logo.svg - Wikipedia, la enciclopedia libre\" width=\"106\" height=\"73\" \/><\/p>\n<h1>RUNFALCON 3.0<\/h1>\n<div class=\"value content product-sub-headline\"><span>Calzados de running con amortiguaci\u00f3n fabricadas en parte con materiales reciclados.<\/span><\/div>\n<div class=\"value content product-desc-short\"><span>Ponte los cordones para salir a correr por el parque o caminar hasta la cafeter\u00eda con estas vers\u00e1tiles zapatillas de running de adidas. Te sentir\u00e1s bien desde el momento en que las pisas, gracias a la c\u00f3moda entresuela Cloudfoam. La parte superior de tela se siente c\u00f3moda y transpirable, y la suela exterior de goma te brinda un gran agarre para una pisada segura. Fabricada con una serie de materiales reciclados, esta parte superior presenta al menos un 50 % de contenido reciclado. Este producto representa solo una de nuestras soluciones para ayudar a terminar con los desechos pl\u00e1sticos.<\/span><\/div>\n<div>\n<div class=\"col-12\">\n<h2 class=\"title accordionParent\"><a data-tracking-link=\"PDP-main-content-_-product details\"><span>Detalles del producto<\/span><\/a><\/h2>\n<\/div>\n<div class=\"col-12 value content accordionChild\">\n<ul class=\"product-bullets list-unstyled\">\n<li class=\"product-bullet\"><span>Ajuste regular.<\/span><\/li>\n<li class=\"product-bullet\"><span>Cierre de encaje.<\/span><\/li>\n<li class=\"product-bullet\"><span>Parte superior textil.<\/span><\/li>\n<li class=\"product-bullet\"><span>Entresuela de espuma de nube.<\/span><\/li>\n<li class=\"product-bullet\"><span>Forro textil.<\/span><\/li>\n<li class=\"product-bullet\"><span>Peso: 239 gramos (talla UK 5.5).<\/span><\/li>\n<li class=\"product-bullet\"><span>Drop de la entresuela: 9 mm (tal\u00f3n: 28 mm \/ antepi\u00e9: 19 mm).<\/span><\/li>\n<li class=\"product-bullet\"><span>Suela de goma.<\/span><\/li>\n<li class=\"product-bullet\"><span>La parte superior contiene un m\u00ednimo de 50% de contenido reciclado.<\/span><\/li>\n<li>Color: Blanco nube \/ Negro n\u00facleo \/ Negro n\u00facleo.<\/li>\n<li>Modelo: HP7557.<\/li>\n<\/ul>\n<\/div>\n<\/div>\n","protected":false},"excerpt":{"rendered":"<p>RUNFALCON 3.0 Calzados de running con amortiguaci\u00f3n fabricadas en parte con materiales reciclados. Ponte los cordones para salir a correr<\/p>\n","protected":false},"featured_media":60691,"comment_status":"open","ping_status":"closed","template":"","meta":{"nf_dc_page":""},"product_brand":[],"product_cat":[73],"product_tag":[],"class_list":{"0":"post-60690","1":"product","2":"type-product","3":"status-publish","4":"has-post-thumbnail","6":"product_cat-femenino","8":"first","9":"instock","10":"shipping-taxable","11":"purchasable","12":"product-type-simple"},"_links":{"self":[{"href":"https:\/\/brandss.com.py\/index\/wp-json\/wp\/v2\/product\/60690","targetHints":{"allow":["GET"]}}],"collection":[{"href":"https:\/\/brandss.com.py\/index\/wp-json\/wp\/v2\/product"}],"about":[{"href":"https:\/\/brandss.com.py\/index\/wp-json\/wp\/v2\/types\/product"}],"replies":[{"embeddable":true,"href":"https:\/\/brandss.com.py\/index\/wp-json\/wp\/v2\/comments?post=60690"}],"version-history":[{"count":1,"href":"https:\/\/brandss.com.py\/index\/wp-json\/wp\/v2\/product\/60690\/revisions"}],"predecessor-version":[{"id":60700,"href":"https:\/\/brandss.com.py\/index\/wp-json\/wp\/v2\/product\/60690\/revisions\/60700"}],"wp:featuredmedia":[{"embeddable":true,"href":"https:\/\/brandss.com.py\/index\/wp-json\/wp\/v2\/media\/60691"}],"wp:attachment":[{"href":"https:\/\/brandss.com.py\/index\/wp-json\/wp\/v2\/media?parent=60690"}],"wp:term":[{"taxonomy":"product_brand","embeddable":true,"href":"https:\/\/brandss.com.py\/index\/wp-json\/wp\/v2\/product_brand?post=60690"},{"taxonomy":"product_cat","embeddable":true,"href":"https:\/\/brandss.com.py\/index\/wp-json\/wp\/v2\/product_cat?post=60690"},{"taxonomy":"product_tag","embeddable":true,"href":"https:\/\/brandss.com.py\/index\/wp-json\/wp\/v2\/product_tag?post=60690"}],"curies":[{"name":"wp","href":"https:\/\/api.w.org\/{rel}","templated":true}]}}