{"id":60712,"date":"2024-10-30T13:02:02","date_gmt":"2024-10-30T13:02:02","guid":{"rendered":"https:\/\/brandss.com.py\/index\/?post_type=product&#038;p=60712"},"modified":"2024-10-30T13:02:52","modified_gmt":"2024-10-30T13:02:52","slug":"calzado-deportivo-femenino-adidas-qt-racer-3-0","status":"publish","type":"product","link":"https:\/\/brandss.com.py\/index\/producto\/calzado-deportivo-femenino-adidas-qt-racer-3-0\/","title":{"rendered":"CALZADO DEPORTIVO FEMENINO ADIDAS QT RACER 3.0"},"content":{"rendered":"<p><img loading=\"lazy\" decoding=\"async\" class=\"\" src=\"https:\/\/upload.wikimedia.org\/wikipedia\/commons\/2\/20\/Adidas_Logo.svg\" alt=\"Archivo:Adidas Logo.svg - Wikipedia, la enciclopedia libre\" width=\"88\" height=\"61\" \/><\/p>\n<h1>QT RACER 3.0<\/h1>\n<h3 class=\"subtitle___9ljbp\">Calzados suaves y deportivos hechos parcialmente con materiales reciclados<\/h3>\n<p class=\"gl-vspace\">Los ic\u00f3nicos calzados de running QT Racer fueron dise\u00f1ados para ofrecer una sensaci\u00f3n de suavidad ideal para caminar y correr. Su dise\u00f1o atemporal se inspira en las llamativas 3 Franjas, creando un look que no pasa de moda. En el interior, una mediasuela Cloudfoam maximiza la amortiguaci\u00f3n y se combina con una plantilla de espuma viscoel\u00e1stica que ofrece soporte incluso despu\u00e9s de mucho uso. No vas a jubilar estos calzados en un futuro cercano. Hecho a base de materiales reciclados, este exterior incorpora al menos un 50 % de contenido reciclado. Este producto es solo una de nuestras soluciones para acabar con los residuos pl\u00e1sticos.<\/p>\n<div class=\"accordion__header-text___2o9Im\">\n<h2 class=\"accordion-title___2sTgR\">Detalles<\/h2>\n<\/div>\n<div class=\"accordion__header-icon___2FuRa\"><\/div>\n<div class=\"accordion__content___29x9h\">\n<div class=\"content-padding___2kVWQ\">\n<div class=\"bullets___3bsSs\" data-auto-id=\"specifications-section\">\n<ul class=\"gl-list\">\n<li class=\"gl-vspace-bpall-small\">Ajuste cl\u00e1sico<\/li>\n<li class=\"gl-vspace-bpall-small\">Sistema de amarre de cordones<\/li>\n<li class=\"gl-vspace-bpall-small\">Exterior textil<\/li>\n<li class=\"gl-vspace-bpall-small\">Forro interno textil<\/li>\n<li class=\"gl-vspace-bpall-small\">Mediasuela Cloudfoam<\/li>\n<li class=\"gl-vspace-bpall-small\">Plantilla de espuma viscoel\u00e1stica<\/li>\n<li class=\"gl-vspace-bpall-small\">Suela sint\u00e9tica<\/li>\n<li class=\"gl-vspace-bpall-small\">El exterior contiene al menos un 50 % de material reciclado<\/li>\n<li class=\"gl-vspace-bpall-small\">Color: Cloud White \/ Core Black \/ Bliss Lilac<\/li>\n<li class=\"gl-vspace-bpall-small\">Modelo: HP6256<\/li>\n<\/ul>\n<\/div>\n<\/div>\n<\/div>\n","protected":false},"excerpt":{"rendered":"<p>QT RACER 3.0 Calzados suaves y deportivos hechos parcialmente con materiales reciclados Los ic\u00f3nicos calzados de running QT Racer fueron<\/p>\n","protected":false},"featured_media":60713,"comment_status":"open","ping_status":"closed","template":"","meta":{"nf_dc_page":""},"product_brand":[],"product_cat":[73],"product_tag":[],"class_list":{"0":"post-60712","1":"product","2":"type-product","3":"status-publish","4":"has-post-thumbnail","6":"product_cat-femenino","8":"first","9":"instock","10":"shipping-taxable","11":"purchasable","12":"product-type-simple"},"_links":{"self":[{"href":"https:\/\/brandss.com.py\/index\/wp-json\/wp\/v2\/product\/60712","targetHints":{"allow":["GET"]}}],"collection":[{"href":"https:\/\/brandss.com.py\/index\/wp-json\/wp\/v2\/product"}],"about":[{"href":"https:\/\/brandss.com.py\/index\/wp-json\/wp\/v2\/types\/product"}],"replies":[{"embeddable":true,"href":"https:\/\/brandss.com.py\/index\/wp-json\/wp\/v2\/comments?post=60712"}],"version-history":[{"count":1,"href":"https:\/\/brandss.com.py\/index\/wp-json\/wp\/v2\/product\/60712\/revisions"}],"predecessor-version":[{"id":60722,"href":"https:\/\/brandss.com.py\/index\/wp-json\/wp\/v2\/product\/60712\/revisions\/60722"}],"wp:featuredmedia":[{"embeddable":true,"href":"https:\/\/brandss.com.py\/index\/wp-json\/wp\/v2\/media\/60713"}],"wp:attachment":[{"href":"https:\/\/brandss.com.py\/index\/wp-json\/wp\/v2\/media?parent=60712"}],"wp:term":[{"taxonomy":"product_brand","embeddable":true,"href":"https:\/\/brandss.com.py\/index\/wp-json\/wp\/v2\/product_brand?post=60712"},{"taxonomy":"product_cat","embeddable":true,"href":"https:\/\/brandss.com.py\/index\/wp-json\/wp\/v2\/product_cat?post=60712"},{"taxonomy":"product_tag","embeddable":true,"href":"https:\/\/brandss.com.py\/index\/wp-json\/wp\/v2\/product_tag?post=60712"}],"curies":[{"name":"wp","href":"https:\/\/api.w.org\/{rel}","templated":true}]}}