{"id":60724,"date":"2024-10-30T14:04:30","date_gmt":"2024-10-30T14:04:30","guid":{"rendered":"https:\/\/brandss.com.py\/index\/?post_type=product&#038;p=60724"},"modified":"2024-10-30T14:11:12","modified_gmt":"2024-10-30T14:11:12","slug":"calzado-deportivo-femenino-adidas-ultrabounce-2","status":"publish","type":"product","link":"https:\/\/brandss.com.py\/index\/producto\/calzado-deportivo-femenino-adidas-ultrabounce-2\/","title":{"rendered":"CALZADO DEPORTIVO FEMENINO ADIDAS ULTRABOUNCE"},"content":{"rendered":"<p><img loading=\"lazy\" decoding=\"async\" class=\"\" src=\"https:\/\/upload.wikimedia.org\/wikipedia\/commons\/2\/20\/Adidas_Logo.svg\" alt=\"Archivo:Adidas Logo.svg - Wikipedia, la enciclopedia libre\" width=\"100\" height=\"69\" \/><\/p>\n<h1>ULTRABOUNCE<\/h1>\n<p>\u00bfQuieres aumentar la intensidad de tus entrenamientos? Esta zapatilla adidas te ayuda a dar un nuevo paso en el mundo del running. La mediasuela Bounce ligera proporciona comodidad, amortiguaci\u00f3n y flexibilidad a tu zancada para que puedas a\u00f1adir kil\u00f3metros a tu carrera diaria. La suela de goma de gran resistencia al desgaste te garantiza una excelente tracci\u00f3n en una gran variedad de superficies.<\/p>\n<div class=\"vtex-rich-text-0-x-container vtex-rich-text-0-x-container--ProductDetailDisclosure flex tl items-start justify-start t-body c-on-base\">\n<div class=\"vtex-rich-text-0-x-wrapper vtex-rich-text-0-x-wrapper--ProductDetailDisclosure\">\n<h3 class=\"lh-copy vtex-rich-text-0-x-paragraph vtex-rich-text-0-x-paragraph--ProductDetailDisclosure\">Detalles<\/h3>\n<\/div>\n<\/div>\n<div id=\"id-bikf75\" class=\"vtex-disclosure-layout-1-x-content vtex-disclosure-layout-1-x-content--ProductDetail vtex-disclosure-layout-1-x-content--visible vtex-disclosure-layout-1-x-content--ProductDetail--visible\">\n<div class=\"vtex-flex-layout-0-x-flexRow vtex-flex-layout-0-x-flexRow--ProductDetailSpecifications\">\n<div class=\"flex mt0 mb0 pt0 pb0    justify-start vtex-flex-layout-0-x-flexRowContent vtex-flex-layout-0-x-flexRowContent--ProductDetailSpecifications items-stretch w-100\">\n<div class=\"pr0 items-stretch vtex-flex-layout-0-x-stretchChildrenWidth   flex\">\n<div class=\"vtex-flex-layout-0-x-flexRow vtex-flex-layout-0-x-flexRow--ProductDetailSpecificationsTextAndValue\">\n<div class=\"flex mt0 mb0 pt0 pb0    justify-start vtex-flex-layout-0-x-flexRowContent vtex-flex-layout-0-x-flexRowContent--ProductDetailSpecificationsTextAndValue items-stretch w-100\"><\/div>\n<\/div>\n<div class=\"vtex-flex-layout-0-x-flexRow vtex-flex-layout-0-x-flexRow--ProductDetailSpecificationsTextAndValue\">\n<div class=\"flex mt0 mb0 pt0 pb0    justify-start vtex-flex-layout-0-x-flexRowContent vtex-flex-layout-0-x-flexRowContent--ProductDetailSpecificationsTextAndValue items-stretch w-100\">\n<div class=\"pr4 items-stretch    flex\"><\/div>\n<ul>\n<li class=\"pr0 items-stretch    flex\"><span class=\"vtex-product-specifications-1-x-specificationValue vtex-product-specifications-1-x-specificationValue--first vtex-product-specifications-1-x-specificationValue--last\" data-specification-group=\"Especificaciones\" data-specification-name=\"Composicion\" data-specification-value=\"Horma Cl\u00e1sica, Cierre de Cordones, Parte superior textil, Mediasuela Bounce, Forro textil\">Horma Cl\u00e1sica.<\/span><\/li>\n<li class=\"pr0 items-stretch    flex\">Cierre de Cordones.<\/li>\n<li class=\"pr0 items-stretch    flex\">Parte superior textil.<\/li>\n<li class=\"pr0 items-stretch    flex\">Mediasuela Bounce.<\/li>\n<li class=\"pr0 items-stretch    flex\">Forro textil.<\/li>\n<li class=\"pr0 items-stretch    flex\">Color: <span class=\"vtex-product-specifications-1-x-specificationValue vtex-product-specifications-1-x-specificationValue--first vtex-product-specifications-1-x-specificationValue--last\" data-specification-group=\"Especificaciones\" data-specification-name=\"Color\" data-specification-value=\"Violeta\">Violeta\/ Verde.<\/span><\/li>\n<li>Modelo: HQ3786.<\/li>\n<\/ul>\n<\/div>\n<\/div>\n<div class=\"vtex-flex-layout-0-x-flexRow vtex-flex-layout-0-x-flexRow--ProductDetailSpecificationsTextAndValue\">\n<div class=\"flex mt0 mb0 pt0 pb0    justify-start vtex-flex-layout-0-x-flexRowContent vtex-flex-layout-0-x-flexRowContent--ProductDetailSpecificationsTextAndValue items-stretch w-100\">\n<div class=\"pr0 items-stretch    flex\"><\/div>\n<\/div>\n<\/div>\n<\/div>\n<\/div>\n<\/div>\n<\/div>\n","protected":false},"excerpt":{"rendered":"<p>ULTRABOUNCE \u00bfQuieres aumentar la intensidad de tus entrenamientos? Esta zapatilla adidas te ayuda a dar un nuevo paso en el<\/p>\n","protected":false},"featured_media":60725,"comment_status":"open","ping_status":"closed","template":"","meta":{"nf_dc_page":""},"product_brand":[],"product_cat":[73],"product_tag":[],"class_list":{"0":"post-60724","1":"product","2":"type-product","3":"status-publish","4":"has-post-thumbnail","6":"product_cat-femenino","8":"first","9":"instock","10":"shipping-taxable","11":"purchasable","12":"product-type-simple"},"_links":{"self":[{"href":"https:\/\/brandss.com.py\/index\/wp-json\/wp\/v2\/product\/60724","targetHints":{"allow":["GET"]}}],"collection":[{"href":"https:\/\/brandss.com.py\/index\/wp-json\/wp\/v2\/product"}],"about":[{"href":"https:\/\/brandss.com.py\/index\/wp-json\/wp\/v2\/types\/product"}],"replies":[{"embeddable":true,"href":"https:\/\/brandss.com.py\/index\/wp-json\/wp\/v2\/comments?post=60724"}],"version-history":[{"count":1,"href":"https:\/\/brandss.com.py\/index\/wp-json\/wp\/v2\/product\/60724\/revisions"}],"predecessor-version":[{"id":60736,"href":"https:\/\/brandss.com.py\/index\/wp-json\/wp\/v2\/product\/60724\/revisions\/60736"}],"wp:featuredmedia":[{"embeddable":true,"href":"https:\/\/brandss.com.py\/index\/wp-json\/wp\/v2\/media\/60725"}],"wp:attachment":[{"href":"https:\/\/brandss.com.py\/index\/wp-json\/wp\/v2\/media?parent=60724"}],"wp:term":[{"taxonomy":"product_brand","embeddable":true,"href":"https:\/\/brandss.com.py\/index\/wp-json\/wp\/v2\/product_brand?post=60724"},{"taxonomy":"product_cat","embeddable":true,"href":"https:\/\/brandss.com.py\/index\/wp-json\/wp\/v2\/product_cat?post=60724"},{"taxonomy":"product_tag","embeddable":true,"href":"https:\/\/brandss.com.py\/index\/wp-json\/wp\/v2\/product_tag?post=60724"}],"curies":[{"name":"wp","href":"https:\/\/api.w.org\/{rel}","templated":true}]}}