{"id":60737,"date":"2024-10-30T14:42:04","date_gmt":"2024-10-30T14:42:04","guid":{"rendered":"https:\/\/brandss.com.py\/index\/?post_type=product&#038;p=60737"},"modified":"2024-10-30T14:42:49","modified_gmt":"2024-10-30T14:42:49","slug":"calzado-deportivo-femenino-adidas-cloudfoam-qt-flex","status":"publish","type":"product","link":"https:\/\/brandss.com.py\/index\/producto\/calzado-deportivo-femenino-adidas-cloudfoam-qt-flex\/","title":{"rendered":"CALZADO DEPORTIVO FEMENINO ADIDAS CLOUDFOAM QT FLEX"},"content":{"rendered":"<p><img loading=\"lazy\" decoding=\"async\" class=\"\" src=\"https:\/\/upload.wikimedia.org\/wikipedia\/commons\/2\/20\/Adidas_Logo.svg\" alt=\"Archivo:Adidas Logo.svg - Wikipedia, la enciclopedia libre\" width=\"116\" height=\"80\" \/><\/p>\n<h1>CLOUDFOAM QT FLEX<\/h1>\n<p>Los calzados universales Adidas CF Qt flex para mujer ofrecen comodidad y placer todos los d\u00edas. Estos son zapatos deportivos que se refieren estil\u00edsticamente a dise\u00f1os anteriores de Adidas, que han recibido una forma nueva y din\u00e1mica. La marca se ocup\u00f3 de un dise\u00f1o atractivo y tambi\u00e9n asegur\u00f3 la m\u00e1s alta calidad de mano de obra. La parte superior est\u00e1 hecha del material, gracias al cual nuestras piernas respiran libremente. La suela, hecha de un compuesto duradero, proporciona una gran amortiguaci\u00f3n y muy buen agarre. Sujetar el pie, un posicionamiento perfecto y una comodidad excepcional son el resultado del uso de soluciones modernas. Este modelo est\u00e1 adaptado a todo el a\u00f1o. Interesante dise\u00f1o, comodidad y seguridad, as\u00ed es como se puede describir brevemente este modelo de Adidas.<\/p>\n<h4><span>Un estilo de entrenamiento s\u00f3lo para ella.<\/span><\/h4>\n<div class=\"Pr_Details\">\n<ul>\n<li><span>Parte superior de malla.<\/span><\/li>\n<li><span>C\u00f3modo forro textil.<\/span><\/li>\n<li><span>3 bandas soldadas de TPU.<\/span><\/li>\n<li><span>La plantilla Cloudfoam MEMORY se adapta al pie para una comodidad superior al pisar.<\/span><\/li>\n<li><span>Entresuela y suela exterior combinadas de espuma de nube para una pisada c\u00f3moda y una amortiguaci\u00f3n superior.<\/span><\/li>\n<li><span>Parte superior textil y sint\u00e9tica \/ Forro textil \/ Suela sint\u00e9tica.<\/span><\/li>\n<li>Color: Core Black\/ Cloud White\/ Core Black.<\/li>\n<li><span>Modelo: CG5762.<\/span><\/li>\n<\/ul>\n<\/div>\n","protected":false},"excerpt":{"rendered":"<p>CLOUDFOAM QT FLEX Los calzados universales Adidas CF Qt flex para mujer ofrecen comodidad y placer todos los d\u00edas. Estos<\/p>\n","protected":false},"featured_media":60738,"comment_status":"open","ping_status":"closed","template":"","meta":{"nf_dc_page":""},"product_brand":[],"product_cat":[73],"product_tag":[],"class_list":{"0":"post-60737","1":"product","2":"type-product","3":"status-publish","4":"has-post-thumbnail","6":"product_cat-femenino","8":"first","9":"instock","10":"shipping-taxable","11":"purchasable","12":"product-type-simple"},"_links":{"self":[{"href":"https:\/\/brandss.com.py\/index\/wp-json\/wp\/v2\/product\/60737","targetHints":{"allow":["GET"]}}],"collection":[{"href":"https:\/\/brandss.com.py\/index\/wp-json\/wp\/v2\/product"}],"about":[{"href":"https:\/\/brandss.com.py\/index\/wp-json\/wp\/v2\/types\/product"}],"replies":[{"embeddable":true,"href":"https:\/\/brandss.com.py\/index\/wp-json\/wp\/v2\/comments?post=60737"}],"version-history":[{"count":1,"href":"https:\/\/brandss.com.py\/index\/wp-json\/wp\/v2\/product\/60737\/revisions"}],"predecessor-version":[{"id":60745,"href":"https:\/\/brandss.com.py\/index\/wp-json\/wp\/v2\/product\/60737\/revisions\/60745"}],"wp:featuredmedia":[{"embeddable":true,"href":"https:\/\/brandss.com.py\/index\/wp-json\/wp\/v2\/media\/60738"}],"wp:attachment":[{"href":"https:\/\/brandss.com.py\/index\/wp-json\/wp\/v2\/media?parent=60737"}],"wp:term":[{"taxonomy":"product_brand","embeddable":true,"href":"https:\/\/brandss.com.py\/index\/wp-json\/wp\/v2\/product_brand?post=60737"},{"taxonomy":"product_cat","embeddable":true,"href":"https:\/\/brandss.com.py\/index\/wp-json\/wp\/v2\/product_cat?post=60737"},{"taxonomy":"product_tag","embeddable":true,"href":"https:\/\/brandss.com.py\/index\/wp-json\/wp\/v2\/product_tag?post=60737"}],"curies":[{"name":"wp","href":"https:\/\/api.w.org\/{rel}","templated":true}]}}