{"id":60759,"date":"2024-10-30T17:30:57","date_gmt":"2024-10-30T17:30:57","guid":{"rendered":"https:\/\/brandss.com.py\/index\/?post_type=product&#038;p=60759"},"modified":"2024-10-30T17:31:50","modified_gmt":"2024-10-30T17:31:50","slug":"calzado-deportivo-femenino-adidas-court-low-streetcheck","status":"publish","type":"product","link":"https:\/\/brandss.com.py\/index\/producto\/calzado-deportivo-femenino-adidas-court-low-streetcheck\/","title":{"rendered":"CALZADO DEPORTIVO FEMENINO ADIDAS COURT LOW STREETCHECK"},"content":{"rendered":"<p><img loading=\"lazy\" decoding=\"async\" class=\"\" src=\"https:\/\/upload.wikimedia.org\/wikipedia\/commons\/2\/20\/Adidas_Logo.svg\" alt=\"Archivo:Adidas Logo.svg - Wikipedia, la enciclopedia libre\" width=\"95\" height=\"66\" \/><\/p>\n<h1>COURT LOW STREETCHECK<\/h1>\n<p>Calzado inspirado en el b\u00e1squet para usar a diario<\/p>\n<p>Una plataforma para tus sue\u00f1os. Una lona para escribir tu propia historia. Puede que parezca mucho para un calzado, pero estos calzados adidas pueden soportarlo. Con una silueta de corte bajo inspirada en el legado de adidas, adem\u00e1s de una mediasuela y plantilla ultrac\u00f3moda, est\u00e1n listos para acompa\u00f1arte adonde quieras ir.<\/p>\n<ul>\n<li>Horma cl\u00e1sica.<\/li>\n<li>Sistema de atado de cordones.<\/li>\n<li>Exterior en cuero.<\/li>\n<li>Forro interno textil.<\/li>\n<li>Plantilla Cloudfoam Comfort.<\/li>\n<li>Mediasuela Cloudfoam.<\/li>\n<li>Suela de caucho.<\/li>\n<li>Color: Negro\/ Blanco.<\/li>\n<li>Modelo: GW5494.<\/li>\n<\/ul>\n","protected":false},"excerpt":{"rendered":"<p>COURT LOW STREETCHECK Calzado inspirado en el b\u00e1squet para usar a diario Una plataforma para tus sue\u00f1os. Una lona para<\/p>\n","protected":false},"featured_media":60760,"comment_status":"open","ping_status":"closed","template":"","meta":{"nf_dc_page":""},"product_brand":[],"product_cat":[73],"product_tag":[],"class_list":{"0":"post-60759","1":"product","2":"type-product","3":"status-publish","4":"has-post-thumbnail","6":"product_cat-femenino","8":"first","9":"instock","10":"shipping-taxable","11":"purchasable","12":"product-type-simple"},"_links":{"self":[{"href":"https:\/\/brandss.com.py\/index\/wp-json\/wp\/v2\/product\/60759","targetHints":{"allow":["GET"]}}],"collection":[{"href":"https:\/\/brandss.com.py\/index\/wp-json\/wp\/v2\/product"}],"about":[{"href":"https:\/\/brandss.com.py\/index\/wp-json\/wp\/v2\/types\/product"}],"replies":[{"embeddable":true,"href":"https:\/\/brandss.com.py\/index\/wp-json\/wp\/v2\/comments?post=60759"}],"version-history":[{"count":1,"href":"https:\/\/brandss.com.py\/index\/wp-json\/wp\/v2\/product\/60759\/revisions"}],"predecessor-version":[{"id":60766,"href":"https:\/\/brandss.com.py\/index\/wp-json\/wp\/v2\/product\/60759\/revisions\/60766"}],"wp:featuredmedia":[{"embeddable":true,"href":"https:\/\/brandss.com.py\/index\/wp-json\/wp\/v2\/media\/60760"}],"wp:attachment":[{"href":"https:\/\/brandss.com.py\/index\/wp-json\/wp\/v2\/media?parent=60759"}],"wp:term":[{"taxonomy":"product_brand","embeddable":true,"href":"https:\/\/brandss.com.py\/index\/wp-json\/wp\/v2\/product_brand?post=60759"},{"taxonomy":"product_cat","embeddable":true,"href":"https:\/\/brandss.com.py\/index\/wp-json\/wp\/v2\/product_cat?post=60759"},{"taxonomy":"product_tag","embeddable":true,"href":"https:\/\/brandss.com.py\/index\/wp-json\/wp\/v2\/product_tag?post=60759"}],"curies":[{"name":"wp","href":"https:\/\/api.w.org\/{rel}","templated":true}]}}