{"id":60767,"date":"2024-10-30T17:44:56","date_gmt":"2024-10-30T17:44:56","guid":{"rendered":"https:\/\/brandss.com.py\/index\/?post_type=product&#038;p=60767"},"modified":"2024-10-30T17:50:54","modified_gmt":"2024-10-30T17:50:54","slug":"calzado-deportivo-femenino-adidas-grand-court","status":"publish","type":"product","link":"https:\/\/brandss.com.py\/index\/producto\/calzado-deportivo-femenino-adidas-grand-court\/","title":{"rendered":"CALZADO DEPORTIVO FEMENINO ADIDAS GRAND COURT"},"content":{"rendered":"<p><img loading=\"lazy\" decoding=\"async\" class=\"\" src=\"https:\/\/upload.wikimedia.org\/wikipedia\/commons\/2\/20\/Adidas_Logo.svg\" alt=\"Archivo:Adidas Logo.svg - Wikipedia, la enciclopedia libre\" width=\"103\" height=\"71\" \/><\/p>\n<h1><span style=\"color: #1b1919;font-size: 28px\">GRAND COURT<\/span><\/h1>\n<h3 class=\"subtitle___9ljbp\">Tenis minimalistas con un estilo cl\u00e1sico<\/h3>\n<p class=\"gl-vspace\">Los 70 est\u00e1n de vuelta. Estos tenis se inspiran en los cl\u00e1sicos dise\u00f1os deportivos del pasado, actualizandolos para el mundo de hoy. Lucen un exterior en piel sint\u00e9tica perfecto para tu d\u00eda a d\u00eda con las caracter\u00edsticas 3 Franjas en los costados para darles un toque extra de estilo. Adem\u00e1s, su suave mediasuela le brinda mayor comodidad y amortiguaci\u00f3n a tu pisada.<\/p>\n<div class=\"accordion__header-text___2o9Im\">\n<h2><\/h2>\n<h2 class=\"accordion-title___2sTgR\">Detalles<\/h2>\n<\/div>\n<div class=\"accordion__header-icon___2FuRa\"><\/div>\n<div class=\"accordion__content___29x9h\">\n<div class=\"content-padding___2kVWQ\">\n<div class=\"bullets___3bsSs\" data-auto-id=\"specifications-section\">\n<ul class=\"gl-list\">\n<li class=\"gl-vspace-bpall-small\">Horma cl\u00e1sica.<\/li>\n<li class=\"gl-vspace-bpall-small\">Sistema de amarre de cordones.<\/li>\n<li class=\"gl-vspace-bpall-small\">Exterior en piel sint\u00e9tica.<\/li>\n<li class=\"gl-vspace-bpall-small\">Suela de caucho.<\/li>\n<li class=\"gl-vspace-bpall-small\">Plantilla Cloudfoam Comfort.<\/li>\n<li class=\"gl-vspace-bpall-small\">Tacto suave.<\/li>\n<li class=\"gl-vspace-bpall-small\">Color: Cloud White \/ Core Black \/ Cloud White.<\/li>\n<li class=\"gl-vspace-bpall-small\">Modelo: F36483.<\/li>\n<\/ul>\n<\/div>\n<\/div>\n<\/div>\n","protected":false},"excerpt":{"rendered":"<p>GRAND COURT Tenis minimalistas con un estilo cl\u00e1sico Los 70 est\u00e1n de vuelta. Estos tenis se inspiran en los cl\u00e1sicos<\/p>\n","protected":false},"featured_media":60768,"comment_status":"open","ping_status":"closed","template":"","meta":{"nf_dc_page":""},"product_brand":[],"product_cat":[73],"product_tag":[],"class_list":{"0":"post-60767","1":"product","2":"type-product","3":"status-publish","4":"has-post-thumbnail","6":"product_cat-femenino","8":"first","9":"instock","10":"shipping-taxable","11":"purchasable","12":"product-type-simple"},"_links":{"self":[{"href":"https:\/\/brandss.com.py\/index\/wp-json\/wp\/v2\/product\/60767","targetHints":{"allow":["GET"]}}],"collection":[{"href":"https:\/\/brandss.com.py\/index\/wp-json\/wp\/v2\/product"}],"about":[{"href":"https:\/\/brandss.com.py\/index\/wp-json\/wp\/v2\/types\/product"}],"replies":[{"embeddable":true,"href":"https:\/\/brandss.com.py\/index\/wp-json\/wp\/v2\/comments?post=60767"}],"version-history":[{"count":1,"href":"https:\/\/brandss.com.py\/index\/wp-json\/wp\/v2\/product\/60767\/revisions"}],"predecessor-version":[{"id":60778,"href":"https:\/\/brandss.com.py\/index\/wp-json\/wp\/v2\/product\/60767\/revisions\/60778"}],"wp:featuredmedia":[{"embeddable":true,"href":"https:\/\/brandss.com.py\/index\/wp-json\/wp\/v2\/media\/60768"}],"wp:attachment":[{"href":"https:\/\/brandss.com.py\/index\/wp-json\/wp\/v2\/media?parent=60767"}],"wp:term":[{"taxonomy":"product_brand","embeddable":true,"href":"https:\/\/brandss.com.py\/index\/wp-json\/wp\/v2\/product_brand?post=60767"},{"taxonomy":"product_cat","embeddable":true,"href":"https:\/\/brandss.com.py\/index\/wp-json\/wp\/v2\/product_cat?post=60767"},{"taxonomy":"product_tag","embeddable":true,"href":"https:\/\/brandss.com.py\/index\/wp-json\/wp\/v2\/product_tag?post=60767"}],"curies":[{"name":"wp","href":"https:\/\/api.w.org\/{rel}","templated":true}]}}