{"id":60779,"date":"2024-10-30T18:17:09","date_gmt":"2024-10-30T18:17:09","guid":{"rendered":"https:\/\/brandss.com.py\/index\/?post_type=product&#038;p=60779"},"modified":"2024-10-30T18:17:50","modified_gmt":"2024-10-30T18:17:50","slug":"calzado-deportivo-femenino-adidas-ozelle-cloudfoam-lifestyle-running","status":"publish","type":"product","link":"https:\/\/brandss.com.py\/index\/producto\/calzado-deportivo-femenino-adidas-ozelle-cloudfoam-lifestyle-running\/","title":{"rendered":"CALZADO DEPORTIVO FEMENINO ADIDAS OZELLE CLOUDFOAM LIFESTYLE RUNNING"},"content":{"rendered":"<p><img loading=\"lazy\" decoding=\"async\" class=\"\" src=\"https:\/\/upload.wikimedia.org\/wikipedia\/commons\/2\/20\/Adidas_Logo.svg\" alt=\"Archivo:Adidas Logo.svg - Wikipedia, la enciclopedia libre\" width=\"104\" height=\"72\" \/><\/p>\n<h1>OZELLE CLOUDFOAM LIFESTYLE RUNNING<\/h1>\n<div class=\"value content product-sub-headline\"><span>Calzados con atractivo retro fabricadas en parte con materiales reciclados.<\/span><\/div>\n<div class=\"value content product-desc-short\"><span>Estos calzados de running de la vieja escuela de adidas se actualizan con una combinaci\u00f3n de materiales livianos y una suela exterior de goma gruesa de \u00faltima generaci\u00f3n. Y el interior tambi\u00e9n es perfecto, con amortiguaci\u00f3n Cloudfoam que se siente c\u00f3moda incluso cuando est\u00e1s muy ocupado. Las 3 Rayas y los gr\u00e1ficos discretos de adidas brindan los toques finales.<\/span><\/div>\n<div>\n<div class=\"col-12\">\n<h2 class=\"title accordionParent\"><a data-tracking-link=\"PDP-main-content-_-product details\"><span>Detalles del producto<\/span><\/a><\/h2>\n<\/div>\n<div class=\"col-12 value content accordionChild\">\n<ul class=\"product-bullets list-unstyled\">\n<li class=\"product-bullet\"><span>Ajuste regular.<\/span><\/li>\n<li class=\"product-bullet\"><span>Cierre de encaje.<\/span><\/li>\n<li class=\"product-bullet\"><span>Parte superior textil.<\/span><\/li>\n<li class=\"product-bullet\"><span>Entresuela de espuma de nube.<\/span><\/li>\n<li class=\"product-bullet\"><span>Forro textil.<\/span><\/li>\n<li class=\"product-bullet\"><span>Suela de goma.<\/span><\/li>\n<li class=\"product-bullet\"><span>La parte superior contiene un m\u00ednimo de 50% de contenido reciclado.<\/span><\/li>\n<li>Color: Negro b\u00e1sico \/ Gris cinco \/ Naranja \u00e1cido.<\/li>\n<li>Modelo: IG9796.<\/li>\n<\/ul>\n<\/div>\n<\/div>\n","protected":false},"excerpt":{"rendered":"<p>OZELLE CLOUDFOAM LIFESTYLE RUNNING Calzados con atractivo retro fabricadas en parte con materiales reciclados. Estos calzados de running de la<\/p>\n","protected":false},"featured_media":60780,"comment_status":"open","ping_status":"closed","template":"","meta":{"nf_dc_page":""},"product_brand":[],"product_cat":[73],"product_tag":[],"class_list":{"0":"post-60779","1":"product","2":"type-product","3":"status-publish","4":"has-post-thumbnail","6":"product_cat-femenino","8":"first","9":"instock","10":"shipping-taxable","11":"purchasable","12":"product-type-simple"},"_links":{"self":[{"href":"https:\/\/brandss.com.py\/index\/wp-json\/wp\/v2\/product\/60779","targetHints":{"allow":["GET"]}}],"collection":[{"href":"https:\/\/brandss.com.py\/index\/wp-json\/wp\/v2\/product"}],"about":[{"href":"https:\/\/brandss.com.py\/index\/wp-json\/wp\/v2\/types\/product"}],"replies":[{"embeddable":true,"href":"https:\/\/brandss.com.py\/index\/wp-json\/wp\/v2\/comments?post=60779"}],"version-history":[{"count":1,"href":"https:\/\/brandss.com.py\/index\/wp-json\/wp\/v2\/product\/60779\/revisions"}],"predecessor-version":[{"id":60789,"href":"https:\/\/brandss.com.py\/index\/wp-json\/wp\/v2\/product\/60779\/revisions\/60789"}],"wp:featuredmedia":[{"embeddable":true,"href":"https:\/\/brandss.com.py\/index\/wp-json\/wp\/v2\/media\/60780"}],"wp:attachment":[{"href":"https:\/\/brandss.com.py\/index\/wp-json\/wp\/v2\/media?parent=60779"}],"wp:term":[{"taxonomy":"product_brand","embeddable":true,"href":"https:\/\/brandss.com.py\/index\/wp-json\/wp\/v2\/product_brand?post=60779"},{"taxonomy":"product_cat","embeddable":true,"href":"https:\/\/brandss.com.py\/index\/wp-json\/wp\/v2\/product_cat?post=60779"},{"taxonomy":"product_tag","embeddable":true,"href":"https:\/\/brandss.com.py\/index\/wp-json\/wp\/v2\/product_tag?post=60779"}],"curies":[{"name":"wp","href":"https:\/\/api.w.org\/{rel}","templated":true}]}}