{"id":60801,"date":"2024-10-30T19:04:53","date_gmt":"2024-10-30T19:04:53","guid":{"rendered":"https:\/\/brandss.com.py\/index\/?post_type=product&#038;p=60801"},"modified":"2024-10-30T19:05:50","modified_gmt":"2024-10-30T19:05:50","slug":"calzado-deportivo-femenino-adidas-puremotion-2","status":"publish","type":"product","link":"https:\/\/brandss.com.py\/index\/producto\/calzado-deportivo-femenino-adidas-puremotion-2\/","title":{"rendered":"CALZADO DEPORTIVO FEMENINO ADIDAS PUREMOTION"},"content":{"rendered":"<p><img loading=\"lazy\" decoding=\"async\" class=\"\" src=\"https:\/\/upload.wikimedia.org\/wikipedia\/commons\/2\/20\/Adidas_Logo.svg\" alt=\"Archivo:Adidas Logo.svg - Wikipedia, la enciclopedia libre\" width=\"111\" height=\"76\" \/><\/p>\n<h1>PUREMOTION<\/h1>\n<h3 class=\"subtitle___9ljbp\">Comodidad y estilo<\/h3>\n<p class=\"gl-vspace\">Perfecta para tu d\u00eda a d\u00eda, esta zapatilla adidas presenta un dise\u00f1o minimalista e informal inspirado en el running. La mediasuela Cloudfoam ofrece una comodidad excepcional para tus d\u00edas m\u00e1s activos.<\/p>\n<div class=\"highlight___3fa4r\">\n<div class=\"highlight-text___lgoJI\">\n<h3 class=\"highlight-text__headline___25B2G\">Mediasuela y plantilla Cloudfoam<\/h3>\n<p>Mediasuela Cloudfoam y plantilla de espuma con memoria para una mayor comodidad y amortiguaci\u00f3n.<\/p>\n<\/div>\n<\/div>\n<div class=\"highlight___3fa4r\">\n<div class=\"highlight-text___lgoJI\">\n<h3 class=\"highlight-text__headline___25B2G\">Parte superior de tela muy flexible<\/h3>\n<p>La parte superior de tela es muy c\u00f3moda.<\/p>\n<\/div>\n<\/div>\n<div class=\"highlight___3fa4r\">\n<div class=\"highlight-text___lgoJI\">\n<h3 class=\"highlight-text__headline___25B2G\">Dise\u00f1o inspirado en el running<\/h3>\n<p>Su silueta elegante evoca el estilo del running cl\u00e1sico.<\/p>\n<div class=\"accordion__header-text___2o9Im\">\n<h2 class=\"accordion-title___2sTgR\">Detalles<\/h2>\n<\/div>\n<div class=\"accordion__header-icon___2FuRa\"><\/div>\n<div class=\"accordion__content___29x9h\">\n<div class=\"content-padding___2kVWQ\">\n<div class=\"bullets___3bsSs\" data-auto-id=\"specifications-section\">\n<ul class=\"gl-list\">\n<li class=\"gl-vspace-bpall-small\">Horma cl\u00e1sica.<\/li>\n<li class=\"gl-vspace-bpall-small\">Cierre de cordones.<\/li>\n<li class=\"gl-vspace-bpall-small\">Parte superior textil.<\/li>\n<li class=\"gl-vspace-bpall-small\">Tacto supersuave.<\/li>\n<li class=\"gl-vspace-bpall-small\">Mediasuela Cloudfoam.<\/li>\n<li class=\"gl-vspace-bpall-small\">Color: Core Black \/ Magic Grey Met \/ Magic Grey.<\/li>\n<li class=\"gl-vspace-bpall-small\">Modelo: GX5637.<\/li>\n<\/ul>\n<\/div>\n<\/div>\n<\/div>\n<\/div>\n<\/div>\n","protected":false},"excerpt":{"rendered":"<p>PUREMOTION Comodidad y estilo Perfecta para tu d\u00eda a d\u00eda, esta zapatilla adidas presenta un dise\u00f1o minimalista e informal inspirado<\/p>\n","protected":false},"featured_media":60802,"comment_status":"open","ping_status":"closed","template":"","meta":{"nf_dc_page":""},"product_brand":[],"product_cat":[73],"product_tag":[],"class_list":{"0":"post-60801","1":"product","2":"type-product","3":"status-publish","4":"has-post-thumbnail","6":"product_cat-femenino","8":"first","9":"instock","10":"shipping-taxable","11":"purchasable","12":"product-type-simple"},"_links":{"self":[{"href":"https:\/\/brandss.com.py\/index\/wp-json\/wp\/v2\/product\/60801","targetHints":{"allow":["GET"]}}],"collection":[{"href":"https:\/\/brandss.com.py\/index\/wp-json\/wp\/v2\/product"}],"about":[{"href":"https:\/\/brandss.com.py\/index\/wp-json\/wp\/v2\/types\/product"}],"replies":[{"embeddable":true,"href":"https:\/\/brandss.com.py\/index\/wp-json\/wp\/v2\/comments?post=60801"}],"version-history":[{"count":1,"href":"https:\/\/brandss.com.py\/index\/wp-json\/wp\/v2\/product\/60801\/revisions"}],"predecessor-version":[{"id":60810,"href":"https:\/\/brandss.com.py\/index\/wp-json\/wp\/v2\/product\/60801\/revisions\/60810"}],"wp:featuredmedia":[{"embeddable":true,"href":"https:\/\/brandss.com.py\/index\/wp-json\/wp\/v2\/media\/60802"}],"wp:attachment":[{"href":"https:\/\/brandss.com.py\/index\/wp-json\/wp\/v2\/media?parent=60801"}],"wp:term":[{"taxonomy":"product_brand","embeddable":true,"href":"https:\/\/brandss.com.py\/index\/wp-json\/wp\/v2\/product_brand?post=60801"},{"taxonomy":"product_cat","embeddable":true,"href":"https:\/\/brandss.com.py\/index\/wp-json\/wp\/v2\/product_cat?post=60801"},{"taxonomy":"product_tag","embeddable":true,"href":"https:\/\/brandss.com.py\/index\/wp-json\/wp\/v2\/product_tag?post=60801"}],"curies":[{"name":"wp","href":"https:\/\/api.w.org\/{rel}","templated":true}]}}