{"id":60811,"date":"2024-10-30T19:15:03","date_gmt":"2024-10-30T19:15:03","guid":{"rendered":"https:\/\/brandss.com.py\/index\/?post_type=product&#038;p=60811"},"modified":"2024-10-30T19:15:39","modified_gmt":"2024-10-30T19:15:39","slug":"calzado-deportivo-femenino-adidas-puremotion-adapt-3","status":"publish","type":"product","link":"https:\/\/brandss.com.py\/index\/producto\/calzado-deportivo-femenino-adidas-puremotion-adapt-3\/","title":{"rendered":"CALZADO DEPORTIVO FEMENINO ADIDAS PUREMOTION ADAPT"},"content":{"rendered":"<p><img loading=\"lazy\" decoding=\"async\" class=\"\" src=\"https:\/\/upload.wikimedia.org\/wikipedia\/commons\/2\/20\/Adidas_Logo.svg\" alt=\"Archivo:Adidas Logo.svg - Wikipedia, la enciclopedia libre\" width=\"102\" height=\"70\" \/><\/p>\n<h1>PUREMOTION ADAPT<\/h1>\n<h3 class=\"subtitle___9ljbp\"><span>Zapatos sin cordones fabricados en parte con contenido reciclado.<\/span><\/h3>\n<p class=\"gl-vspace\"><span>Dise\u00f1ados para brindar comodidad y un estilo a juego. Estos zapatos inspirados en el running de adidas se apoyan sobre una entresuela Cloudfoam suave como una almohada, por lo que cada paso est\u00e1 amortiguado durante todo el d\u00eda. Las correas el\u00e1sticas anchas en la parte superior sin cordones sostienen el pie para esos momentos inesperados en tu d\u00eda en los que tienes que aumentar el ritmo. Fabricados en parte con contenido reciclado generado a partir de desechos de producci\u00f3n, por ejemplo, restos de corte y desechos dom\u00e9sticos posconsumo para evitar el mayor impacto ambiental de producir contenido virgen.<\/span><\/p>\n<div class=\"accordion__header-text___2o9Im\">\n<h2 class=\"accordion-title___2sTgR\"><span>Detalles<\/span><\/h2>\n<\/div>\n<div class=\"accordion__header-icon___2FuRa\"><\/div>\n<div class=\"accordion__content___29x9h\">\n<div class=\"content-padding___2kVWQ\">\n<div class=\"bullets___3bsSs\" data-auto-id=\"specifications-section\">\n<ul class=\"gl-list\">\n<li class=\"gl-vspace-bpall-small\"><span>Ajuste regular<\/span><\/li>\n<li class=\"gl-vspace-bpall-small\"><span>Tirantes el\u00e1sticos anchos<\/span><\/li>\n<li class=\"gl-vspace-bpall-small\"><span>Parte superior textil<\/span><\/li>\n<li class=\"gl-vspace-bpall-small\"><span>Sensaci\u00f3n c\u00f3moda<\/span><\/li>\n<li class=\"gl-vspace-bpall-small\"><span>Forro textil<\/span><\/li>\n<li class=\"gl-vspace-bpall-small\"><span>Entresuela de espuma de nube<\/span><\/li>\n<li class=\"gl-vspace-bpall-small\"><span>Suela sint\u00e9tica<\/span><\/li>\n<li class=\"gl-vspace-bpall-small\"><span>El 25% de las piezas utilizadas para fabricar la parte superior est\u00e1n hechas con un m\u00ednimo del 50% de contenido reciclado.<\/span><\/li>\n<li class=\"gl-vspace-bpall-small\"><span>Color: Blanco nube \/ Blanco nube \/ Menta intensa<\/span><\/li>\n<li class=\"gl-vspace-bpall-small\"><span>Modelo: GX1078<\/span><\/li>\n<\/ul>\n<\/div>\n<\/div>\n<\/div>\n","protected":false},"excerpt":{"rendered":"<p>PUREMOTION ADAPT Zapatos sin cordones fabricados en parte con contenido reciclado. Dise\u00f1ados para brindar comodidad y un estilo a juego.<\/p>\n","protected":false},"featured_media":60812,"comment_status":"open","ping_status":"closed","template":"","meta":{"nf_dc_page":""},"product_brand":[],"product_cat":[73],"product_tag":[],"class_list":{"0":"post-60811","1":"product","2":"type-product","3":"status-publish","4":"has-post-thumbnail","6":"product_cat-femenino","8":"first","9":"instock","10":"shipping-taxable","11":"purchasable","12":"product-type-simple"},"_links":{"self":[{"href":"https:\/\/brandss.com.py\/index\/wp-json\/wp\/v2\/product\/60811","targetHints":{"allow":["GET"]}}],"collection":[{"href":"https:\/\/brandss.com.py\/index\/wp-json\/wp\/v2\/product"}],"about":[{"href":"https:\/\/brandss.com.py\/index\/wp-json\/wp\/v2\/types\/product"}],"replies":[{"embeddable":true,"href":"https:\/\/brandss.com.py\/index\/wp-json\/wp\/v2\/comments?post=60811"}],"version-history":[{"count":1,"href":"https:\/\/brandss.com.py\/index\/wp-json\/wp\/v2\/product\/60811\/revisions"}],"predecessor-version":[{"id":60820,"href":"https:\/\/brandss.com.py\/index\/wp-json\/wp\/v2\/product\/60811\/revisions\/60820"}],"wp:featuredmedia":[{"embeddable":true,"href":"https:\/\/brandss.com.py\/index\/wp-json\/wp\/v2\/media\/60812"}],"wp:attachment":[{"href":"https:\/\/brandss.com.py\/index\/wp-json\/wp\/v2\/media?parent=60811"}],"wp:term":[{"taxonomy":"product_brand","embeddable":true,"href":"https:\/\/brandss.com.py\/index\/wp-json\/wp\/v2\/product_brand?post=60811"},{"taxonomy":"product_cat","embeddable":true,"href":"https:\/\/brandss.com.py\/index\/wp-json\/wp\/v2\/product_cat?post=60811"},{"taxonomy":"product_tag","embeddable":true,"href":"https:\/\/brandss.com.py\/index\/wp-json\/wp\/v2\/product_tag?post=60811"}],"curies":[{"name":"wp","href":"https:\/\/api.w.org\/{rel}","templated":true}]}}