{"id":60875,"date":"2024-10-31T13:57:29","date_gmt":"2024-10-31T13:57:29","guid":{"rendered":"https:\/\/brandss.com.py\/index\/?post_type=product&#038;p=60875"},"modified":"2024-10-31T13:58:36","modified_gmt":"2024-10-31T13:58:36","slug":"calzado-deportivo-femenino-adidas-puremotion-adapt-4","status":"publish","type":"product","link":"https:\/\/brandss.com.py\/index\/producto\/calzado-deportivo-femenino-adidas-puremotion-adapt-4\/","title":{"rendered":"CALZADO DEPORTIVO FEMENINO ADIDAS PUREMOTION ADAPT"},"content":{"rendered":"<p><img loading=\"lazy\" decoding=\"async\" class=\"\" src=\"https:\/\/upload.wikimedia.org\/wikipedia\/commons\/2\/20\/Adidas_Logo.svg\" alt=\"Archivo:Adidas Logo.svg - Wikipedia, la enciclopedia libre\" width=\"109\" height=\"75\" \/><\/p>\n<h1>PUREMOTION ADAPT<\/h1>\n<p>Si buscas unos calzados vers\u00e1tiles, c\u00f3modas y con estilo, los calzados de running para mujer adidas Puremotion Adapt en color negro son la elecci\u00f3n perfecta. Estos calzados sin cordones est\u00e1n confeccionados con una malla deportiva y elegante que queda genial con todo, desde vaqueros hasta joggers. Y tambi\u00e9n son muy c\u00f3modas, gracias a los materiales reciclados utilizados en su confecci\u00f3n. Con al menos un 50 % de contenido reciclado, estos calzados son una excelente manera de ayudar a reducir los residuos pl\u00e1sticos. As\u00ed que, si buscas unos calzados elegantes y sostenibles, los calzados de running para mujer adidas Puremotion Adapt son la elecci\u00f3n perfecta.<\/p>\n<h3>\nCaracter\u00edsticas:<\/h3>\n<ul>\n<li>Ajuste regular; construcci\u00f3n sin cordones<\/li>\n<li>Parte superior textil; entresuela Cloudfoam<\/li>\n<li>Forro textil<\/li>\n<li>Suela sint\u00e9tica<\/li>\n<li>La parte superior contiene un m\u00ednimo de 50% de contenido reciclado.<\/li>\n<li>Estilo de zapato:\u00a0 Zapatos deportivos<\/li>\n<li>Altura del zapato : Parte superior baja<\/li>\n<li>Color: Negro b\u00e1sico\/ Estampado Leopardo<\/li>\n<li>Modelo: HP5846<\/li>\n<\/ul>\n","protected":false},"excerpt":{"rendered":"<p>PUREMOTION ADAPT Si buscas unos calzados vers\u00e1tiles, c\u00f3modas y con estilo, los calzados de running para mujer adidas Puremotion Adapt<\/p>\n","protected":false},"featured_media":60876,"comment_status":"open","ping_status":"closed","template":"","meta":{"nf_dc_page":""},"product_brand":[],"product_cat":[73],"product_tag":[],"class_list":{"0":"post-60875","1":"product","2":"type-product","3":"status-publish","4":"has-post-thumbnail","6":"product_cat-femenino","8":"first","9":"instock","10":"shipping-taxable","11":"purchasable","12":"product-type-simple"},"_links":{"self":[{"href":"https:\/\/brandss.com.py\/index\/wp-json\/wp\/v2\/product\/60875","targetHints":{"allow":["GET"]}}],"collection":[{"href":"https:\/\/brandss.com.py\/index\/wp-json\/wp\/v2\/product"}],"about":[{"href":"https:\/\/brandss.com.py\/index\/wp-json\/wp\/v2\/types\/product"}],"replies":[{"embeddable":true,"href":"https:\/\/brandss.com.py\/index\/wp-json\/wp\/v2\/comments?post=60875"}],"version-history":[{"count":1,"href":"https:\/\/brandss.com.py\/index\/wp-json\/wp\/v2\/product\/60875\/revisions"}],"predecessor-version":[{"id":60881,"href":"https:\/\/brandss.com.py\/index\/wp-json\/wp\/v2\/product\/60875\/revisions\/60881"}],"wp:featuredmedia":[{"embeddable":true,"href":"https:\/\/brandss.com.py\/index\/wp-json\/wp\/v2\/media\/60876"}],"wp:attachment":[{"href":"https:\/\/brandss.com.py\/index\/wp-json\/wp\/v2\/media?parent=60875"}],"wp:term":[{"taxonomy":"product_brand","embeddable":true,"href":"https:\/\/brandss.com.py\/index\/wp-json\/wp\/v2\/product_brand?post=60875"},{"taxonomy":"product_cat","embeddable":true,"href":"https:\/\/brandss.com.py\/index\/wp-json\/wp\/v2\/product_cat?post=60875"},{"taxonomy":"product_tag","embeddable":true,"href":"https:\/\/brandss.com.py\/index\/wp-json\/wp\/v2\/product_tag?post=60875"}],"curies":[{"name":"wp","href":"https:\/\/api.w.org\/{rel}","templated":true}]}}