{"id":60882,"date":"2024-10-31T14:26:31","date_gmt":"2024-10-31T14:26:31","guid":{"rendered":"https:\/\/brandss.com.py\/index\/?post_type=product&#038;p=60882"},"modified":"2024-10-31T14:27:15","modified_gmt":"2024-10-31T14:27:15","slug":"calzado-deportivo-femenino-adidas-qt-racer","status":"publish","type":"product","link":"https:\/\/brandss.com.py\/index\/producto\/calzado-deportivo-femenino-adidas-qt-racer\/","title":{"rendered":"CALZADO DEPORTIVO FEMENINO ADIDAS QT RACER"},"content":{"rendered":"<p><img loading=\"lazy\" decoding=\"async\" class=\"\" src=\"https:\/\/upload.wikimedia.org\/wikipedia\/commons\/2\/20\/Adidas_Logo.svg\" alt=\"Archivo:Adidas Logo.svg - Wikipedia, la enciclopedia libre\" width=\"90\" height=\"62\" \/><\/p>\n<h1>QT RACER<\/h1>\n<h3 class=\"subtitle___9ljbp\"><span>Calzados preparados para recorrer los senderos o las calles.<\/span><\/h3>\n<p class=\"gl-vspace\"><span>Estos calzados adidas te brindan una pisada suave durante todo el d\u00eda, desde tu carrera matutina hasta tus recados por la tarde y luego una salida al patio por la noche. La entresuela Lightmotion brinda una amortiguaci\u00f3n superliviana que realmente apreciar\u00e1s a medida que pasen las horas. Este producto est\u00e1 fabricado con Primeblue, un material reciclado de alto rendimiento fabricado en parte con Parley Ocean Plastic.<\/span><\/p>\n<div class=\"highlight___3fa4r\">\n<div class=\"highlight-text___lgoJI\">\n<h3 class=\"highlight-text__headline___25B2G\">Primeblue<\/h3>\n<p><span>Este producto est\u00e1 fabricado con Primeblue, un material reciclado de alto rendimiento fabricado en parte con Parley Ocean Plastic.<\/span><\/p>\n<\/div>\n<\/div>\n<div class=\"highlight___3fa4r\">\n<div class=\"highlight-text___lgoJI\">\n<h3 class=\"highlight-text__headline___25B2G\"><span>S\u00faper Ligero.<\/span><\/h3>\n<p><span>Experimenta un nuevo tipo de velocidad con adidas Lightmotion, dise\u00f1ado para mejorar los movimientos din\u00e1micos.<\/span><\/p>\n<\/div>\n<\/div>\n<div class=\"highlight___3fa4r\">\n<div class=\"highlight-text___lgoJI\">\n<h3 class=\"highlight-text__headline___25B2G\">Parte superior flexible<\/h3>\n<p>La parte superior de tela suave es c\u00f3moda.<\/p>\n<div class=\"accordion__header-text___2o9Im\">\n<h2 class=\"accordion-title___2sTgR\">Caracter\u00edsticas<\/h2>\n<\/div>\n<div class=\"accordion__header-icon___2FuRa\"><\/div>\n<div class=\"accordion__content___29x9h\">\n<div class=\"content-padding___2kVWQ\">\n<div class=\"features-section___1pumR\">\n<div class=\"item___1X-1_\"><img decoding=\"async\" class=\"img_with_fallback___2aHBu feature-icon___3S9eQ\" src=\"https:\/\/brand.assets.adidas.com\/image\/upload\/short_fb6f1e5aee.png\" alt=\"\" data-auto-id=\"image\" \/><\/p>\n<p class=\"feature-icon-text___3Owgv\">Distancia corta (0 &#8211; 10 Km)<\/p>\n<p class=\"feature-icon-summary-small___31Rc0\">Distancia corta (0 &#8211; 10 Km)<\/p>\n<\/div>\n<div class=\"item___1X-1_\"><img decoding=\"async\" class=\"img_with_fallback___2aHBu feature-icon___3S9eQ\" src=\"https:\/\/brand.assets.adidas.com\/image\/upload\/neutral_16b16d1637.png\" alt=\"\" data-auto-id=\"image\" \/><\/p>\n<p class=\"feature-icon-text___3Owgv\">Neutral<\/p>\n<p class=\"feature-icon-summary-small___31Rc0\">Neutral<\/p>\n<\/div>\n<div class=\"item___1X-1_\"><img decoding=\"async\" class=\"img_with_fallback___2aHBu feature-icon___3S9eQ\" src=\"https:\/\/brand.assets.adidas.com\/image\/upload\/regular_a176d1f2d6.png\" alt=\"\" data-auto-id=\"image\" \/><\/p>\n<p class=\"feature-icon-text___3Owgv\">Mujeres de ancho regular<\/p>\n<p class=\"feature-icon-summary-small___31Rc0\">Ancho regular<\/p>\n<\/div>\n<div class=\"special-item___2Ohsx\">\n<div class=\"accordion__header-text___2o9Im\">\n<h2 class=\"accordion-title___2sTgR\"><span>Detalles<\/span><\/h2>\n<\/div>\n<div class=\"accordion__header-icon___2FuRa\"><\/div>\n<div class=\"accordion__content___29x9h\">\n<div class=\"content-padding___2kVWQ\">\n<div class=\"bullets___3bsSs\" data-auto-id=\"specifications-section\">\n<ul class=\"gl-list\">\n<li class=\"gl-vspace-bpall-small\"><span>Cierre de encaje.<\/span><\/li>\n<li class=\"gl-vspace-bpall-small\"><span>Parte superior textil.<\/span><\/li>\n<li class=\"gl-vspace-bpall-small\"><span>Amortiguaci\u00f3n superligera.<\/span><\/li>\n<li class=\"gl-vspace-bpall-small\"><span>Entresuela Lightmotion.<\/span><\/li>\n<li class=\"gl-vspace-bpall-small\"><span>Forro textil.<\/span><\/li>\n<li class=\"gl-vspace-bpall-small\"><span>Suela sint\u00e9tica.<\/span><\/li>\n<li class=\"gl-vspace-bpall-small\">Primeblue.<\/li>\n<li class=\"gl-vspace-bpall-small\"><span>Color: Blanco nube \/ Tinte violeta \/ Rojo solar.<\/span><\/li>\n<li class=\"gl-vspace-bpall-small\"><span>Modelo: GW4842.<\/span><\/li>\n<\/ul>\n<\/div>\n<\/div>\n<\/div>\n<\/div>\n<\/div>\n<\/div>\n<\/div>\n<\/div>\n<\/div>\n","protected":false},"excerpt":{"rendered":"<p>QT RACER Calzados preparados para recorrer los senderos o las calles. Estos calzados adidas te brindan una pisada suave durante<\/p>\n","protected":false},"featured_media":60883,"comment_status":"open","ping_status":"closed","template":"","meta":{"nf_dc_page":""},"product_brand":[],"product_cat":[73],"product_tag":[],"class_list":{"0":"post-60882","1":"product","2":"type-product","3":"status-publish","4":"has-post-thumbnail","6":"product_cat-femenino","8":"first","9":"instock","10":"shipping-taxable","11":"purchasable","12":"product-type-simple"},"_links":{"self":[{"href":"https:\/\/brandss.com.py\/index\/wp-json\/wp\/v2\/product\/60882","targetHints":{"allow":["GET"]}}],"collection":[{"href":"https:\/\/brandss.com.py\/index\/wp-json\/wp\/v2\/product"}],"about":[{"href":"https:\/\/brandss.com.py\/index\/wp-json\/wp\/v2\/types\/product"}],"replies":[{"embeddable":true,"href":"https:\/\/brandss.com.py\/index\/wp-json\/wp\/v2\/comments?post=60882"}],"version-history":[{"count":1,"href":"https:\/\/brandss.com.py\/index\/wp-json\/wp\/v2\/product\/60882\/revisions"}],"predecessor-version":[{"id":60892,"href":"https:\/\/brandss.com.py\/index\/wp-json\/wp\/v2\/product\/60882\/revisions\/60892"}],"wp:featuredmedia":[{"embeddable":true,"href":"https:\/\/brandss.com.py\/index\/wp-json\/wp\/v2\/media\/60883"}],"wp:attachment":[{"href":"https:\/\/brandss.com.py\/index\/wp-json\/wp\/v2\/media?parent=60882"}],"wp:term":[{"taxonomy":"product_brand","embeddable":true,"href":"https:\/\/brandss.com.py\/index\/wp-json\/wp\/v2\/product_brand?post=60882"},{"taxonomy":"product_cat","embeddable":true,"href":"https:\/\/brandss.com.py\/index\/wp-json\/wp\/v2\/product_cat?post=60882"},{"taxonomy":"product_tag","embeddable":true,"href":"https:\/\/brandss.com.py\/index\/wp-json\/wp\/v2\/product_tag?post=60882"}],"curies":[{"name":"wp","href":"https:\/\/api.w.org\/{rel}","templated":true}]}}