{"id":60904,"date":"2024-10-31T17:09:40","date_gmt":"2024-10-31T17:09:40","guid":{"rendered":"https:\/\/brandss.com.py\/index\/?post_type=product&#038;p=60904"},"modified":"2024-10-31T17:10:38","modified_gmt":"2024-10-31T17:10:38","slug":"calzado-deportivo-femenino-adidas-duramo-9","status":"publish","type":"product","link":"https:\/\/brandss.com.py\/index\/producto\/calzado-deportivo-femenino-adidas-duramo-9\/","title":{"rendered":"CALZADO DEPORTIVO FEMENINO ADIDAS DURAMO 9"},"content":{"rendered":"<p><img loading=\"lazy\" decoding=\"async\" class=\"\" src=\"https:\/\/upload.wikimedia.org\/wikipedia\/commons\/2\/20\/Adidas_Logo.svg\" alt=\"Archivo:Adidas Logo.svg - Wikipedia, la enciclopedia libre\" width=\"109\" height=\"75\" \/><\/p>\n<h1>DURAMO 9<\/h1>\n<p>Dise\u00f1ados para mujeres, estos zapatos para correr vers\u00e1tiles son ideales para correr en cinta o sendero. Con una parte superior de malla de dos capas c\u00f3moda y transpirable, el zapato brinda soporte adicional con una capa estampada sin costuras. La suave amortiguaci\u00f3n de la entresuela Cloudfoam ofrece comodidad en cada paso. Tipo de calzado Zapato neutro que brinda flexibilidad y versatilidad con una amortiguaci\u00f3n de calidad superior Amortiguaci\u00f3n y comodidad Mediasuela Cloudfoam que ofrece comodidad y amortiguaci\u00f3n superior desde el primer momento de uso Soporte en puntos estrat\u00e9gicos Capa estampada sin costuras que brinda soporte donde m\u00e1s se necesita Durabilidad excepcional Suela Adiwear que es extremadamente resistente a la abrasi\u00f3n.<\/p>\n<p class=\"PDPDescHighLight-Description\"><span>Rel\u00e1jate esta temporada con este par de calzados deportivos de Adidas. Deja que cada nervio de tus pies cante la canci\u00f3n de la comodidad con este par de calzados deportivos. Son una incorporaci\u00f3n elegante a tu colecci\u00f3n de calzado. Dise\u00f1ado seg\u00fan la \u00faltima tendencia, este par no solo es elegante, sino tambi\u00e9n muy c\u00f3modo. Combina estos calzados con tu atuendo para agregar un acabado refinado a tu look general del d\u00eda.<\/span><\/p>\n<h4>ESPECIFICACIONES T\u00c9CNICAS<\/h4>\n<ul>\n<li>Ajuste normal.<\/li>\n<li>Dise\u00f1o con cordones.<\/li>\n<li>c\u00e1psula de encaje.<\/li>\n<li>Parte superior de malla.<\/li>\n<li>Forro de tela.<\/li>\n<li>Suela Adiwear.<\/li>\n<li>Entresuela acolchada Cloudfoam.<\/li>\n<li>Plantilla OrthoLite\u00ae que proporciona mayor comodidad y mayor rendimiento.<\/li>\n<li>Peso: 232 g (talla 38,5).<\/li>\n<li>Altura de la entresuela: 9,5 mm (tal\u00f3n: 23,5 mm \/ punta: 14 mm).<\/li>\n<li>Tipo de arco: Normal.<\/li>\n<li>Uso recomendado: Todo tipo de entrenamiento.<\/li>\n<li>Color: Azul oscuro \/ Azul oscuro \/ Azul traza.<\/li>\n<li>Modelo: F34761.<\/li>\n<\/ul>\n","protected":false},"excerpt":{"rendered":"<p>DURAMO 9 Dise\u00f1ados para mujeres, estos zapatos para correr vers\u00e1tiles son ideales para correr en cinta o sendero. Con una<\/p>\n","protected":false},"featured_media":60905,"comment_status":"open","ping_status":"closed","template":"","meta":{"nf_dc_page":""},"product_brand":[],"product_cat":[73],"product_tag":[],"class_list":{"0":"post-60904","1":"product","2":"type-product","3":"status-publish","4":"has-post-thumbnail","6":"product_cat-femenino","8":"first","9":"instock","10":"shipping-taxable","11":"purchasable","12":"product-type-simple"},"_links":{"self":[{"href":"https:\/\/brandss.com.py\/index\/wp-json\/wp\/v2\/product\/60904","targetHints":{"allow":["GET"]}}],"collection":[{"href":"https:\/\/brandss.com.py\/index\/wp-json\/wp\/v2\/product"}],"about":[{"href":"https:\/\/brandss.com.py\/index\/wp-json\/wp\/v2\/types\/product"}],"replies":[{"embeddable":true,"href":"https:\/\/brandss.com.py\/index\/wp-json\/wp\/v2\/comments?post=60904"}],"version-history":[{"count":1,"href":"https:\/\/brandss.com.py\/index\/wp-json\/wp\/v2\/product\/60904\/revisions"}],"predecessor-version":[{"id":60915,"href":"https:\/\/brandss.com.py\/index\/wp-json\/wp\/v2\/product\/60904\/revisions\/60915"}],"wp:featuredmedia":[{"embeddable":true,"href":"https:\/\/brandss.com.py\/index\/wp-json\/wp\/v2\/media\/60905"}],"wp:attachment":[{"href":"https:\/\/brandss.com.py\/index\/wp-json\/wp\/v2\/media?parent=60904"}],"wp:term":[{"taxonomy":"product_brand","embeddable":true,"href":"https:\/\/brandss.com.py\/index\/wp-json\/wp\/v2\/product_brand?post=60904"},{"taxonomy":"product_cat","embeddable":true,"href":"https:\/\/brandss.com.py\/index\/wp-json\/wp\/v2\/product_cat?post=60904"},{"taxonomy":"product_tag","embeddable":true,"href":"https:\/\/brandss.com.py\/index\/wp-json\/wp\/v2\/product_tag?post=60904"}],"curies":[{"name":"wp","href":"https:\/\/api.w.org\/{rel}","templated":true}]}}