{"id":60916,"date":"2024-10-31T17:55:10","date_gmt":"2024-10-31T17:55:10","guid":{"rendered":"https:\/\/brandss.com.py\/index\/?post_type=product&#038;p=60916"},"modified":"2024-10-31T17:55:55","modified_gmt":"2024-10-31T17:55:55","slug":"calzado-deportivo-femenino-adidas-x_plr","status":"publish","type":"product","link":"https:\/\/brandss.com.py\/index\/producto\/calzado-deportivo-femenino-adidas-x_plr\/","title":{"rendered":"CALZADO DEPORTIVO FEMENINO ADIDAS X_PLR"},"content":{"rendered":"<p><img loading=\"lazy\" decoding=\"async\" class=\"\" src=\"https:\/\/upload.wikimedia.org\/wikipedia\/commons\/2\/20\/Adidas_Logo.svg\" alt=\"Archivo:Adidas Logo.svg - Wikipedia, la enciclopedia libre\" width=\"90\" height=\"62\" \/><\/p>\n<h1>X_PLR<\/h1>\n<h3 class=\"subtitle___9ljbp\"><span>Una calzad moderno con detalles reflectantes.<\/span><\/h3>\n<p class=\"gl-vspace\"><span>Estos calzados para j\u00f3venes combinan un estilo innovador inspirado en el running con una comodidad suprema. Con una parte superior de malla transpirable y un forro de tela, cuentan con una entresuela de EVA que proporciona una amortiguaci\u00f3n ligera. Las 3 Rayas a juego y el refuerzo del tal\u00f3n hacen que este par sea aut\u00e9nticamente adidas.<\/span><\/p>\n<div class=\"accordion__header-text___2o9Im\">\n<h2><\/h2>\n<h3 class=\"accordion-title___2sTgR\"><span>Detalles<\/span><\/h3>\n<\/div>\n<div class=\"accordion__header-icon___2FuRa\"><\/div>\n<div class=\"accordion__content___29x9h\">\n<div class=\"content-padding___2kVWQ\">\n<div class=\"bullets___3bsSs\" data-auto-id=\"specifications-section\">\n<ul class=\"gl-list\">\n<li class=\"gl-vspace-bpall-small\"><span>Parte superior de malla transpirable<\/span><\/li>\n<li class=\"gl-vspace-bpall-small\"><span>C\u00f3modo forro textil.<\/span><\/li>\n<li class=\"gl-vspace-bpall-small\"><span>3 rayas reflectantes y parche en el tal\u00f3n<\/span><\/li>\n<li class=\"gl-vspace-bpall-small\"><span>Disfrute de la comodidad y el rendimiento de la plantilla OrthoLite\u00ae<\/span><\/li>\n<li class=\"gl-vspace-bpall-small\"><span>Entresuela de EVA moldeada por compresi\u00f3n para una amortiguaci\u00f3n ligera<\/span><\/li>\n<li class=\"gl-vspace-bpall-small\"><span>Suela de goma<\/span><\/li>\n<li class=\"gl-vspace-bpall-small\"><span>Parte superior textil y sint\u00e9tica \/ Forro textil \/ Suela de goma<\/span><\/li>\n<li class=\"gl-vspace-bpall-small\"><span>Importado<\/span><\/li>\n<li class=\"gl-vspace-bpall-small\"><span>Color: Negro b\u00e1sico \/ Negro b\u00e1sico \/ Negro b\u00e1sico<\/span><\/li>\n<li class=\"gl-vspace-bpall-small\"><span>Modelo: BY9879<\/span><\/li>\n<\/ul>\n<\/div>\n<\/div>\n<\/div>\n","protected":false},"excerpt":{"rendered":"<p>X_PLR Una calzad moderno con detalles reflectantes. Estos calzados para j\u00f3venes combinan un estilo innovador inspirado en el running con<\/p>\n","protected":false},"featured_media":60917,"comment_status":"open","ping_status":"closed","template":"","meta":{"nf_dc_page":""},"product_brand":[],"product_cat":[73],"product_tag":[],"class_list":{"0":"post-60916","1":"product","2":"type-product","3":"status-publish","4":"has-post-thumbnail","6":"product_cat-femenino","8":"first","9":"instock","10":"shipping-taxable","11":"purchasable","12":"product-type-simple"},"_links":{"self":[{"href":"https:\/\/brandss.com.py\/index\/wp-json\/wp\/v2\/product\/60916","targetHints":{"allow":["GET"]}}],"collection":[{"href":"https:\/\/brandss.com.py\/index\/wp-json\/wp\/v2\/product"}],"about":[{"href":"https:\/\/brandss.com.py\/index\/wp-json\/wp\/v2\/types\/product"}],"replies":[{"embeddable":true,"href":"https:\/\/brandss.com.py\/index\/wp-json\/wp\/v2\/comments?post=60916"}],"version-history":[{"count":1,"href":"https:\/\/brandss.com.py\/index\/wp-json\/wp\/v2\/product\/60916\/revisions"}],"predecessor-version":[{"id":60927,"href":"https:\/\/brandss.com.py\/index\/wp-json\/wp\/v2\/product\/60916\/revisions\/60927"}],"wp:featuredmedia":[{"embeddable":true,"href":"https:\/\/brandss.com.py\/index\/wp-json\/wp\/v2\/media\/60917"}],"wp:attachment":[{"href":"https:\/\/brandss.com.py\/index\/wp-json\/wp\/v2\/media?parent=60916"}],"wp:term":[{"taxonomy":"product_brand","embeddable":true,"href":"https:\/\/brandss.com.py\/index\/wp-json\/wp\/v2\/product_brand?post=60916"},{"taxonomy":"product_cat","embeddable":true,"href":"https:\/\/brandss.com.py\/index\/wp-json\/wp\/v2\/product_cat?post=60916"},{"taxonomy":"product_tag","embeddable":true,"href":"https:\/\/brandss.com.py\/index\/wp-json\/wp\/v2\/product_tag?post=60916"}],"curies":[{"name":"wp","href":"https:\/\/api.w.org\/{rel}","templated":true}]}}