{"id":60975,"date":"2024-11-01T18:25:51","date_gmt":"2024-11-01T18:25:51","guid":{"rendered":"https:\/\/brandss.com.py\/index\/?post_type=product&#038;p=60975"},"modified":"2025-12-10T18:22:23","modified_gmt":"2025-12-10T18:22:23","slug":"perfume-masculino-ajmal-aristocrat-edp-75ml","status":"publish","type":"product","link":"https:\/\/brandss.com.py\/index\/producto\/perfume-masculino-ajmal-aristocrat-edp-75ml\/","title":{"rendered":"PERFUME MASCULINO AJMAL ARISTOCRAT EDP 75ML"},"content":{"rendered":"<p><img loading=\"lazy\" decoding=\"async\" class=\"\" src=\"https:\/\/in.ajmal.com\/cdn\/shop\/files\/Ajmal_Logo_1_300x300.png?v=1637576073\" alt=\"Our Brands \u2013 Ajmal Perfumes India\" width=\"52\" height=\"96\" \/><\/p>\n<h1>ARISTOCRAT<\/h1>\n<p>Los perfumes de la casa de dise\u00f1o Ajmal destacan por sus innovadoras y vers\u00e1tiles fragancias. Para diferentes tipos de personalidades, que buscan destacar y llamar la atenci\u00f3n, con aromas complejos y seductores que cautivaran a cada paso que des.<\/p>\n<p>Aristocrat Him es una fragancia c\u00edtrica arom\u00e1tica con clase que evoca im\u00e1genes de fuerza, aventura y elegancia. Con bergamota, lim\u00f3n y una gran dosis de matices marinos, la fragancia te llena de energ\u00eda de inmediato. Su centro de fragante lavanda, flores brillantes y almizcle c\u00e1lido, que enciende la chispa de un brillo sutil, son lo que la distingue de otras fragancias. Las habas tonka, la vainilla, el \u00e1mbar y la madera de cedro conforman la base de la fragancia, lo que le da un aroma claramente amaderado. Esta fragancia tiene el carisma para llevarte bien.<img loading=\"lazy\" decoding=\"async\" class=\"alignleft\" src=\"https:\/\/en-ae.ajmal.com\/media\/catalog\/product\/cache\/7db5978f8213027e9a230423563b06cd\/a\/r\/aristocrat_brown-10.png\" width=\"357\" height=\"357\" \/><\/p>\n<h3><\/h3>\n<h3>Notas Olfativas:<\/h3>\n<p>&nbsp;<\/p>\n<p>Aristocrat Him es un sofisticado perfume arom\u00e1tico y c\u00edtrico que transmite poder, aventura y elegancia.<\/p>\n<div><strong>&#8211; Notas de Salida:\u00a0<\/strong>Sand\u00eda, lima (lim\u00f3n verde) y bergamota.<\/div>\n<div><strong>&#8211; Notas de Coraz\u00f3n:\u00a0<\/strong>Almizcle, azucena y jazm\u00edn.<\/div>\n<div><strong>&#8211; Notas de Fondo:\u00a0<\/strong>Madera de oud, pachul\u00ed, cedro y \u00e1mbar.<\/div>\n","protected":false},"excerpt":{"rendered":"<p>ARISTOCRAT Los perfumes de la casa de dise\u00f1o Ajmal destacan por sus innovadoras y vers\u00e1tiles fragancias. Para diferentes tipos de<\/p>\n","protected":false},"featured_media":60976,"comment_status":"open","ping_status":"closed","template":"","meta":{"nf_dc_page":""},"product_brand":[1802],"product_cat":[84],"product_tag":[1803],"class_list":{"0":"post-60975","1":"product","2":"type-product","3":"status-publish","4":"has-post-thumbnail","6":"product_brand-ajmal","7":"product_cat-perfumeria","8":"product_tag-1803","10":"first","11":"instock","12":"shipping-taxable","13":"purchasable","14":"product-type-simple"},"_links":{"self":[{"href":"https:\/\/brandss.com.py\/index\/wp-json\/wp\/v2\/product\/60975","targetHints":{"allow":["GET"]}}],"collection":[{"href":"https:\/\/brandss.com.py\/index\/wp-json\/wp\/v2\/product"}],"about":[{"href":"https:\/\/brandss.com.py\/index\/wp-json\/wp\/v2\/types\/product"}],"replies":[{"embeddable":true,"href":"https:\/\/brandss.com.py\/index\/wp-json\/wp\/v2\/comments?post=60975"}],"version-history":[{"count":1,"href":"https:\/\/brandss.com.py\/index\/wp-json\/wp\/v2\/product\/60975\/revisions"}],"predecessor-version":[{"id":60980,"href":"https:\/\/brandss.com.py\/index\/wp-json\/wp\/v2\/product\/60975\/revisions\/60980"}],"wp:featuredmedia":[{"embeddable":true,"href":"https:\/\/brandss.com.py\/index\/wp-json\/wp\/v2\/media\/60976"}],"wp:attachment":[{"href":"https:\/\/brandss.com.py\/index\/wp-json\/wp\/v2\/media?parent=60975"}],"wp:term":[{"taxonomy":"product_brand","embeddable":true,"href":"https:\/\/brandss.com.py\/index\/wp-json\/wp\/v2\/product_brand?post=60975"},{"taxonomy":"product_cat","embeddable":true,"href":"https:\/\/brandss.com.py\/index\/wp-json\/wp\/v2\/product_cat?post=60975"},{"taxonomy":"product_tag","embeddable":true,"href":"https:\/\/brandss.com.py\/index\/wp-json\/wp\/v2\/product_tag?post=60975"}],"curies":[{"name":"wp","href":"https:\/\/api.w.org\/{rel}","templated":true}]}}