{"id":60981,"date":"2024-11-02T11:15:41","date_gmt":"2024-11-02T11:15:41","guid":{"rendered":"https:\/\/brandss.com.py\/index\/?post_type=product&#038;p=60981"},"modified":"2025-12-10T18:25:09","modified_gmt":"2025-12-10T18:25:09","slug":"perfume-femenino-ajmal-aristocrat-rose-edp-75ml","status":"publish","type":"product","link":"https:\/\/brandss.com.py\/index\/producto\/perfume-femenino-ajmal-aristocrat-rose-edp-75ml\/","title":{"rendered":"PERFUME FEMENINO AJMAL ARISTOCRAT ROS\u00c9 EDP 75ML"},"content":{"rendered":"<p><img loading=\"lazy\" decoding=\"async\" class=\"\" src=\"https:\/\/in.ajmal.com\/cdn\/shop\/files\/Ajmal_Logo_1_300x300.png?v=1637576073\" alt=\"Our Brands \u2013 Ajmal Perfumes India\" width=\"64\" height=\"118\" \/><\/p>\n<h1>ARISTOCRAT ROS\u00c9<\/h1>\n<p>Potente y estimulante, pero con una suavidad subyacente, Ajmal Aristocrat es una fragancia ambarada, femenina y fascinante. Las majestuosas notas florales de rosa y jazm\u00edn se combinan a la perfecci\u00f3n con el refrescante pomelo y la reconfortante ciruela para provocar una tormenta olfativa. Envuelto en s\u00e1ndalo y haba tonka, este espectacular eau de parfum es para los momentos en los que captas la atenci\u00f3n.<\/p>\n<h3>Notas Olfativas:<img loading=\"lazy\" decoding=\"async\" class=\"alignleft\" src=\"https:\/\/cdn.sistemawbuy.com.br\/arquivos\/76f18532ed6cbee3a4f3c773ef424967\/produtos\/66bcf0f79621d\/95642-66bcf0fb6a312.png\" width=\"441\" height=\"248\" \/><\/h3>\n<ul>\n<li><strong><span>Notas de salida<\/span><\/strong><span>\u00a0: c\u00edtricos afrutados, bergamota, pomelo,\u00a0<\/span>ciruela.<\/li>\n<\/ul>\n<ul>\n<li><strong><span>Notas de coraz\u00f3n<\/span><\/strong><span>\u00a0: Floral, flor de naranja, jazm\u00edn, rosa.\u00a0\u00a0<\/span><\/li>\n<\/ul>\n<ul>\n<li><strong><span>Notas de fondo<\/span><\/strong><span>\u00a0: amaderado dulce, s\u00e1ndalo, tonka, benju\u00ed.<\/span><\/li>\n<\/ul>\n","protected":false},"excerpt":{"rendered":"<p>ARISTOCRAT ROS\u00c9 Potente y estimulante, pero con una suavidad subyacente, Ajmal Aristocrat es una fragancia ambarada, femenina y fascinante. Las<\/p>\n","protected":false},"featured_media":60982,"comment_status":"open","ping_status":"closed","template":"","meta":{"nf_dc_page":""},"product_brand":[1802],"product_cat":[84],"product_tag":[1804],"class_list":{"0":"post-60981","1":"product","2":"type-product","3":"status-publish","4":"has-post-thumbnail","6":"product_brand-ajmal","7":"product_cat-perfumeria","8":"product_tag-1804","10":"first","11":"instock","12":"shipping-taxable","13":"purchasable","14":"product-type-simple"},"_links":{"self":[{"href":"https:\/\/brandss.com.py\/index\/wp-json\/wp\/v2\/product\/60981","targetHints":{"allow":["GET"]}}],"collection":[{"href":"https:\/\/brandss.com.py\/index\/wp-json\/wp\/v2\/product"}],"about":[{"href":"https:\/\/brandss.com.py\/index\/wp-json\/wp\/v2\/types\/product"}],"replies":[{"embeddable":true,"href":"https:\/\/brandss.com.py\/index\/wp-json\/wp\/v2\/comments?post=60981"}],"version-history":[{"count":1,"href":"https:\/\/brandss.com.py\/index\/wp-json\/wp\/v2\/product\/60981\/revisions"}],"predecessor-version":[{"id":60987,"href":"https:\/\/brandss.com.py\/index\/wp-json\/wp\/v2\/product\/60981\/revisions\/60987"}],"wp:featuredmedia":[{"embeddable":true,"href":"https:\/\/brandss.com.py\/index\/wp-json\/wp\/v2\/media\/60982"}],"wp:attachment":[{"href":"https:\/\/brandss.com.py\/index\/wp-json\/wp\/v2\/media?parent=60981"}],"wp:term":[{"taxonomy":"product_brand","embeddable":true,"href":"https:\/\/brandss.com.py\/index\/wp-json\/wp\/v2\/product_brand?post=60981"},{"taxonomy":"product_cat","embeddable":true,"href":"https:\/\/brandss.com.py\/index\/wp-json\/wp\/v2\/product_cat?post=60981"},{"taxonomy":"product_tag","embeddable":true,"href":"https:\/\/brandss.com.py\/index\/wp-json\/wp\/v2\/product_tag?post=60981"}],"curies":[{"name":"wp","href":"https:\/\/api.w.org\/{rel}","templated":true}]}}