{"id":60988,"date":"2024-11-02T11:46:57","date_gmt":"2024-11-02T11:46:57","guid":{"rendered":"https:\/\/brandss.com.py\/index\/?post_type=product&#038;p=60988"},"modified":"2025-12-10T18:25:28","modified_gmt":"2025-12-10T18:25:28","slug":"perfume-unisex-ajmal-blanche-collection-i-edp-100ml","status":"publish","type":"product","link":"https:\/\/brandss.com.py\/index\/producto\/perfume-unisex-ajmal-blanche-collection-i-edp-100ml\/","title":{"rendered":"PERFUME UNISEX AJMAL BLANCHE COLLECTION I EDP 100ML"},"content":{"rendered":"<p><img loading=\"lazy\" decoding=\"async\" class=\"\" src=\"https:\/\/in.ajmal.com\/cdn\/shop\/files\/Ajmal_Logo_1_300x300.png?v=1637576073\" alt=\"Our Brands \u2013 Ajmal Perfumes India\" width=\"60\" height=\"110\" \/><\/p>\n<h1>BLANCHE COLLECTION I<\/h1>\n<p>Descubra el encanto distintivo de Blanche Collection I de Ajmal, una notable fragancia unisex que es tan vers\u00e1til como cautivadora. Este EDP es un testimonio del compromiso de Ajmal de crear aromas \u00fanicos y evocadores que celebran la individualidad y la elegancia.<br \/>\nDescubra una experiencia olfativa excepcional con Blanche Collection I. Esta fragancia no est\u00e1 sujeta a normas de g\u00e9nero, combina ingeniosamente varios elementos arom\u00e1ticos para crear un aroma que todos pueden disfrutar. Su car\u00e1cter unisex lo convierte en una opci\u00f3n vers\u00e1til, perfecta para quienes aprecian el arte de la alta perfumer\u00eda.<\/p>\n","protected":false},"excerpt":{"rendered":"<p>BLANCHE COLLECTION I Descubra el encanto distintivo de Blanche Collection I de Ajmal, una notable fragancia unisex que es tan<\/p>\n","protected":false},"featured_media":60989,"comment_status":"open","ping_status":"closed","template":"","meta":{"nf_dc_page":""},"product_brand":[1802],"product_cat":[84],"product_tag":[1805],"class_list":{"0":"post-60988","1":"product","2":"type-product","3":"status-publish","4":"has-post-thumbnail","6":"product_brand-ajmal","7":"product_cat-perfumeria","8":"product_tag-1805","10":"first","11":"instock","12":"shipping-taxable","13":"purchasable","14":"product-type-simple"},"_links":{"self":[{"href":"https:\/\/brandss.com.py\/index\/wp-json\/wp\/v2\/product\/60988","targetHints":{"allow":["GET"]}}],"collection":[{"href":"https:\/\/brandss.com.py\/index\/wp-json\/wp\/v2\/product"}],"about":[{"href":"https:\/\/brandss.com.py\/index\/wp-json\/wp\/v2\/types\/product"}],"replies":[{"embeddable":true,"href":"https:\/\/brandss.com.py\/index\/wp-json\/wp\/v2\/comments?post=60988"}],"version-history":[{"count":3,"href":"https:\/\/brandss.com.py\/index\/wp-json\/wp\/v2\/product\/60988\/revisions"}],"predecessor-version":[{"id":61005,"href":"https:\/\/brandss.com.py\/index\/wp-json\/wp\/v2\/product\/60988\/revisions\/61005"}],"wp:featuredmedia":[{"embeddable":true,"href":"https:\/\/brandss.com.py\/index\/wp-json\/wp\/v2\/media\/60989"}],"wp:attachment":[{"href":"https:\/\/brandss.com.py\/index\/wp-json\/wp\/v2\/media?parent=60988"}],"wp:term":[{"taxonomy":"product_brand","embeddable":true,"href":"https:\/\/brandss.com.py\/index\/wp-json\/wp\/v2\/product_brand?post=60988"},{"taxonomy":"product_cat","embeddable":true,"href":"https:\/\/brandss.com.py\/index\/wp-json\/wp\/v2\/product_cat?post=60988"},{"taxonomy":"product_tag","embeddable":true,"href":"https:\/\/brandss.com.py\/index\/wp-json\/wp\/v2\/product_tag?post=60988"}],"curies":[{"name":"wp","href":"https:\/\/api.w.org\/{rel}","templated":true}]}}