{"id":60999,"date":"2024-11-02T13:15:04","date_gmt":"2024-11-02T13:15:04","guid":{"rendered":"https:\/\/brandss.com.py\/index\/?post_type=product&#038;p=60999"},"modified":"2025-12-10T18:27:42","modified_gmt":"2025-12-10T18:27:42","slug":"perfume-unisex-ajmal-blanche-collection-iii-edp-100ml","status":"publish","type":"product","link":"https:\/\/brandss.com.py\/index\/producto\/perfume-unisex-ajmal-blanche-collection-iii-edp-100ml\/","title":{"rendered":"PERFUME UNISEX AJMAL BLANCHE COLLECTION III EDP 100ML"},"content":{"rendered":"<p><img loading=\"lazy\" decoding=\"async\" class=\"\" src=\"https:\/\/in.ajmal.com\/cdn\/shop\/files\/Ajmal_Logo_1_300x300.png?v=1637576073\" alt=\"Our Brands \u2013 Ajmal Perfumes India\" width=\"50\" height=\"92\" \/><\/p>\n<h1>BLANCHE COLLECTION III<\/h1>\n<p>Los perfumes de la casa de dise\u00f1o Ajmal destacan por sus innovadoras y vers\u00e1tiles fragancias. Para diferentes tipos de personalidades, que buscan destacar y llamar la atenci\u00f3n, con aromas complejos y seductores que cautivaran a cada paso que des.<\/p>\n<p>Presentando un extravagante placer floral,\u00a0<strong>Ajmal Blanche Collection III de Ajmal Perfumes\u00a0<\/strong>revela una fragancia alegre e irresistible. La fragancia se abre con notas fascinantes de grosella roja y frambuesa, que conducen a un ramo elegante y llamativo de violeta, peon\u00eda y rosa. Finalmente, una base de vainilla adictiva con notas de musgo y \u00e1mbar.<\/p>\n<p>&nbsp;<\/p>\n<h3>Notas Olfativas:<\/h3>\n<p>Blanche Collection III <span>\u00a0es una fragancia para mujeres y hombres.\u00a0<\/span>Blanche Collection III<span>\u00a0se lanz\u00f3 en 2024. <\/span><\/p>\n<p><span><strong>Nota de Salida:<\/strong> grosella roja, frambuesa.<\/span><\/p>\n<p><span><strong>Notas de Coraz\u00f3n:<\/strong> violeta, peon\u00eda y rosa.<\/span><\/p>\n<p><span><strong>Notas de Fondo:<\/strong> vainilla, \u00e1mbar y musgo.<\/span><\/p>\n","protected":false},"excerpt":{"rendered":"<p>BLANCHE COLLECTION III Los perfumes de la casa de dise\u00f1o Ajmal destacan por sus innovadoras y vers\u00e1tiles fragancias. Para diferentes<\/p>\n","protected":false},"featured_media":61000,"comment_status":"open","ping_status":"closed","template":"","meta":{"nf_dc_page":""},"product_brand":[1802],"product_cat":[84],"product_tag":[1807],"class_list":{"0":"post-60999","1":"product","2":"type-product","3":"status-publish","4":"has-post-thumbnail","6":"product_brand-ajmal","7":"product_cat-perfumeria","8":"product_tag-1807","10":"first","11":"instock","12":"shipping-taxable","13":"purchasable","14":"product-type-simple"},"_links":{"self":[{"href":"https:\/\/brandss.com.py\/index\/wp-json\/wp\/v2\/product\/60999","targetHints":{"allow":["GET"]}}],"collection":[{"href":"https:\/\/brandss.com.py\/index\/wp-json\/wp\/v2\/product"}],"about":[{"href":"https:\/\/brandss.com.py\/index\/wp-json\/wp\/v2\/types\/product"}],"replies":[{"embeddable":true,"href":"https:\/\/brandss.com.py\/index\/wp-json\/wp\/v2\/comments?post=60999"}],"version-history":[{"count":1,"href":"https:\/\/brandss.com.py\/index\/wp-json\/wp\/v2\/product\/60999\/revisions"}],"predecessor-version":[{"id":61003,"href":"https:\/\/brandss.com.py\/index\/wp-json\/wp\/v2\/product\/60999\/revisions\/61003"}],"wp:featuredmedia":[{"embeddable":true,"href":"https:\/\/brandss.com.py\/index\/wp-json\/wp\/v2\/media\/61000"}],"wp:attachment":[{"href":"https:\/\/brandss.com.py\/index\/wp-json\/wp\/v2\/media?parent=60999"}],"wp:term":[{"taxonomy":"product_brand","embeddable":true,"href":"https:\/\/brandss.com.py\/index\/wp-json\/wp\/v2\/product_brand?post=60999"},{"taxonomy":"product_cat","embeddable":true,"href":"https:\/\/brandss.com.py\/index\/wp-json\/wp\/v2\/product_cat?post=60999"},{"taxonomy":"product_tag","embeddable":true,"href":"https:\/\/brandss.com.py\/index\/wp-json\/wp\/v2\/product_tag?post=60999"}],"curies":[{"name":"wp","href":"https:\/\/api.w.org\/{rel}","templated":true}]}}