{"id":61017,"date":"2024-11-02T14:43:57","date_gmt":"2024-11-02T14:43:57","guid":{"rendered":"https:\/\/brandss.com.py\/index\/?post_type=product&#038;p=61017"},"modified":"2025-12-10T18:28:37","modified_gmt":"2025-12-10T18:28:37","slug":"perfume-unisex-ajmal-gold-collection-iv-edp-100ml","status":"publish","type":"product","link":"https:\/\/brandss.com.py\/index\/producto\/perfume-unisex-ajmal-gold-collection-iv-edp-100ml\/","title":{"rendered":"PERFUME UNISEX AJMAL GOLD COLLECTION IV EDP 100ML"},"content":{"rendered":"<p><img loading=\"lazy\" decoding=\"async\" class=\"\" src=\"https:\/\/in.ajmal.com\/cdn\/shop\/files\/Ajmal_Logo_1_300x300.png?v=1637576073\" alt=\"Our Brands \u2013 Ajmal Perfumes India\" width=\"68\" height=\"124\" \/><\/p>\n<h1>GOLD COLLECTION IV<\/h1>\n<p><span>Descubra el encanto radiante de la Gold Collection IV de Ajmal, una fragancia unisex cautivadora que rezuma sofisticaci\u00f3n y encanto.\u00a0<\/span><\/p>\n<p><span>Las notas de salida de esta fragancia cautivan los sentidos con el vibrante aroma de la bergamota y el pomelo. Estas notas c\u00edtricas introducen una apertura fresca y vigorizante en el aroma, captando la atenci\u00f3n de quienes te rodean. Siguiendo de cerca, las notas de coraz\u00f3n de lavand\u00edn y cardamomo a\u00f1aden un toque arom\u00e1tico y picante a la composici\u00f3n, creando una complejidad intrigante que es verdaderamente hipnotizante.<\/span><\/p>\n<p><span>A medida que el aroma se asienta, las notas de fondo de \u00e1mbar, pachul\u00ed y musgo de roble entran en juego. Estos tonos c\u00e1lidos y terrosos brindan un acabado intenso y duradero, que deja una estela persistente de elegancia y encanto. Ya sea que se est\u00e9 preparando para un d\u00eda en la oficina o para una noche en la ciudad, Gold Collection IV es la fragancia perfecta para causar una impresi\u00f3n memorable.<\/span><\/p>\n<p><span>Dise\u00f1ado por la prestigiosa casa Ajmal, una marca conocida por su compromiso con la excelencia y la innovaci\u00f3n en el mundo de las fragancias, Gold Collection IV es m\u00e1s que un aroma: es una declaraci\u00f3n de intenciones.\u00a0<\/span><\/p>\n<h3><\/h3>\n<h3>Notas Olfativas:<\/h3>\n<p>&nbsp;<\/p>\n<p data-animate=\"fadeInLeft\" data-animate-transform=\"true\" data-animate-transition=\"true\" data-animated=\"true\"><strong>Notas de salida: <\/strong>bergamota <span>y pomelo.<\/span><\/p>\n<p data-animate=\"fadeInLeft\" data-animate-transform=\"true\" data-animate-transition=\"true\" data-animated=\"true\"><strong>Notas de coraz\u00f3n: <\/strong>cardamomo <span>y lavanda.<\/span><\/p>\n<p data-animate=\"fadeInLeft\" data-animate-transform=\"true\" data-animate-transition=\"true\" data-animated=\"true\"><strong>Notas de fondo: <\/strong>\u00e1mbar<span> , pachul\u00ed <\/span><span>y musgo de roble.<\/span><\/p>\n","protected":false},"excerpt":{"rendered":"<p>GOLD COLLECTION IV Descubra el encanto radiante de la Gold Collection IV de Ajmal, una fragancia unisex cautivadora que rezuma<\/p>\n","protected":false},"featured_media":61018,"comment_status":"open","ping_status":"closed","template":"","meta":{"nf_dc_page":""},"product_brand":[1802],"product_cat":[84],"product_tag":[1810],"class_list":{"0":"post-61017","1":"product","2":"type-product","3":"status-publish","4":"has-post-thumbnail","6":"product_brand-ajmal","7":"product_cat-perfumeria","8":"product_tag-1810","10":"first","11":"instock","12":"shipping-taxable","13":"purchasable","14":"product-type-simple"},"_links":{"self":[{"href":"https:\/\/brandss.com.py\/index\/wp-json\/wp\/v2\/product\/61017","targetHints":{"allow":["GET"]}}],"collection":[{"href":"https:\/\/brandss.com.py\/index\/wp-json\/wp\/v2\/product"}],"about":[{"href":"https:\/\/brandss.com.py\/index\/wp-json\/wp\/v2\/types\/product"}],"replies":[{"embeddable":true,"href":"https:\/\/brandss.com.py\/index\/wp-json\/wp\/v2\/comments?post=61017"}],"version-history":[{"count":1,"href":"https:\/\/brandss.com.py\/index\/wp-json\/wp\/v2\/product\/61017\/revisions"}],"predecessor-version":[{"id":61021,"href":"https:\/\/brandss.com.py\/index\/wp-json\/wp\/v2\/product\/61017\/revisions\/61021"}],"wp:featuredmedia":[{"embeddable":true,"href":"https:\/\/brandss.com.py\/index\/wp-json\/wp\/v2\/media\/61018"}],"wp:attachment":[{"href":"https:\/\/brandss.com.py\/index\/wp-json\/wp\/v2\/media?parent=61017"}],"wp:term":[{"taxonomy":"product_brand","embeddable":true,"href":"https:\/\/brandss.com.py\/index\/wp-json\/wp\/v2\/product_brand?post=61017"},{"taxonomy":"product_cat","embeddable":true,"href":"https:\/\/brandss.com.py\/index\/wp-json\/wp\/v2\/product_cat?post=61017"},{"taxonomy":"product_tag","embeddable":true,"href":"https:\/\/brandss.com.py\/index\/wp-json\/wp\/v2\/product_tag?post=61017"}],"curies":[{"name":"wp","href":"https:\/\/api.w.org\/{rel}","templated":true}]}}