{"id":61029,"date":"2024-11-02T16:49:25","date_gmt":"2024-11-02T16:49:25","guid":{"rendered":"https:\/\/brandss.com.py\/index\/?post_type=product&#038;p=61029"},"modified":"2024-11-02T16:49:58","modified_gmt":"2024-11-02T16:49:58","slug":"perfume-capilar-unisex-ajmal-amber-santal-100ml","status":"publish","type":"product","link":"https:\/\/brandss.com.py\/index\/producto\/perfume-capilar-unisex-ajmal-amber-santal-100ml\/","title":{"rendered":"PERFUME CAPILAR UNISEX AJMAL AMBER SANTAL 100ML"},"content":{"rendered":"<p><img loading=\"lazy\" decoding=\"async\" class=\"\" src=\"https:\/\/in.ajmal.com\/cdn\/shop\/files\/Ajmal_Logo_1_300x300.png?v=1637576073\" alt=\"Our Brands \u2013 Ajmal Perfumes India\" width=\"61\" height=\"112\" \/><\/p>\n<h1>AJMAL AMBER SANTAL<\/h1>\n<div class=\"trix-content\">\n<div>Este perfume de Ajmal es una expresi\u00f3n sofisticada y envolvente de la elegancia y el misterio. Con una mezcla exquisita de notas orientales, florales y amaderadas, esta fragancia seduce los sentidos con su profundidad y su car\u00e1cter distintivo. La esencia distintiva de Ajmal se manifiesta en una composici\u00f3n olfativa que evoca la pasi\u00f3n y la sensualidad, dejando una estela inolvidable y envolvente que refleja la autenticidad y la belleza de la marca.<\/div>\n<\/div>\n<p>\u00a1No hay tiempo para pensar con Ajmal Amber Santal Hair Mist 100ml! Solo roc\u00edalo en tu cepillo para el cabello o directamente en el cabello. Sea cual sea tu decisi\u00f3n, hoy brillar\u00e1s.<\/p>\n<div class=\"trix-content\">\n<h3><\/h3>\n<h3>Notas Olfativas:<\/h3>\n<div><\/div>\n<div>El perfume para cabello Amber Santal de Ajmal es una fragancia de la familia olfativa \u00e1mbar amaderada para mujeres y hombres.<\/div>\n<div><\/div>\n<div><strong>&#8211; Notas principal:\u00a0<\/strong>Cipr\u00e9s, pimienta y nuez moscada.<\/div>\n<div><strong>&#8211; Notas de coraz\u00f3n:\u00a0<\/strong>Madera de cedro y pachul\u00ed.<\/div>\n<div><strong>&#8211; Notas de base:<\/strong>\u00a0S\u00e1ndalo y \u00e1mbar.<\/div>\n<\/div>\n","protected":false},"excerpt":{"rendered":"<p>AJMAL AMBER SANTAL Este perfume de Ajmal es una expresi\u00f3n sofisticada y envolvente de la elegancia y el misterio. Con<\/p>\n","protected":false},"featured_media":61030,"comment_status":"open","ping_status":"closed","template":"","meta":{"nf_dc_page":""},"product_brand":[],"product_cat":[85],"product_tag":[],"class_list":{"0":"post-61029","1":"product","2":"type-product","3":"status-publish","4":"has-post-thumbnail","6":"product_cat-cosmeticos","8":"first","9":"instock","10":"shipping-taxable","11":"purchasable","12":"product-type-simple"},"_links":{"self":[{"href":"https:\/\/brandss.com.py\/index\/wp-json\/wp\/v2\/product\/61029","targetHints":{"allow":["GET"]}}],"collection":[{"href":"https:\/\/brandss.com.py\/index\/wp-json\/wp\/v2\/product"}],"about":[{"href":"https:\/\/brandss.com.py\/index\/wp-json\/wp\/v2\/types\/product"}],"replies":[{"embeddable":true,"href":"https:\/\/brandss.com.py\/index\/wp-json\/wp\/v2\/comments?post=61029"}],"version-history":[{"count":1,"href":"https:\/\/brandss.com.py\/index\/wp-json\/wp\/v2\/product\/61029\/revisions"}],"predecessor-version":[{"id":61033,"href":"https:\/\/brandss.com.py\/index\/wp-json\/wp\/v2\/product\/61029\/revisions\/61033"}],"wp:featuredmedia":[{"embeddable":true,"href":"https:\/\/brandss.com.py\/index\/wp-json\/wp\/v2\/media\/61030"}],"wp:attachment":[{"href":"https:\/\/brandss.com.py\/index\/wp-json\/wp\/v2\/media?parent=61029"}],"wp:term":[{"taxonomy":"product_brand","embeddable":true,"href":"https:\/\/brandss.com.py\/index\/wp-json\/wp\/v2\/product_brand?post=61029"},{"taxonomy":"product_cat","embeddable":true,"href":"https:\/\/brandss.com.py\/index\/wp-json\/wp\/v2\/product_cat?post=61029"},{"taxonomy":"product_tag","embeddable":true,"href":"https:\/\/brandss.com.py\/index\/wp-json\/wp\/v2\/product_tag?post=61029"}],"curies":[{"name":"wp","href":"https:\/\/api.w.org\/{rel}","templated":true}]}}